{"id":5375,"date":"2024-06-18T22:44:25","date_gmt":"2024-06-18T22:44:25","guid":{"rendered":"https:\/\/couponcabs.com\/fr\/?page_id=5375"},"modified":"2024-09-09T13:39:08","modified_gmt":"2024-09-09T13:39:08","slug":"politique-de-confidentialite","status":"publish","type":"page","link":"https:\/\/couponcabs.com\/fr\/politique-de-confidentialite\/","title":{"rendered":"politique de confidentialit\u00e9"},"content":{"rendered":"\t\t<div data-elementor-type=\"wp-page\" data-elementor-id=\"5375\" class=\"elementor elementor-5375\" data-elementor-post-type=\"page\">\n\t\t\t\t<div class=\"elementor-element elementor-element-f61fc3e e-flex e-con-boxed e-con e-parent\" data-id=\"f61fc3e\" data-element_type=\"container\">\n\t\t\t\t\t<div class=\"e-con-inner\">\n\t\t<div class=\"elementor-element elementor-element-0fbc02d e-con-full e-flex e-con e-child\" data-id=\"0fbc02d\" data-element_type=\"container\" data-settings=\"{&quot;background_background&quot;:&quot;classic&quot;}\">\n\t\t\t\t<div class=\"elementor-element elementor-element-262b289 elementor-widget elementor-widget-heading\" data-id=\"262b289\" data-element_type=\"widget\" data-settings=\"{&quot;ekit_we_effect_on&quot;:&quot;none&quot;}\" data-widget_type=\"heading.default\">\n\t\t\t\t<div class=\"elementor-widget-container\">\n\t\t\t\t\t<h2 class=\"elementor-heading-title elementor-size-default\">\u00c0 propos de Couponcabs.com et comment nous obtenons des coupons<\/h2>\t\t\t\t<\/div>\n\t\t\t\t<\/div>\n\t\t\t\t<div class=\"elementor-element elementor-element-e2d08c8 elementor-widget-divider--view-line elementor-widget elementor-widget-divider\" data-id=\"e2d08c8\" data-element_type=\"widget\" data-settings=\"{&quot;ekit_we_effect_on&quot;:&quot;none&quot;}\" data-widget_type=\"divider.default\">\n\t\t\t\t<div class=\"elementor-widget-container\">\n\t\t\t\t\t\t\t<div class=\"elementor-divider\">\n\t\t\t<span class=\"elementor-divider-separator\">\n\t\t\t\t\t\t<\/span>\n\t\t<\/div>\n\t\t\t\t\t\t<\/div>\n\t\t\t\t<\/div>\n\t\t\t\t<div class=\"elementor-element elementor-element-89ee119 elementor-icon-list--layout-traditional elementor-list-item-link-full_width elementor-widget elementor-widget-icon-list\" data-id=\"89ee119\" data-element_type=\"widget\" data-settings=\"{&quot;ekit_we_effect_on&quot;:&quot;none&quot;}\" data-widget_type=\"icon-list.default\">\n\t\t\t\t<div class=\"elementor-widget-container\">\n\t\t\t\t\t\t\t<ul class=\"elementor-icon-list-items\">\n\t\t\t\t\t\t\t<li class=\"elementor-icon-list-item\">\n\t\t\t\t\t\t\t\t\t\t\t<a href=\"https:\/\/couponcabs.com\/fr\/notre-entreprise\/\">\n\n\t\t\t\t\t\t\t\t\t\t\t<span class=\"elementor-icon-list-text\">Notre entreprise<\/span>\n\t\t\t\t\t\t\t\t\t\t\t<\/a>\n\t\t\t\t\t\t\t\t\t<\/li>\n\t\t\t\t\t\t\t\t<li class=\"elementor-icon-list-item\">\n\t\t\t\t\t\t\t\t\t\t\t<a href=\"https:\/\/couponcabs.com\/fr\/carrieres\/\">\n\n\t\t\t\t\t\t\t\t\t\t\t<span class=\"elementor-icon-list-text\">Carri\u00e8res<\/span>\n\t\t\t\t\t\t\t\t\t\t\t<\/a>\n\t\t\t\t\t\t\t\t\t<\/li>\n\t\t\t\t\t\t<\/ul>\n\t\t\t\t\t\t<\/div>\n\t\t\t\t<\/div>\n\t\t\t\t<div class=\"elementor-element elementor-element-c38ea38 elementor-widget elementor-widget-heading\" data-id=\"c38ea38\" data-element_type=\"widget\" data-settings=\"{&quot;ekit_we_effect_on&quot;:&quot;none&quot;}\" data-widget_type=\"heading.default\">\n\t\t\t\t<div class=\"elementor-widget-container\">\n\t\t\t\t\t<h2 class=\"elementor-heading-title elementor-size-default\">Contactez nous<\/h2>\t\t\t\t<\/div>\n\t\t\t\t<\/div>\n\t\t\t\t<div class=\"elementor-element elementor-element-c3d2e01 elementor-widget-divider--view-line elementor-widget elementor-widget-divider\" data-id=\"c3d2e01\" data-element_type=\"widget\" data-settings=\"{&quot;ekit_we_effect_on&quot;:&quot;none&quot;}\" data-widget_type=\"divider.default\">\n\t\t\t\t<div class=\"elementor-widget-container\">\n\t\t\t\t\t\t\t<div class=\"elementor-divider\">\n\t\t\t<span class=\"elementor-divider-separator\">\n\t\t\t\t\t\t<\/span>\n\t\t<\/div>\n\t\t\t\t\t\t<\/div>\n\t\t\t\t<\/div>\n\t\t\t\t<div class=\"elementor-element elementor-element-735c2c9 elementor-icon-list--layout-traditional elementor-list-item-link-full_width elementor-widget elementor-widget-icon-list\" data-id=\"735c2c9\" data-element_type=\"widget\" data-settings=\"{&quot;ekit_we_effect_on&quot;:&quot;none&quot;}\" data-widget_type=\"icon-list.default\">\n\t\t\t\t<div class=\"elementor-widget-container\">\n\t\t\t\t\t\t\t<ul class=\"elementor-icon-list-items\">\n\t\t\t\t\t\t\t<li class=\"elementor-icon-list-item\">\n\t\t\t\t\t\t\t\t\t\t\t<a href=\"https:\/\/couponcabs.com\/fr\/faq\/\">\n\n\t\t\t\t\t\t\t\t\t\t\t<span class=\"elementor-icon-list-text\">FAQ<\/span>\n\t\t\t\t\t\t\t\t\t\t\t<\/a>\n\t\t\t\t\t\t\t\t\t<\/li>\n\t\t\t\t\t\t<\/ul>\n\t\t\t\t\t\t<\/div>\n\t\t\t\t<\/div>\n\t\t\t\t<div class=\"elementor-element elementor-element-32289e0 elementor-widget elementor-widget-heading\" data-id=\"32289e0\" data-element_type=\"widget\" data-settings=\"{&quot;ekit_we_effect_on&quot;:&quot;none&quot;}\" data-widget_type=\"heading.default\">\n\t\t\t\t<div class=\"elementor-widget-container\">\n\t\t\t\t\t<h2 class=\"elementor-heading-title elementor-size-default\">L\u00e9gal<\/h2>\t\t\t\t<\/div>\n\t\t\t\t<\/div>\n\t\t\t\t<div class=\"elementor-element elementor-element-9d72513 elementor-widget-divider--view-line elementor-widget elementor-widget-divider\" data-id=\"9d72513\" data-element_type=\"widget\" data-settings=\"{&quot;ekit_we_effect_on&quot;:&quot;none&quot;}\" data-widget_type=\"divider.default\">\n\t\t\t\t<div class=\"elementor-widget-container\">\n\t\t\t\t\t\t\t<div class=\"elementor-divider\">\n\t\t\t<span class=\"elementor-divider-separator\">\n\t\t\t\t\t\t<\/span>\n\t\t<\/div>\n\t\t\t\t\t\t<\/div>\n\t\t\t\t<\/div>\n\t\t\t\t<div class=\"elementor-element elementor-element-7f1e9a4 elementor-icon-list--layout-traditional elementor-list-item-link-full_width elementor-widget elementor-widget-icon-list\" data-id=\"7f1e9a4\" data-element_type=\"widget\" data-settings=\"{&quot;ekit_we_effect_on&quot;:&quot;none&quot;}\" data-widget_type=\"icon-list.default\">\n\t\t\t\t<div class=\"elementor-widget-container\">\n\t\t\t\t\t\t\t<ul class=\"elementor-icon-list-items\">\n\t\t\t\t\t\t\t<li class=\"elementor-icon-list-item\">\n\t\t\t\t\t\t\t\t\t\t\t<a href=\"https:\/\/couponcabs.com\/fr\/conditions-dutilisation\/\">\n\n\t\t\t\t\t\t\t\t\t\t\t<span class=\"elementor-icon-list-text\">Conditions d'utilisation<\/span>\n\t\t\t\t\t\t\t\t\t\t\t<\/a>\n\t\t\t\t\t\t\t\t\t<\/li>\n\t\t\t\t\t\t\t\t<li class=\"elementor-icon-list-item\">\n\t\t\t\t\t\t\t\t\t\t\t<a href=\"https:\/\/couponcabs.com\/fr\/politique-de-confidentialite\/\">\n\n\t\t\t\t\t\t\t\t\t\t\t<span class=\"elementor-icon-list-text\">politique de confidentialit\u00e9<\/span>\n\t\t\t\t\t\t\t\t\t\t\t<\/a>\n\t\t\t\t\t\t\t\t\t<\/li>\n\t\t\t\t\t\t<\/ul>\n\t\t\t\t\t\t<\/div>\n\t\t\t\t<\/div>\n\t\t\t\t<\/div>\n\t\t<div class=\"elementor-element elementor-element-8728731 e-con-full e-flex e-con e-child\" data-id=\"8728731\" data-element_type=\"container\" data-settings=\"{&quot;background_background&quot;:&quot;classic&quot;}\">\n\t\t\t\t<div class=\"elementor-element elementor-element-12c9560 elementor-widget elementor-widget-heading\" data-id=\"12c9560\" data-element_type=\"widget\" data-settings=\"{&quot;ekit_we_effect_on&quot;:&quot;none&quot;}\" data-widget_type=\"heading.default\">\n\t\t\t\t<div class=\"elementor-widget-container\">\n\t\t\t\t\t<h2 class=\"elementor-heading-title elementor-size-default\">politique de confidentialit\u00e9<\/h2>\t\t\t\t<\/div>\n\t\t\t\t<\/div>\n\t\t\t\t<div class=\"elementor-element elementor-element-cb56faa elementor-widget elementor-widget-text-editor\" data-id=\"cb56faa\" data-element_type=\"widget\" data-settings=\"{&quot;ekit_we_effect_on&quot;:&quot;none&quot;}\" data-widget_type=\"text-editor.default\">\n\t\t\t\t<div class=\"elementor-widget-container\">\n\t\t\t\t\t\t\t\t\t<p>Chez Couponcabs, accessible depuis https:\/\/couponcabs.com\/fr\/, l&#8217;une de nos principales priorit\u00e9s est la confidentialit\u00e9 de nos visiteurs. Ce document de politique de confidentialit\u00e9 contient des types d&#8217;informations collect\u00e9es et enregistr\u00e9es par Couponcabs et la mani\u00e8re dont nous les utilisons.<\/p><p>Si vous avez des questions suppl\u00e9mentaires ou avez besoin de plus d&#8217;informations sur notre politique de confidentialit\u00e9, n&#8217;h\u00e9sitez pas \u00e0 nous contacter.<\/p><p>Cette politique de confidentialit\u00e9 s&#8217;applique uniquement \u00e0 nos activit\u00e9s en ligne et est valable pour les visiteurs de notre site Web en ce qui concerne les informations qu&#8217;ils ont partag\u00e9es et\/ou collect\u00e9es dans Couponcabs. Cette politique ne s&#8217;applique pas aux informations collect\u00e9es hors ligne ou via des canaux autres que ce site Web.<\/p><h2>Consentement<\/h2><p>En utilisant notre site Web, vous consentez par la pr\u00e9sente \u00e0 notre politique de confidentialit\u00e9 et acceptez ses conditions.<\/p><h2 class=\"wp-block-heading\">Informations que nous collectons<\/h2><p>Les informations personnelles que vous \u00eates invit\u00e9 \u00e0 fournir, et les raisons pour lesquelles il vous est demand\u00e9 de les fournir, vous seront clairement indiqu\u00e9es au moment o\u00f9 nous vous demanderons de fournir vos informations personnelles.<\/p><p>Si vous nous contactez directement, nous pouvons recevoir des informations suppl\u00e9mentaires vous concernant, telles que votre nom, votre adresse e-mail, votre num\u00e9ro de t\u00e9l\u00e9phone, le contenu du message et\/ou des pi\u00e8ces jointes que vous pouvez nous envoyer, ainsi que toute autre information que vous pouvez choisir de fournir.<\/p><p>Lorsque vous cr\u00e9ez un compte, nous pouvons vous demander vos coordonn\u00e9es, y compris des \u00e9l\u00e9ments tels que votre nom, le nom de votre entreprise, votre adresse, votre adresse e-mail et votre num\u00e9ro de t\u00e9l\u00e9phone.<\/p><h2>Comment nous utilisons vos informations<\/h2><p>Nous utilisons les informations que nous collectons de diverses mani\u00e8res, notamment pour\u00a0:<\/p><ul><li>Fournir, exploiter et entretenir notre site Web<\/li><li>Am\u00e9liorer, personnaliser et d\u00e9velopper notre site Web<\/li><li>Comprendre et analyser la fa\u00e7on dont vous utilisez notre site Web<\/li><li>D\u00e9velopper de nouveaux produits, services, fonctionnalit\u00e9s et fonctionnalit\u00e9s<\/li><li>Communiquer avec vous, directement ou par l&#8217;interm\u00e9diaire de l&#8217;un de nos partenaires, notamment pour le service client, pour vous fournir des mises \u00e0 jour et autres informations relatives au site Internet, ainsi qu&#8217;\u00e0 des fins de marketing et de promotion.<\/li><li>Vous envoyer des e-mails<\/li><li>D\u00e9tecter et pr\u00e9venir la fraude<\/li><\/ul><h2>Fichiers journaux<\/h2><p>Couponcabs suit une proc\u00e9dure standard d&#8217;utilisation des fichiers journaux. Ces fichiers enregistrent les visiteurs lorsqu&#8217;ils visitent des sites Web. Toutes les soci\u00e9t\u00e9s d\u2019h\u00e9bergement le font ainsi qu\u2019une partie des analyses des services d\u2019h\u00e9bergement. Les informations collect\u00e9es par les fichiers journaux incluent les adresses de protocole Internet (IP), le type de navigateur, le fournisseur d&#8217;acc\u00e8s Internet (FAI), la date et l&#8217;heure, les pages de r\u00e9f\u00e9rence\/de sortie et \u00e9ventuellement le nombre de clics. Ceux-ci ne sont li\u00e9s \u00e0 aucune information personnellement identifiable. Le but de ces informations est d\u2019analyser les tendances, d\u2019administrer le site, de suivre les mouvements des utilisateurs sur le site Web et de recueillir des informations d\u00e9mographiques.<\/p><h2>Cookies et balises Web<\/h2><p>Comme tout autre site Web, Couponcabs utilise des \u00ab cookies \u00bb. Ces cookies sont utilis\u00e9s pour stocker des informations, notamment les pr\u00e9f\u00e9rences des visiteurs et les pages du site Web auxquelles le visiteur a acc\u00e9d\u00e9 ou visit\u00e9. Les informations sont utilis\u00e9es pour optimiser l\u2019exp\u00e9rience des utilisateurs en personnalisant le contenu de notre page Web en fonction du type de navigateur des visiteurs et\/ou d\u2019autres informations.<\/p><h2>Cookie Google DoubleClick DART<\/h2><p>Google est l&#8217;un des fournisseurs tiers de notre site. Il utilise \u00e9galement des cookies, appel\u00e9s cookies DART, pour diffuser des publicit\u00e9s aux visiteurs de notre site en fonction de leur visite sur www.website.com et d&#8217;autres sites Internet. Cependant, les visiteurs peuvent choisir de refuser l&#8217;utilisation des cookies DART en consultant la politique de confidentialit\u00e9 du r\u00e9seau publicitaire et de contenu de Google \u00e0 l&#8217;URL\u00a0 <a href=\"https:\/\/policies.google.com\/technologies\/ads\">https:\/\/policies.google.com\/technologies\/ads<\/a><\/p><h2>Nos partenaires publicitaires<\/h2><p>Certains annonceurs sur notre site peuvent utiliser des cookies et des balises Web. Nos partenaires publicitaires sont r\u00e9pertori\u00e9s ci-dessous. Chacun de nos partenaires publicitaires a sa propre politique de confidentialit\u00e9 pour ses politiques relatives aux donn\u00e9es des utilisateurs. Pour un acc\u00e8s plus facile, nous avons \u00e9tabli un lien hypertexte vers leurs politiques de confidentialit\u00e9 ci-dessous.<\/p><ul><li>Google\u00a0<a href=\"https:\/\/policies.google.com\/technologies\/ads\">https:\/\/policies.google.com\/technologies\/ads<\/a><\/li><\/ul><h2>Politiques de confidentialit\u00e9 des partenaires publicitaires<\/h2><p>Vous pouvez consulter cette liste pour trouver la politique de confidentialit\u00e9 de chacun des partenaires publicitaires de Couponcabs.<\/p><p>Les serveurs publicitaires ou r\u00e9seaux publicitaires tiers utilisent des technologies telles que les cookies, JavaScript ou les balises Web qui sont utilis\u00e9es dans leurs publicit\u00e9s respectives et les liens qui apparaissent sur Couponcabs, qui sont envoy\u00e9s directement au navigateur des utilisateurs. Ils re\u00e7oivent automatiquement votre adresse IP lorsque cela se produit. Ces technologies sont utilis\u00e9es pour mesurer l&#8217;efficacit\u00e9 de leurs campagnes publicitaires et\/ou pour personnaliser le contenu publicitaire que vous voyez sur les sites Web que vous visitez.<\/p><p>Notez que Couponcabs n&#8217;a aucun acc\u00e8s ni contr\u00f4le sur ces cookies qui sont utilis\u00e9s par des annonceurs tiers.<\/p><h2>Politiques de confidentialit\u00e9 des tiers<\/h2><p>La politique de confidentialit\u00e9 de Couponcabs ne s&#8217;applique pas aux autres annonceurs ou sites Web. Ainsi, nous vous conseillons de consulter les politiques de confidentialit\u00e9 respectives de ces serveurs publicitaires tiers pour des informations plus d\u00e9taill\u00e9es. Il peut inclure leurs pratiques et instructions sur la mani\u00e8re de se d\u00e9sinscrire de certaines options.<\/p><p>Vous pouvez choisir de d\u00e9sactiver les cookies via les options de votre navigateur individuel. Pour conna\u00eetre des informations plus d\u00e9taill\u00e9es sur la gestion des cookies avec des navigateurs Web sp\u00e9cifiques, elles sont disponibles sur les sites Web respectifs des navigateurs.<\/p><h2>Droits de confidentialit\u00e9 CCPA (Ne pas vendre mes informations personnelles)<\/h2><p>En vertu du CCPA, entre autres droits, les consommateurs californiens ont le droit de\u00a0:<\/p><p>Demander \u00e0 une entreprise qui collecte les donn\u00e9es personnelles d\u2019un consommateur de divulguer les cat\u00e9gories et les \u00e9l\u00e9ments sp\u00e9cifiques de donn\u00e9es personnelles qu\u2019une entreprise a collect\u00e9es sur les consommateurs.<\/p><p>Demander \u00e0 une entreprise de supprimer toutes les donn\u00e9es personnelles sur le consommateur qu&#8217;elle a collect\u00e9es.<\/p><p>Demander qu\u2019une entreprise qui vend les donn\u00e9es personnelles d\u2019un consommateur ne vende pas les donn\u00e9es personnelles du consommateur.<\/p><p>Si vous faites une demande, nous avons un mois pour vous r\u00e9pondre. Si vous souhaitez exercer l\u2019un de ces droits, veuillez nous contacter.<\/p><h2>Droits de protection des donn\u00e9es RGPD<\/h2><p>Nous souhaitons nous assurer que vous connaissez pleinement tous vos droits en mati\u00e8re de protection des donn\u00e9es. Chaque utilisateur a droit aux \u00e9l\u00e9ments suivants\u00a0:<\/p><p>Le droit d\u2019acc\u00e8s \u2013 Vous avez le droit de demander des copies de vos donn\u00e9es personnelles. Nous pouvons vous facturer une somme modique pour ce service.<\/p><p>Le droit de rectification \u2013 Vous avez le droit de demander que nous corrigions toute information que vous jugez inexacte. Vous avez \u00e9galement le droit de nous demander de compl\u00e9ter les informations que vous jugez incompl\u00e8tes.<\/p><p>Le droit \u00e0 l\u2019effacement \u2013 \u200b\u200bVous avez le droit de demander que nous supprimions vos donn\u00e9es personnelles, sous certaines conditions.<\/p><p>Le droit de limiter le traitement \u2013 \u200b\u200bVous avez le droit de demander que nous limitions le traitement de vos donn\u00e9es personnelles, sous certaines conditions.<\/p><p>Le droit de vous opposer au traitement \u2013 \u200b\u200bVous avez le droit de vous opposer au traitement de vos donn\u00e9es personnelles, sous certaines conditions.<\/p><p>Le droit \u00e0 la portabilit\u00e9 des donn\u00e9es \u2013 Vous avez le droit de demander que nous transf\u00e9rions les donn\u00e9es que nous avons collect\u00e9es \u00e0 une autre organisation, ou directement \u00e0 vous, sous certaines conditions.<\/p><p>Si vous faites une demande, nous avons un mois pour vous r\u00e9pondre. Si vous souhaitez exercer l\u2019un de ces droits, veuillez nous contacter.<\/p><h2>Informations pour les enfants<\/h2><p>Another part of our priority is adding protection for children while using the internet. We encourage parents and guardians to observe, participate in, and\/or monitor and guide their online activity.<\/p><p>Couponcabs does not knowingly collect any Personal Identifiable Information from children under the age of 13. If you think that your child provided this kind of information on our website, we strongly encourage you to contact us immediately and we will do our best efforts to promptly remove such information from our records.<\/p><h2>Modifications de cette politique de confidentialit\u00e9<\/h2><p>Nous pouvons mettre \u00e0 jour notre politique de confidentialit\u00e9 de temps \u00e0 autre. Ainsi, nous vous conseillons de consulter p\u00e9riodiquement cette page pour tout changement. Nous vous informerons de tout changement en publiant la nouvelle politique de confidentialit\u00e9 sur cette page. Ces modifications entrent en vigueur imm\u00e9diatement, apr\u00e8s leur publication sur cette page.<\/p><h2>Contactez-nous<\/h2><p>Si vous avez des questions ou des suggestions concernant notre politique de confidentialit\u00e9, n&#8217;h\u00e9sitez pas \u00e0 nous contacter.<\/p>\t\t\t\t\t\t\t\t<\/div>\n\t\t\t\t<\/div>\n\t\t\t\t<\/div>\n\t\t\t\t\t<\/div>\n\t\t\t\t<\/div>\n\t\t\t\t<\/div>\n\t\t","protected":false},"excerpt":{"rendered":"<p>\u00c0 propos de Couponcabs.com et comment nous obtenons des coupons Notre entreprise Carri\u00e8res Contactez nous FAQ L\u00e9gal Conditions d&#8217;utilisation politique de confidentialit\u00e9 politique de confidentialit\u00e9 Chez Couponcabs, accessible depuis https:\/\/couponcabs.com\/fr\/, l&#8217;une de nos principales priorit\u00e9s est la confidentialit\u00e9 de nos visiteurs. Ce document de politique de confidentialit\u00e9 contient des types d&#8217;informations collect\u00e9es et enregistr\u00e9es par [&hellip;]<\/p>\n","protected":false},"author":3,"featured_media":0,"parent":0,"menu_order":12,"comment_status":"closed","ping_status":"closed","template":"elementor_header_footer","meta":{"_acf_changed":false,"footnotes":""},"class_list":["post-5375","page","type-page","status-publish","hentry"],"acf":[],"yoast_head":"<!-- This site is optimized with the Yoast SEO plugin v26.3 - https:\/\/yoast.com\/wordpress\/plugins\/seo\/ -->\n<title>politique de confidentialit\u00e9 - Couponcabs<\/title>\n<meta name=\"description\" content=\"politique de confidentialit\u00e9 Couponcabs -\" \/>\n<meta name=\"robots\" content=\"index, follow, max-snippet:-1, max-image-preview:large, max-video-preview:-1\" \/>\n<link rel=\"canonical\" href=\"https:\/\/couponcabs.com\/fr\/politique-de-confidentialite\/\" \/>\n<meta property=\"og:locale\" content=\"en_US\" \/>\n<meta property=\"og:type\" content=\"article\" \/>\n<meta property=\"og:title\" content=\"politique de confidentialit\u00e9 - Couponcabs\" \/>\n<meta property=\"og:description\" content=\"politique de confidentialit\u00e9 Couponcabs -\" \/>\n<meta property=\"og:url\" content=\"https:\/\/couponcabs.com\/fr\/politique-de-confidentialite\/\" \/>\n<meta property=\"og:site_name\" content=\"Couponcabs\" \/>\n<meta property=\"article:modified_time\" content=\"2024-09-09T13:39:08+00:00\" \/>\n<meta name=\"twitter:card\" content=\"summary_large_image\" \/>\n<meta name=\"twitter:label1\" content=\"Est. reading time\" \/>\n\t<meta name=\"twitter:data1\" content=\"7 minutes\" \/>\n<script type=\"application\/ld+json\" class=\"yoast-schema-graph\">{\"@context\":\"https:\/\/schema.org\",\"@graph\":[{\"@type\":\"WebPage\",\"@id\":\"https:\/\/couponcabs.com\/fr\/politique-de-confidentialite\/\",\"url\":\"https:\/\/couponcabs.com\/fr\/politique-de-confidentialite\/\",\"name\":\"politique de confidentialit\u00e9 - Couponcabs\",\"isPartOf\":{\"@id\":\"https:\/\/couponcabs.com\/fr\/#website\"},\"datePublished\":\"2024-06-18T22:44:25+00:00\",\"dateModified\":\"2024-09-09T13:39:08+00:00\",\"description\":\"politique de confidentialit\u00e9 Couponcabs -\",\"breadcrumb\":{\"@id\":\"https:\/\/couponcabs.com\/fr\/politique-de-confidentialite\/#breadcrumb\"},\"inLanguage\":\"en-US\",\"potentialAction\":[{\"@type\":\"ReadAction\",\"target\":[\"https:\/\/couponcabs.com\/fr\/politique-de-confidentialite\/\"]}]},{\"@type\":\"BreadcrumbList\",\"@id\":\"https:\/\/couponcabs.com\/fr\/politique-de-confidentialite\/#breadcrumb\",\"itemListElement\":[{\"@type\":\"ListItem\",\"position\":1,\"name\":\"Home\",\"item\":\"https:\/\/couponcabs.com\/fr\/\"},{\"@type\":\"ListItem\",\"position\":2,\"name\":\"politique de confidentialit\u00e9\"}]},{\"@type\":\"WebSite\",\"@id\":\"https:\/\/couponcabs.com\/fr\/#website\",\"url\":\"https:\/\/couponcabs.com\/fr\/\",\"name\":\"Couponcabs\",\"description\":\"Shopping Done Right\",\"publisher\":{\"@id\":\"https:\/\/couponcabs.com\/fr\/#organization\"},\"potentialAction\":[{\"@type\":\"SearchAction\",\"target\":{\"@type\":\"EntryPoint\",\"urlTemplate\":\"https:\/\/couponcabs.com\/fr\/?s={search_term_string}\"},\"query-input\":{\"@type\":\"PropertyValueSpecification\",\"valueRequired\":true,\"valueName\":\"search_term_string\"}}],\"inLanguage\":\"en-US\"},{\"@type\":\"Organization\",\"@id\":\"https:\/\/couponcabs.com\/fr\/#organization\",\"name\":\"Couponcabs\",\"url\":\"https:\/\/couponcabs.com\/fr\/\",\"logo\":{\"@type\":\"ImageObject\",\"inLanguage\":\"en-US\",\"@id\":\"https:\/\/couponcabs.com\/fr\/#\/schema\/logo\/image\/\",\"url\":\"https:\/\/couponcabs.com\/fr\/wp-content\/uploads\/2023\/11\/main-logo.webp\",\"contentUrl\":\"https:\/\/couponcabs.com\/fr\/wp-content\/uploads\/2023\/11\/main-logo.webp\",\"width\":744,\"height\":307,\"caption\":\"Couponcabs\"},\"image\":{\"@id\":\"https:\/\/couponcabs.com\/fr\/#\/schema\/logo\/image\/\"}}]}<\/script>\n<!-- \/ Yoast SEO plugin. -->","yoast_head_json":{"title":"politique de confidentialit\u00e9 - Couponcabs","description":"politique de confidentialit\u00e9 Couponcabs -","robots":{"index":"index","follow":"follow","max-snippet":"max-snippet:-1","max-image-preview":"max-image-preview:large","max-video-preview":"max-video-preview:-1"},"canonical":"https:\/\/couponcabs.com\/fr\/politique-de-confidentialite\/","og_locale":"en_US","og_type":"article","og_title":"politique de confidentialit\u00e9 - Couponcabs","og_description":"politique de confidentialit\u00e9 Couponcabs -","og_url":"https:\/\/couponcabs.com\/fr\/politique-de-confidentialite\/","og_site_name":"Couponcabs","article_modified_time":"2024-09-09T13:39:08+00:00","twitter_card":"summary_large_image","twitter_misc":{"Est. reading time":"7 minutes"},"schema":{"@context":"https:\/\/schema.org","@graph":[{"@type":"WebPage","@id":"https:\/\/couponcabs.com\/fr\/politique-de-confidentialite\/","url":"https:\/\/couponcabs.com\/fr\/politique-de-confidentialite\/","name":"politique de confidentialit\u00e9 - Couponcabs","isPartOf":{"@id":"https:\/\/couponcabs.com\/fr\/#website"},"datePublished":"2024-06-18T22:44:25+00:00","dateModified":"2024-09-09T13:39:08+00:00","description":"politique de confidentialit\u00e9 Couponcabs -","breadcrumb":{"@id":"https:\/\/couponcabs.com\/fr\/politique-de-confidentialite\/#breadcrumb"},"inLanguage":"en-US","potentialAction":[{"@type":"ReadAction","target":["https:\/\/couponcabs.com\/fr\/politique-de-confidentialite\/"]}]},{"@type":"BreadcrumbList","@id":"https:\/\/couponcabs.com\/fr\/politique-de-confidentialite\/#breadcrumb","itemListElement":[{"@type":"ListItem","position":1,"name":"Home","item":"https:\/\/couponcabs.com\/fr\/"},{"@type":"ListItem","position":2,"name":"politique de confidentialit\u00e9"}]},{"@type":"WebSite","@id":"https:\/\/couponcabs.com\/fr\/#website","url":"https:\/\/couponcabs.com\/fr\/","name":"Couponcabs","description":"Shopping Done Right","publisher":{"@id":"https:\/\/couponcabs.com\/fr\/#organization"},"potentialAction":[{"@type":"SearchAction","target":{"@type":"EntryPoint","urlTemplate":"https:\/\/couponcabs.com\/fr\/?s={search_term_string}"},"query-input":{"@type":"PropertyValueSpecification","valueRequired":true,"valueName":"search_term_string"}}],"inLanguage":"en-US"},{"@type":"Organization","@id":"https:\/\/couponcabs.com\/fr\/#organization","name":"Couponcabs","url":"https:\/\/couponcabs.com\/fr\/","logo":{"@type":"ImageObject","inLanguage":"en-US","@id":"https:\/\/couponcabs.com\/fr\/#\/schema\/logo\/image\/","url":"https:\/\/couponcabs.com\/fr\/wp-content\/uploads\/2023\/11\/main-logo.webp","contentUrl":"https:\/\/couponcabs.com\/fr\/wp-content\/uploads\/2023\/11\/main-logo.webp","width":744,"height":307,"caption":"Couponcabs"},"image":{"@id":"https:\/\/couponcabs.com\/fr\/#\/schema\/logo\/image\/"}}]}},"_links":{"self":[{"href":"https:\/\/couponcabs.com\/fr\/wp-json\/wp\/v2\/pages\/5375","targetHints":{"allow":["GET"]}}],"collection":[{"href":"https:\/\/couponcabs.com\/fr\/wp-json\/wp\/v2\/pages"}],"about":[{"href":"https:\/\/couponcabs.com\/fr\/wp-json\/wp\/v2\/types\/page"}],"author":[{"embeddable":true,"href":"https:\/\/couponcabs.com\/fr\/wp-json\/wp\/v2\/users\/3"}],"replies":[{"embeddable":true,"href":"https:\/\/couponcabs.com\/fr\/wp-json\/wp\/v2\/comments?post=5375"}],"version-history":[{"count":19,"href":"https:\/\/couponcabs.com\/fr\/wp-json\/wp\/v2\/pages\/5375\/revisions"}],"predecessor-version":[{"id":12604,"href":"https:\/\/couponcabs.com\/fr\/wp-json\/wp\/v2\/pages\/5375\/revisions\/12604"}],"wp:attachment":[{"href":"https:\/\/couponcabs.com\/fr\/wp-json\/wp\/v2\/media?parent=5375"}],"curies":[{"name":"wp","href":"https:\/\/api.w.org\/{rel}","templated":true}]}}