{"id":2880,"date":"2024-06-05T22:36:01","date_gmt":"2024-06-05T22:36:01","guid":{"rendered":"https:\/\/couponcabs.com\/fr\/?page_id=2880"},"modified":"2024-09-09T13:29:36","modified_gmt":"2024-09-09T13:29:36","slug":"faq","status":"publish","type":"page","link":"https:\/\/couponcabs.com\/fr\/faq\/","title":{"rendered":"FAQ"},"content":{"rendered":"\t\t<div data-elementor-type=\"wp-page\" data-elementor-id=\"2880\" class=\"elementor elementor-2880\" data-elementor-post-type=\"page\">\n\t\t\t\t<div class=\"elementor-element elementor-element-0b1f4e2 e-flex e-con-boxed e-con e-parent\" data-id=\"0b1f4e2\" data-element_type=\"container\">\n\t\t\t\t\t<div class=\"e-con-inner\">\n\t\t<div class=\"elementor-element elementor-element-ad27131 e-con-full e-flex e-con e-child\" data-id=\"ad27131\" data-element_type=\"container\" data-settings=\"{&quot;background_background&quot;:&quot;classic&quot;}\">\n\t\t\t\t<div class=\"elementor-element elementor-element-a150f74 elementor-widget elementor-widget-heading\" data-id=\"a150f74\" data-element_type=\"widget\" data-settings=\"{&quot;ekit_we_effect_on&quot;:&quot;none&quot;}\" data-widget_type=\"heading.default\">\n\t\t\t\t<div class=\"elementor-widget-container\">\n\t\t\t\t\t<h2 class=\"elementor-heading-title elementor-size-default\">\u00c0 propos de Couponcabs.com et comment nous obtenons des coupons<\/h2>\t\t\t\t<\/div>\n\t\t\t\t<\/div>\n\t\t\t\t<div class=\"elementor-element elementor-element-88f06ee elementor-widget-divider--view-line elementor-widget elementor-widget-divider\" data-id=\"88f06ee\" data-element_type=\"widget\" data-settings=\"{&quot;ekit_we_effect_on&quot;:&quot;none&quot;}\" data-widget_type=\"divider.default\">\n\t\t\t\t<div class=\"elementor-widget-container\">\n\t\t\t\t\t\t\t<div class=\"elementor-divider\">\n\t\t\t<span class=\"elementor-divider-separator\">\n\t\t\t\t\t\t<\/span>\n\t\t<\/div>\n\t\t\t\t\t\t<\/div>\n\t\t\t\t<\/div>\n\t\t\t\t<div class=\"elementor-element elementor-element-c15c37c elementor-icon-list--layout-traditional elementor-list-item-link-full_width elementor-widget elementor-widget-icon-list\" data-id=\"c15c37c\" data-element_type=\"widget\" data-settings=\"{&quot;ekit_we_effect_on&quot;:&quot;none&quot;}\" data-widget_type=\"icon-list.default\">\n\t\t\t\t<div class=\"elementor-widget-container\">\n\t\t\t\t\t\t\t<ul class=\"elementor-icon-list-items\">\n\t\t\t\t\t\t\t<li class=\"elementor-icon-list-item\">\n\t\t\t\t\t\t\t\t\t\t\t<a href=\"https:\/\/couponcabs.com\/fr\/notre-entreprise\/\">\n\n\t\t\t\t\t\t\t\t\t\t\t<span class=\"elementor-icon-list-text\">Notre entreprise<\/span>\n\t\t\t\t\t\t\t\t\t\t\t<\/a>\n\t\t\t\t\t\t\t\t\t<\/li>\n\t\t\t\t\t\t\t\t<li class=\"elementor-icon-list-item\">\n\t\t\t\t\t\t\t\t\t\t\t<a href=\"https:\/\/couponcabs.com\/fr\/carrieres\/\">\n\n\t\t\t\t\t\t\t\t\t\t\t<span class=\"elementor-icon-list-text\">Carri\u00e8res<\/span>\n\t\t\t\t\t\t\t\t\t\t\t<\/a>\n\t\t\t\t\t\t\t\t\t<\/li>\n\t\t\t\t\t\t<\/ul>\n\t\t\t\t\t\t<\/div>\n\t\t\t\t<\/div>\n\t\t\t\t<div class=\"elementor-element elementor-element-2aa3856 elementor-widget elementor-widget-heading\" data-id=\"2aa3856\" data-element_type=\"widget\" data-settings=\"{&quot;ekit_we_effect_on&quot;:&quot;none&quot;}\" data-widget_type=\"heading.default\">\n\t\t\t\t<div class=\"elementor-widget-container\">\n\t\t\t\t\t<h2 class=\"elementor-heading-title elementor-size-default\">Contactez nous<\/h2>\t\t\t\t<\/div>\n\t\t\t\t<\/div>\n\t\t\t\t<div class=\"elementor-element elementor-element-34ff2f6 elementor-widget-divider--view-line elementor-widget elementor-widget-divider\" data-id=\"34ff2f6\" data-element_type=\"widget\" data-settings=\"{&quot;ekit_we_effect_on&quot;:&quot;none&quot;}\" data-widget_type=\"divider.default\">\n\t\t\t\t<div class=\"elementor-widget-container\">\n\t\t\t\t\t\t\t<div class=\"elementor-divider\">\n\t\t\t<span class=\"elementor-divider-separator\">\n\t\t\t\t\t\t<\/span>\n\t\t<\/div>\n\t\t\t\t\t\t<\/div>\n\t\t\t\t<\/div>\n\t\t\t\t<div class=\"elementor-element elementor-element-4eca3cb elementor-icon-list--layout-traditional elementor-list-item-link-full_width elementor-widget elementor-widget-icon-list\" data-id=\"4eca3cb\" data-element_type=\"widget\" data-settings=\"{&quot;ekit_we_effect_on&quot;:&quot;none&quot;}\" data-widget_type=\"icon-list.default\">\n\t\t\t\t<div class=\"elementor-widget-container\">\n\t\t\t\t\t\t\t<ul class=\"elementor-icon-list-items\">\n\t\t\t\t\t\t\t<li class=\"elementor-icon-list-item\">\n\t\t\t\t\t\t\t\t\t\t\t<a href=\"https:\/\/couponcabs.com\/fr\/faq\/\">\n\n\t\t\t\t\t\t\t\t\t\t\t<span class=\"elementor-icon-list-text\">FAQ<\/span>\n\t\t\t\t\t\t\t\t\t\t\t<\/a>\n\t\t\t\t\t\t\t\t\t<\/li>\n\t\t\t\t\t\t<\/ul>\n\t\t\t\t\t\t<\/div>\n\t\t\t\t<\/div>\n\t\t\t\t<div class=\"elementor-element elementor-element-5299105 elementor-widget elementor-widget-heading\" data-id=\"5299105\" data-element_type=\"widget\" data-settings=\"{&quot;ekit_we_effect_on&quot;:&quot;none&quot;}\" data-widget_type=\"heading.default\">\n\t\t\t\t<div class=\"elementor-widget-container\">\n\t\t\t\t\t<h2 class=\"elementor-heading-title elementor-size-default\">L\u00e9gal<\/h2>\t\t\t\t<\/div>\n\t\t\t\t<\/div>\n\t\t\t\t<div class=\"elementor-element elementor-element-614bd6f elementor-widget-divider--view-line elementor-widget elementor-widget-divider\" data-id=\"614bd6f\" data-element_type=\"widget\" data-settings=\"{&quot;ekit_we_effect_on&quot;:&quot;none&quot;}\" data-widget_type=\"divider.default\">\n\t\t\t\t<div class=\"elementor-widget-container\">\n\t\t\t\t\t\t\t<div class=\"elementor-divider\">\n\t\t\t<span class=\"elementor-divider-separator\">\n\t\t\t\t\t\t<\/span>\n\t\t<\/div>\n\t\t\t\t\t\t<\/div>\n\t\t\t\t<\/div>\n\t\t\t\t<div class=\"elementor-element elementor-element-5f509eb elementor-icon-list--layout-traditional elementor-list-item-link-full_width elementor-widget elementor-widget-icon-list\" data-id=\"5f509eb\" data-element_type=\"widget\" data-settings=\"{&quot;ekit_we_effect_on&quot;:&quot;none&quot;}\" data-widget_type=\"icon-list.default\">\n\t\t\t\t<div class=\"elementor-widget-container\">\n\t\t\t\t\t\t\t<ul class=\"elementor-icon-list-items\">\n\t\t\t\t\t\t\t<li class=\"elementor-icon-list-item\">\n\t\t\t\t\t\t\t\t\t\t\t<a href=\"https:\/\/couponcabs.com\/fr\/conditions-dutilisation\/\">\n\n\t\t\t\t\t\t\t\t\t\t\t<span class=\"elementor-icon-list-text\">Conditions d'utilisation<\/span>\n\t\t\t\t\t\t\t\t\t\t\t<\/a>\n\t\t\t\t\t\t\t\t\t<\/li>\n\t\t\t\t\t\t\t\t<li class=\"elementor-icon-list-item\">\n\t\t\t\t\t\t\t\t\t\t\t<a href=\"https:\/\/couponcabs.com\/fr\/politique-de-confidentialite\/\">\n\n\t\t\t\t\t\t\t\t\t\t\t<span class=\"elementor-icon-list-text\">politique de confidentialit\u00e9<\/span>\n\t\t\t\t\t\t\t\t\t\t\t<\/a>\n\t\t\t\t\t\t\t\t\t<\/li>\n\t\t\t\t\t\t<\/ul>\n\t\t\t\t\t\t<\/div>\n\t\t\t\t<\/div>\n\t\t\t\t<\/div>\n\t\t<div class=\"elementor-element elementor-element-e98e159 e-con-full e-flex e-con e-child\" data-id=\"e98e159\" data-element_type=\"container\" data-settings=\"{&quot;background_background&quot;:&quot;classic&quot;}\">\n\t\t\t\t<div class=\"elementor-element elementor-element-03c5bb5 elementor-widget elementor-widget-heading\" data-id=\"03c5bb5\" data-element_type=\"widget\" data-settings=\"{&quot;ekit_we_effect_on&quot;:&quot;none&quot;}\" data-widget_type=\"heading.default\">\n\t\t\t\t<div class=\"elementor-widget-container\">\n\t\t\t\t\t<h2 class=\"elementor-heading-title elementor-size-default\">FAQ\n<\/h2>\t\t\t\t<\/div>\n\t\t\t\t<\/div>\n\t\t\t\t<div class=\"elementor-element elementor-element-176ac9c elementor-widget elementor-widget-htmega-accordion-addons\" data-id=\"176ac9c\" data-element_type=\"widget\" data-settings=\"{&quot;ekit_we_effect_on&quot;:&quot;none&quot;}\" data-widget_type=\"htmega-accordion-addons.default\">\n\t\t\t\t<div class=\"elementor-widget-container\">\n\t\t\t\t\t<div class=\"accordion\" id=\"accordionExample176ac9c\">                            <div class=\"single_accourdion htmega-icon-align-right\">\n\n                                <div class=\"htmega-accourdion-title\">\n                                    <h2 data-toggle=\"htbcollapse\" data-target=\"#htmega-collapse1176ac9c\" class=\"htb-collapsed htmega-items-hedding\">Que signifie \"Obtenir une offre\"\u00a0? <span class=\"accourdion-icon close-accourdion\"><svg class=\"e-font-icon-svg e-fas-minus\" viewBox=\"0 0 448 512\" xmlns=\"http:\/\/www.w3.org\/2000\/svg\"><path d=\"M416 208H32c-17.67 0-32 14.33-32 32v32c0 17.67 14.33 32 32 32h384c17.67 0 32-14.33 32-32v-32c0-17.67-14.33-32-32-32z\"><\/path><\/svg><\/span><span class=\"accourdion-icon open-accourdion\"><svg class=\"e-font-icon-svg e-fas-plus\" viewBox=\"0 0 448 512\" xmlns=\"http:\/\/www.w3.org\/2000\/svg\"><path d=\"M416 208H272V64c0-17.67-14.33-32-32-32h-32c-17.67 0-32 14.33-32 32v144H32c-17.67 0-32 14.33-32 32v32c0 17.67 14.33 32 32 32h144v144c0 17.67 14.33 32 32 32h32c17.67 0 32-14.33 32-32V304h144c17.67 0 32-14.33 32-32v-32c0-17.67-14.33-32-32-32z\"><\/path><\/svg><\/span><\/h2>                                <\/div>\n\n                                <div id=\"htmega-collapse1176ac9c\" class=\"htb-collapse \" data-parent=\"#accordionExample176ac9c\" >\n                                    <div class=\"accordion-content\">\n                                        <p>Sur Couponcabs.com, certaines offres ne n\u00e9cessitent pas de code promotionnel pour d\u00e9bloquer des \u00e9conomies. Lorsque vous voyez une offre avec un bouton \"Obtenir une offre\", cela signifie que la r\u00e9duction est d\u00e9j\u00e0 appliqu\u00e9e aux prix affich\u00e9s sur le site Web du d\u00e9taillant. Aucune \u00e9tape suppl\u00e9mentaire n\u2019est n\u00e9cessaire \u00e0 la caisse. Cliquez simplement sur le bouton bleu \"Obtenir une offre\" sur Couponcabs.com et vous serez dirig\u00e9 vers le site du magasin o\u00f9 les prix r\u00e9duits sont pr\u00eats \u00e0 \u00eatre achet\u00e9s. C\u2019est un moyen simple d\u2019enregistrer sans avoir besoin de code.<\/p>                                    <\/div>\n                                <\/div>\n\n                            <\/div>\n\n                                                    <div class=\"single_accourdion htmega-icon-align-right\">\n\n                                <div class=\"htmega-accourdion-title\">\n                                    <h2 data-toggle=\"htbcollapse\" data-target=\"#htmega-collapse2176ac9c\" class=\"htb-collapsed htmega-items-hedding\">Que signifie \"Obtenir le code\" ? <span class=\"accourdion-icon close-accourdion\"><svg class=\"e-font-icon-svg e-fas-minus\" viewBox=\"0 0 448 512\" xmlns=\"http:\/\/www.w3.org\/2000\/svg\"><path d=\"M416 208H32c-17.67 0-32 14.33-32 32v32c0 17.67 14.33 32 32 32h384c17.67 0 32-14.33 32-32v-32c0-17.67-14.33-32-32-32z\"><\/path><\/svg><\/span><span class=\"accourdion-icon open-accourdion\"><svg class=\"e-font-icon-svg e-fas-plus\" viewBox=\"0 0 448 512\" xmlns=\"http:\/\/www.w3.org\/2000\/svg\"><path d=\"M416 208H272V64c0-17.67-14.33-32-32-32h-32c-17.67 0-32 14.33-32 32v144H32c-17.67 0-32 14.33-32 32v32c0 17.67 14.33 32 32 32h144v144c0 17.67 14.33 32 32 32h32c17.67 0 32-14.33 32-32V304h144c17.67 0 32-14.33 32-32v-32c0-17.67-14.33-32-32-32z\"><\/path><\/svg><\/span><\/h2>                                <\/div>\n\n                                <div id=\"htmega-collapse2176ac9c\" class=\"htb-collapse \" data-parent=\"#accordionExample176ac9c\" >\n                                    <div class=\"accordion-content\">\n                                        <p>Sur Couponcabs.com, lorsque vous voyez une offre avec un bouton \"Obtenir le code \", cela signifie que vous aurez besoin d'un code promotionnel pour d\u00e9bloquer les \u00e9conomies. Cliquez simplement sur le bouton bleu \"Obtenir le code \" et le code sera r\u00e9v\u00e9l\u00e9. Vous serez \u00e9galement dirig\u00e9 vers le site Web du d\u00e9taillant. Lors du paiement, entrez le code fourni dans la case du code promotionnel d\u00e9sign\u00e9 pour appliquer la r\u00e9duction. C'est un moyen simple de vous assurer que vous \u00e9conomisez le maximum sur votre achat.<\/p>                                    <\/div>\n                                <\/div>\n\n                            <\/div>\n\n                                                    <div class=\"single_accourdion htmega-icon-align-right\">\n\n                                <div class=\"htmega-accourdion-title\">\n                                    <h2 data-toggle=\"htbcollapse\" data-target=\"#htmega-collapse3176ac9c\" class=\"htb-collapsed htmega-items-hedding\">Combien facturez-vous pour utiliser Couponcabs.com\u00a0? <span class=\"accourdion-icon close-accourdion\"><svg class=\"e-font-icon-svg e-fas-minus\" viewBox=\"0 0 448 512\" xmlns=\"http:\/\/www.w3.org\/2000\/svg\"><path d=\"M416 208H32c-17.67 0-32 14.33-32 32v32c0 17.67 14.33 32 32 32h384c17.67 0 32-14.33 32-32v-32c0-17.67-14.33-32-32-32z\"><\/path><\/svg><\/span><span class=\"accourdion-icon open-accourdion\"><svg class=\"e-font-icon-svg e-fas-plus\" viewBox=\"0 0 448 512\" xmlns=\"http:\/\/www.w3.org\/2000\/svg\"><path d=\"M416 208H272V64c0-17.67-14.33-32-32-32h-32c-17.67 0-32 14.33-32 32v144H32c-17.67 0-32 14.33-32 32v32c0 17.67 14.33 32 32 32h144v144c0 17.67 14.33 32 32 32h32c17.67 0 32-14.33 32-32V304h144c17.67 0 32-14.33 32-32v-32c0-17.67-14.33-32-32-32z\"><\/path><\/svg><\/span><\/h2>                                <\/div>\n\n                                <div id=\"htmega-collapse3176ac9c\" class=\"htb-collapse \" data-parent=\"#accordionExample176ac9c\" >\n                                    <div class=\"accordion-content\">\n                                        <p>Couponcabs.com est enti\u00e8rement gratuit. Nous ne collectons aucun d\u00e9tail de compte bancaire, aucune information de carte de cr\u00e9dit ou aucune forme de paiement aupr\u00e8s de nos utilisateurs ou membres. Votre confidentialit\u00e9 et votre s\u00e9curit\u00e9 sont nos priorit\u00e9s absolues, afin que vous puissiez profiter de notre service en toute tranquillit\u00e9 d'esprit.<\/p>                                    <\/div>\n                                <\/div>\n\n                            <\/div>\n\n                                                    <div class=\"single_accourdion htmega-icon-align-right\">\n\n                                <div class=\"htmega-accourdion-title\">\n                                    <h2 data-toggle=\"htbcollapse\" data-target=\"#htmega-collapse4176ac9c\" class=\"htb-collapsed htmega-items-hedding\">Je suis confus. Comment fonctionne Couponcabs.com exactement ? <span class=\"accourdion-icon close-accourdion\"><svg class=\"e-font-icon-svg e-fas-minus\" viewBox=\"0 0 448 512\" xmlns=\"http:\/\/www.w3.org\/2000\/svg\"><path d=\"M416 208H32c-17.67 0-32 14.33-32 32v32c0 17.67 14.33 32 32 32h384c17.67 0 32-14.33 32-32v-32c0-17.67-14.33-32-32-32z\"><\/path><\/svg><\/span><span class=\"accourdion-icon open-accourdion\"><svg class=\"e-font-icon-svg e-fas-plus\" viewBox=\"0 0 448 512\" xmlns=\"http:\/\/www.w3.org\/2000\/svg\"><path d=\"M416 208H272V64c0-17.67-14.33-32-32-32h-32c-17.67 0-32 14.33-32 32v144H32c-17.67 0-32 14.33-32 32v32c0 17.67 14.33 32 32 32h144v144c0 17.67 14.33 32 32 32h32c17.67 0 32-14.33 32-32V304h144c17.67 0 32-14.33 32-32v-32c0-17.67-14.33-32-32-32z\"><\/path><\/svg><\/span><\/h2>                                <\/div>\n\n                                <div id=\"htmega-collapse4176ac9c\" class=\"htb-collapse \" data-parent=\"#accordionExample176ac9c\" >\n                                    <div class=\"accordion-content\">\n                                        <p>Chez Couponcabs.com, nous rassemblons les codes de r\u00e9duction, les notifications de vente et d'autres offres en un seul endroit pratique. En parcourant notre site, vous tomberez sur trois principaux types d'offres :<\/p><p>1. Obtenez le code \u2013 Ces offres n\u00e9cessitent un code promo pour d\u00e9bloquer les \u00e9conomies. Cliquez simplement sur le bouton \u00ab\u00a0Obtenir le code\u00a0\u00bb et une fen\u00eatre contextuelle appara\u00eetra sur votre \u00e9cran avec le code. Lorsque vous \u00eates pr\u00eat \u00e0 payer, copiez simplement le code de la fen\u00eatre contextuelle et collez-le dans la zone du coupon ou du code promotionnel sur le site Web du d\u00e9taillant.<\/p><p>2. Obtenez une offre \u2013 Les offres avec un bouton \u00ab Obtenir une offre \u00bb n'ont pas besoin d'un code promo pour profiter des \u00e9conomies. Ces offres sont d\u00e9j\u00e0 refl\u00e9t\u00e9es dans les prix du magasin, donc aucune remise suppl\u00e9mentaire ne sera appliqu\u00e9e au moment du paiement. Cliquez simplement sur le bouton \u00ab\u00a0Obtenir une offre\u00a0\u00bb et vous serez dirig\u00e9 vers le site du d\u00e9taillant pour commencer vos achats.<\/p>                                    <\/div>\n                                <\/div>\n\n                            <\/div>\n\n                        <\/div>\t\t\t\t<\/div>\n\t\t\t\t<\/div>\n\t\t\t\t<\/div>\n\t\t\t\t\t<\/div>\n\t\t\t\t<\/div>\n\t\t\t\t<\/div>\n\t\t","protected":false},"excerpt":{"rendered":"<p>\u00c0 propos de Couponcabs.com et comment nous obtenons des coupons Notre entreprise Carri\u00e8res Contactez nous FAQ L\u00e9gal Conditions d&#8217;utilisation politique de confidentialit\u00e9 FAQ Que signifie &#8220;Obtenir une offre&#8221;\u00a0? Sur Couponcabs.com, certaines offres ne n\u00e9cessitent pas de code promotionnel pour d\u00e9bloquer des \u00e9conomies. Lorsque vous voyez une offre avec un bouton &#8220;Obtenir une offre&#8221;, cela signifie [&hellip;]<\/p>\n","protected":false},"author":3,"featured_media":0,"parent":0,"menu_order":8,"comment_status":"closed","ping_status":"closed","template":"elementor_header_footer","meta":{"_acf_changed":false,"footnotes":""},"class_list":["post-2880","page","type-page","status-publish","hentry"],"acf":[],"yoast_head":"<!-- This site is optimized with the Yoast SEO plugin v26.3 - https:\/\/yoast.com\/wordpress\/plugins\/seo\/ -->\n<title>FAQ - Couponcabs<\/title>\n<meta name=\"description\" content=\"FAQ Couponcabs -\" \/>\n<meta name=\"robots\" content=\"index, follow, max-snippet:-1, max-image-preview:large, max-video-preview:-1\" \/>\n<link rel=\"canonical\" href=\"https:\/\/couponcabs.com\/fr\/faq\/\" \/>\n<meta property=\"og:locale\" content=\"en_US\" \/>\n<meta property=\"og:type\" content=\"article\" \/>\n<meta property=\"og:title\" content=\"FAQ - Couponcabs\" \/>\n<meta property=\"og:description\" content=\"FAQ Couponcabs -\" \/>\n<meta property=\"og:url\" content=\"https:\/\/couponcabs.com\/fr\/faq\/\" \/>\n<meta property=\"og:site_name\" content=\"Couponcabs\" \/>\n<meta property=\"article:modified_time\" content=\"2024-09-09T13:29:36+00:00\" \/>\n<meta name=\"twitter:card\" content=\"summary_large_image\" \/>\n<meta name=\"twitter:label1\" content=\"Est. reading time\" \/>\n\t<meta name=\"twitter:data1\" content=\"2 minutes\" \/>\n<script type=\"application\/ld+json\" class=\"yoast-schema-graph\">{\"@context\":\"https:\/\/schema.org\",\"@graph\":[{\"@type\":\"WebPage\",\"@id\":\"https:\/\/couponcabs.com\/fr\/faq\/\",\"url\":\"https:\/\/couponcabs.com\/fr\/faq\/\",\"name\":\"FAQ - Couponcabs\",\"isPartOf\":{\"@id\":\"https:\/\/couponcabs.com\/fr\/#website\"},\"datePublished\":\"2024-06-05T22:36:01+00:00\",\"dateModified\":\"2024-09-09T13:29:36+00:00\",\"description\":\"FAQ Couponcabs -\",\"breadcrumb\":{\"@id\":\"https:\/\/couponcabs.com\/fr\/faq\/#breadcrumb\"},\"inLanguage\":\"en-US\",\"potentialAction\":[{\"@type\":\"ReadAction\",\"target\":[\"https:\/\/couponcabs.com\/fr\/faq\/\"]}]},{\"@type\":\"BreadcrumbList\",\"@id\":\"https:\/\/couponcabs.com\/fr\/faq\/#breadcrumb\",\"itemListElement\":[{\"@type\":\"ListItem\",\"position\":1,\"name\":\"Home\",\"item\":\"https:\/\/couponcabs.com\/fr\/\"},{\"@type\":\"ListItem\",\"position\":2,\"name\":\"FAQ\"}]},{\"@type\":\"WebSite\",\"@id\":\"https:\/\/couponcabs.com\/fr\/#website\",\"url\":\"https:\/\/couponcabs.com\/fr\/\",\"name\":\"Couponcabs\",\"description\":\"Shopping Done Right\",\"publisher\":{\"@id\":\"https:\/\/couponcabs.com\/fr\/#organization\"},\"potentialAction\":[{\"@type\":\"SearchAction\",\"target\":{\"@type\":\"EntryPoint\",\"urlTemplate\":\"https:\/\/couponcabs.com\/fr\/?s={search_term_string}\"},\"query-input\":{\"@type\":\"PropertyValueSpecification\",\"valueRequired\":true,\"valueName\":\"search_term_string\"}}],\"inLanguage\":\"en-US\"},{\"@type\":\"Organization\",\"@id\":\"https:\/\/couponcabs.com\/fr\/#organization\",\"name\":\"Couponcabs\",\"url\":\"https:\/\/couponcabs.com\/fr\/\",\"logo\":{\"@type\":\"ImageObject\",\"inLanguage\":\"en-US\",\"@id\":\"https:\/\/couponcabs.com\/fr\/#\/schema\/logo\/image\/\",\"url\":\"https:\/\/couponcabs.com\/fr\/wp-content\/uploads\/2023\/11\/main-logo.webp\",\"contentUrl\":\"https:\/\/couponcabs.com\/fr\/wp-content\/uploads\/2023\/11\/main-logo.webp\",\"width\":744,\"height\":307,\"caption\":\"Couponcabs\"},\"image\":{\"@id\":\"https:\/\/couponcabs.com\/fr\/#\/schema\/logo\/image\/\"}}]}<\/script>\n<!-- \/ Yoast SEO plugin. -->","yoast_head_json":{"title":"FAQ - Couponcabs","description":"FAQ Couponcabs -","robots":{"index":"index","follow":"follow","max-snippet":"max-snippet:-1","max-image-preview":"max-image-preview:large","max-video-preview":"max-video-preview:-1"},"canonical":"https:\/\/couponcabs.com\/fr\/faq\/","og_locale":"en_US","og_type":"article","og_title":"FAQ - Couponcabs","og_description":"FAQ Couponcabs -","og_url":"https:\/\/couponcabs.com\/fr\/faq\/","og_site_name":"Couponcabs","article_modified_time":"2024-09-09T13:29:36+00:00","twitter_card":"summary_large_image","twitter_misc":{"Est. reading time":"2 minutes"},"schema":{"@context":"https:\/\/schema.org","@graph":[{"@type":"WebPage","@id":"https:\/\/couponcabs.com\/fr\/faq\/","url":"https:\/\/couponcabs.com\/fr\/faq\/","name":"FAQ - Couponcabs","isPartOf":{"@id":"https:\/\/couponcabs.com\/fr\/#website"},"datePublished":"2024-06-05T22:36:01+00:00","dateModified":"2024-09-09T13:29:36+00:00","description":"FAQ Couponcabs -","breadcrumb":{"@id":"https:\/\/couponcabs.com\/fr\/faq\/#breadcrumb"},"inLanguage":"en-US","potentialAction":[{"@type":"ReadAction","target":["https:\/\/couponcabs.com\/fr\/faq\/"]}]},{"@type":"BreadcrumbList","@id":"https:\/\/couponcabs.com\/fr\/faq\/#breadcrumb","itemListElement":[{"@type":"ListItem","position":1,"name":"Home","item":"https:\/\/couponcabs.com\/fr\/"},{"@type":"ListItem","position":2,"name":"FAQ"}]},{"@type":"WebSite","@id":"https:\/\/couponcabs.com\/fr\/#website","url":"https:\/\/couponcabs.com\/fr\/","name":"Couponcabs","description":"Shopping Done Right","publisher":{"@id":"https:\/\/couponcabs.com\/fr\/#organization"},"potentialAction":[{"@type":"SearchAction","target":{"@type":"EntryPoint","urlTemplate":"https:\/\/couponcabs.com\/fr\/?s={search_term_string}"},"query-input":{"@type":"PropertyValueSpecification","valueRequired":true,"valueName":"search_term_string"}}],"inLanguage":"en-US"},{"@type":"Organization","@id":"https:\/\/couponcabs.com\/fr\/#organization","name":"Couponcabs","url":"https:\/\/couponcabs.com\/fr\/","logo":{"@type":"ImageObject","inLanguage":"en-US","@id":"https:\/\/couponcabs.com\/fr\/#\/schema\/logo\/image\/","url":"https:\/\/couponcabs.com\/fr\/wp-content\/uploads\/2023\/11\/main-logo.webp","contentUrl":"https:\/\/couponcabs.com\/fr\/wp-content\/uploads\/2023\/11\/main-logo.webp","width":744,"height":307,"caption":"Couponcabs"},"image":{"@id":"https:\/\/couponcabs.com\/fr\/#\/schema\/logo\/image\/"}}]}},"_links":{"self":[{"href":"https:\/\/couponcabs.com\/fr\/wp-json\/wp\/v2\/pages\/2880","targetHints":{"allow":["GET"]}}],"collection":[{"href":"https:\/\/couponcabs.com\/fr\/wp-json\/wp\/v2\/pages"}],"about":[{"href":"https:\/\/couponcabs.com\/fr\/wp-json\/wp\/v2\/types\/page"}],"author":[{"embeddable":true,"href":"https:\/\/couponcabs.com\/fr\/wp-json\/wp\/v2\/users\/3"}],"replies":[{"embeddable":true,"href":"https:\/\/couponcabs.com\/fr\/wp-json\/wp\/v2\/comments?post=2880"}],"version-history":[{"count":34,"href":"https:\/\/couponcabs.com\/fr\/wp-json\/wp\/v2\/pages\/2880\/revisions"}],"predecessor-version":[{"id":12595,"href":"https:\/\/couponcabs.com\/fr\/wp-json\/wp\/v2\/pages\/2880\/revisions\/12595"}],"wp:attachment":[{"href":"https:\/\/couponcabs.com\/fr\/wp-json\/wp\/v2\/media?parent=2880"}],"curies":[{"name":"wp","href":"https:\/\/api.w.org\/{rel}","templated":true}]}}