{"id":193,"date":"2021-07-03T12:11:12","date_gmt":"2021-07-03T12:11:12","guid":{"rendered":"https:\/\/demo.couponthemes.net\/savings-pro\/?page_id=193"},"modified":"2024-09-09T13:02:36","modified_gmt":"2024-09-09T13:02:36","slug":"a-propos-de-nous","status":"publish","type":"page","link":"https:\/\/couponcabs.com\/fr\/a-propos-de-nous\/","title":{"rendered":"\u00c0 propos de nous"},"content":{"rendered":"\t\t<div data-elementor-type=\"wp-page\" data-elementor-id=\"193\" class=\"elementor elementor-193\" data-elementor-post-type=\"page\">\n\t\t\t\t<div class=\"elementor-element elementor-element-01c9459 e-flex e-con-boxed e-con e-parent\" data-id=\"01c9459\" data-element_type=\"container\">\n\t\t\t\t\t<div class=\"e-con-inner\">\n\t\t<div class=\"elementor-element elementor-element-81920bb e-con-full e-flex e-con e-child\" data-id=\"81920bb\" data-element_type=\"container\" data-settings=\"{&quot;background_background&quot;:&quot;classic&quot;}\">\n\t\t\t\t<div class=\"elementor-element elementor-element-d3fd5aa elementor-widget elementor-widget-heading\" data-id=\"d3fd5aa\" data-element_type=\"widget\" data-settings=\"{&quot;ekit_we_effect_on&quot;:&quot;none&quot;}\" data-widget_type=\"heading.default\">\n\t\t\t\t<div class=\"elementor-widget-container\">\n\t\t\t\t\t<h2 class=\"elementor-heading-title elementor-size-default\">\u00c0 propos de Couponcabs.com et comment nous obtenons des coupons<\/h2>\t\t\t\t<\/div>\n\t\t\t\t<\/div>\n\t\t\t\t<div class=\"elementor-element elementor-element-98d6739 elementor-widget-divider--view-line elementor-widget elementor-widget-divider\" data-id=\"98d6739\" data-element_type=\"widget\" data-settings=\"{&quot;ekit_we_effect_on&quot;:&quot;none&quot;}\" data-widget_type=\"divider.default\">\n\t\t\t\t<div class=\"elementor-widget-container\">\n\t\t\t\t\t\t\t<div class=\"elementor-divider\">\n\t\t\t<span class=\"elementor-divider-separator\">\n\t\t\t\t\t\t<\/span>\n\t\t<\/div>\n\t\t\t\t\t\t<\/div>\n\t\t\t\t<\/div>\n\t\t\t\t<div class=\"elementor-element elementor-element-85c6bd9 elementor-icon-list--layout-traditional elementor-list-item-link-full_width elementor-widget elementor-widget-icon-list\" data-id=\"85c6bd9\" data-element_type=\"widget\" data-settings=\"{&quot;ekit_we_effect_on&quot;:&quot;none&quot;}\" data-widget_type=\"icon-list.default\">\n\t\t\t\t<div class=\"elementor-widget-container\">\n\t\t\t\t\t\t\t<ul class=\"elementor-icon-list-items\">\n\t\t\t\t\t\t\t<li class=\"elementor-icon-list-item\">\n\t\t\t\t\t\t\t\t\t\t\t<a href=\"https:\/\/couponcabs.com\/fr\/notre-entreprise\/\">\n\n\t\t\t\t\t\t\t\t\t\t\t<span class=\"elementor-icon-list-text\">Notre entreprise<\/span>\n\t\t\t\t\t\t\t\t\t\t\t<\/a>\n\t\t\t\t\t\t\t\t\t<\/li>\n\t\t\t\t\t\t\t\t<li class=\"elementor-icon-list-item\">\n\t\t\t\t\t\t\t\t\t\t\t<a href=\"https:\/\/couponcabs.com\/fr\/carrieres\/\">\n\n\t\t\t\t\t\t\t\t\t\t\t<span class=\"elementor-icon-list-text\">Carri\u00e8res<\/span>\n\t\t\t\t\t\t\t\t\t\t\t<\/a>\n\t\t\t\t\t\t\t\t\t<\/li>\n\t\t\t\t\t\t<\/ul>\n\t\t\t\t\t\t<\/div>\n\t\t\t\t<\/div>\n\t\t\t\t<div class=\"elementor-element elementor-element-eb1c45e elementor-widget elementor-widget-heading\" data-id=\"eb1c45e\" data-element_type=\"widget\" data-settings=\"{&quot;ekit_we_effect_on&quot;:&quot;none&quot;}\" data-widget_type=\"heading.default\">\n\t\t\t\t<div class=\"elementor-widget-container\">\n\t\t\t\t\t<h2 class=\"elementor-heading-title elementor-size-default\">Contactez nous<\/h2>\t\t\t\t<\/div>\n\t\t\t\t<\/div>\n\t\t\t\t<div class=\"elementor-element elementor-element-478cba5 elementor-widget-divider--view-line elementor-widget elementor-widget-divider\" data-id=\"478cba5\" data-element_type=\"widget\" data-settings=\"{&quot;ekit_we_effect_on&quot;:&quot;none&quot;}\" data-widget_type=\"divider.default\">\n\t\t\t\t<div class=\"elementor-widget-container\">\n\t\t\t\t\t\t\t<div class=\"elementor-divider\">\n\t\t\t<span class=\"elementor-divider-separator\">\n\t\t\t\t\t\t<\/span>\n\t\t<\/div>\n\t\t\t\t\t\t<\/div>\n\t\t\t\t<\/div>\n\t\t\t\t<div class=\"elementor-element elementor-element-06cb375 elementor-icon-list--layout-traditional elementor-list-item-link-full_width elementor-widget elementor-widget-icon-list\" data-id=\"06cb375\" data-element_type=\"widget\" data-settings=\"{&quot;ekit_we_effect_on&quot;:&quot;none&quot;}\" data-widget_type=\"icon-list.default\">\n\t\t\t\t<div class=\"elementor-widget-container\">\n\t\t\t\t\t\t\t<ul class=\"elementor-icon-list-items\">\n\t\t\t\t\t\t\t<li class=\"elementor-icon-list-item\">\n\t\t\t\t\t\t\t\t\t\t\t<a href=\"https:\/\/couponcabs.com\/fr\/faq\/\">\n\n\t\t\t\t\t\t\t\t\t\t\t<span class=\"elementor-icon-list-text\">FAQ<\/span>\n\t\t\t\t\t\t\t\t\t\t\t<\/a>\n\t\t\t\t\t\t\t\t\t<\/li>\n\t\t\t\t\t\t<\/ul>\n\t\t\t\t\t\t<\/div>\n\t\t\t\t<\/div>\n\t\t\t\t<div class=\"elementor-element elementor-element-8a77899 elementor-widget elementor-widget-heading\" data-id=\"8a77899\" data-element_type=\"widget\" data-settings=\"{&quot;ekit_we_effect_on&quot;:&quot;none&quot;}\" data-widget_type=\"heading.default\">\n\t\t\t\t<div class=\"elementor-widget-container\">\n\t\t\t\t\t<h2 class=\"elementor-heading-title elementor-size-default\">L\u00e9gal<\/h2>\t\t\t\t<\/div>\n\t\t\t\t<\/div>\n\t\t\t\t<div class=\"elementor-element elementor-element-cccddc8 elementor-widget-divider--view-line elementor-widget elementor-widget-divider\" data-id=\"cccddc8\" data-element_type=\"widget\" data-settings=\"{&quot;ekit_we_effect_on&quot;:&quot;none&quot;}\" data-widget_type=\"divider.default\">\n\t\t\t\t<div class=\"elementor-widget-container\">\n\t\t\t\t\t\t\t<div class=\"elementor-divider\">\n\t\t\t<span class=\"elementor-divider-separator\">\n\t\t\t\t\t\t<\/span>\n\t\t<\/div>\n\t\t\t\t\t\t<\/div>\n\t\t\t\t<\/div>\n\t\t\t\t<div class=\"elementor-element elementor-element-a5dd93c elementor-icon-list--layout-traditional elementor-list-item-link-full_width elementor-widget elementor-widget-icon-list\" data-id=\"a5dd93c\" data-element_type=\"widget\" data-settings=\"{&quot;ekit_we_effect_on&quot;:&quot;none&quot;}\" data-widget_type=\"icon-list.default\">\n\t\t\t\t<div class=\"elementor-widget-container\">\n\t\t\t\t\t\t\t<ul class=\"elementor-icon-list-items\">\n\t\t\t\t\t\t\t<li class=\"elementor-icon-list-item\">\n\t\t\t\t\t\t\t\t\t\t\t<a href=\"https:\/\/couponcabs.com\/fr\/conditions-dutilisation\/\">\n\n\t\t\t\t\t\t\t\t\t\t\t<span class=\"elementor-icon-list-text\">Conditions d'utilisation<\/span>\n\t\t\t\t\t\t\t\t\t\t\t<\/a>\n\t\t\t\t\t\t\t\t\t<\/li>\n\t\t\t\t\t\t\t\t<li class=\"elementor-icon-list-item\">\n\t\t\t\t\t\t\t\t\t\t\t<a href=\"https:\/\/couponcabs.com\/fr\/politique-de-confidentialite\/\">\n\n\t\t\t\t\t\t\t\t\t\t\t<span class=\"elementor-icon-list-text\">politique de confidentialit\u00e9<\/span>\n\t\t\t\t\t\t\t\t\t\t\t<\/a>\n\t\t\t\t\t\t\t\t\t<\/li>\n\t\t\t\t\t\t<\/ul>\n\t\t\t\t\t\t<\/div>\n\t\t\t\t<\/div>\n\t\t\t\t<\/div>\n\t\t<div class=\"elementor-element elementor-element-8a6531c e-con-full e-flex e-con e-child\" data-id=\"8a6531c\" data-element_type=\"container\" data-settings=\"{&quot;background_background&quot;:&quot;classic&quot;}\">\n\t\t\t\t<div class=\"elementor-element elementor-element-df9cc3e elementor-widget elementor-widget-heading\" data-id=\"df9cc3e\" data-element_type=\"widget\" data-settings=\"{&quot;ekit_we_effect_on&quot;:&quot;none&quot;}\" data-widget_type=\"heading.default\">\n\t\t\t\t<div class=\"elementor-widget-container\">\n\t\t\t\t\t<h2 class=\"elementor-heading-title elementor-size-default\">\u00c0 propos de nous<\/h2>\t\t\t\t<\/div>\n\t\t\t\t<\/div>\n\t\t\t\t<div class=\"elementor-element elementor-element-b79fc7c elementor-widget elementor-widget-text-editor\" data-id=\"b79fc7c\" data-element_type=\"widget\" data-settings=\"{&quot;ekit_we_effect_on&quot;:&quot;none&quot;}\" data-widget_type=\"text-editor.default\">\n\t\t\t\t<div class=\"elementor-widget-container\">\n\t\t\t\t\t\t\t\t\t<p><strong>Notre mission<\/strong><\/p>\n<p>Chez Couponcabs.com, notre objectif est de rendre les achats plus abordables pour tous. Depuis 2007, nous nous engageons \u00e0 aider les gens \u00e0 \u00e9conomiser de l&#8217;argent sur leurs achats, en ligne et en magasin. Cet engagement \u00e0 garantir les meilleures offres et \u00e9conomies \u00e0 nos utilisateurs reste inchang\u00e9.<\/p>\n<p>Avec des partenariats avec plus de 5 000 d\u00e9taillants et restaurants, notre \u00e9quipe bas\u00e9e \u00e0 Londres recherche et propose sans rel\u00e2che des offres exclusives via notre site Web. Nous pensons qu&#8217;\u00e9conomiser de l&#8217;argent devrait se faire sans effort, et c&#8217;est ce qui nous motive chaque jour.<\/p>\n<p><b>Notre histoire<\/b><\/p>\n<p>Fond\u00e9 en 2007, Couponcabs.com a \u00e9t\u00e9 cr\u00e9\u00e9 avec une mission claire&nbsp;: aider les acheteurs \u00e0 \u00e9conomiser de l&#8217;argent lorsqu&#8217;ils effectuent des achats en ligne. Au fil des ann\u00e9es, le paysage des achats en ligne a \u00e9volu\u00e9, mais notre engagement \u00e0 offrir des \u00e9conomies substantielles \u00e0 nos membres reste au c\u0153ur de ce que nous faisons.<\/p>\n<p>\u00c9tapes simples pour \u00e9conomiser<\/p>\n<ol>\n<li>Recherche : trouvez les meilleures offres en parcourant notre vaste s\u00e9lection d\u2019offres de grandes marques.<\/li>\n<li>Boutique : Profitez des offres que vous trouvez pour effectuer vos achats chez vos d\u00e9taillants pr\u00e9f\u00e9r\u00e9s.<\/li>\n<li>\u00c9conomisez&nbsp;: profitez des \u00e9conomies que vous avez d\u00e9bloqu\u00e9es via Couponcabs.com.<\/li>\n<\/ol>\n<p><b>Comment nous gagnons de l&#8217;argent<\/b><\/p>\n<p>Notre plateforme g\u00e9n\u00e8re des revenus gr\u00e2ce aux commissions des marques lorsque les utilisateurs effectuent des achats en utilisant les offres de notre site, de notre application ou de notre extension de navigateur. Ces petites commissions nous permettent de continuer \u00e0 proposer des \u00e9conomies de premier ordre sans facturer nos utilisateurs. Notre \u00e9quipe Partenariats travaille en \u00e9troite collaboration avec des centaines de d\u00e9taillants pour garantir que nous proposons des offres exclusives et les meilleures \u00e9conomies possibles.<\/p>\n<p>De plus, certaines marques paient des frais fixes pour la publicit\u00e9 sur notre plateforme. Cependant, nous privil\u00e9gions la qualit\u00e9 \u00e0 la quantit\u00e9, en veillant \u00e0 ce que seules les meilleures offres soient propos\u00e9es sur notre site.<\/p>\n<p><b>Nous sommes l\u00e0 pour vous aider<\/b><\/p>\n<p>Chez Couponcabs.com, la satisfaction du client est primordiale. Si vous rencontrez des probl\u00e8mes avec nos offres, avez besoin d&#8217;aide avec un bon de r\u00e9compense ou si vous avez des questions sur les conditions g\u00e9n\u00e9rales, notre \u00e9quipe d&#8217;assistance est pr\u00eate \u00e0 vous aider. Notre personnel amical et comp\u00e9tent est \u00e0 votre disposition pour r\u00e9pondre \u00e0 toutes vos questions sur les codes de r\u00e9duction.<\/p>\n<p>Pour une assistance imm\u00e9diate, notre centre d&#8217;assistance propose une multitude de conseils et de guides qui r\u00e9pondent \u00e0 de nombreuses questions fr\u00e9quemment pos\u00e9es, vous garantissant ainsi d&#8217;obtenir l&#8217;aide dont vous avez besoin au moment o\u00f9 vous en avez besoin.<\/p>\t\t\t\t\t\t\t\t<\/div>\n\t\t\t\t<\/div>\n\t\t\t\t<\/div>\n\t\t\t\t\t<\/div>\n\t\t\t\t<\/div>\n\t\t\t\t<\/div>\n\t\t","protected":false},"excerpt":{"rendered":"<p>\u00c0 propos de Couponcabs.com et comment nous obtenons des coupons Notre entreprise Carri\u00e8res Contactez nous FAQ L\u00e9gal Conditions d&#8217;utilisation politique de confidentialit\u00e9 \u00c0 propos de nous Notre mission Chez Couponcabs.com, notre objectif est de rendre les achats plus abordables pour tous. Depuis 2007, nous nous engageons \u00e0 aider les gens \u00e0 \u00e9conomiser de l&#8217;argent sur [&hellip;]<\/p>\n","protected":false},"author":3,"featured_media":0,"parent":0,"menu_order":1,"comment_status":"closed","ping_status":"closed","template":"","meta":{"_acf_changed":false,"footnotes":""},"class_list":["post-193","page","type-page","status-publish","hentry"],"acf":[],"yoast_head":"<!-- This site is optimized with the Yoast SEO plugin v26.3 - https:\/\/yoast.com\/wordpress\/plugins\/seo\/ -->\n<title>Couponcabs - \u00c0 propos de nous<\/title>\n<meta name=\"description\" content=\"At Couponcabs.com, we have thousands of coupons and promo codes to help you save money when you shop at your favorite online stores...\" \/>\n<meta name=\"robots\" content=\"index, follow, max-snippet:-1, max-image-preview:large, max-video-preview:-1\" \/>\n<link rel=\"canonical\" href=\"https:\/\/couponcabs.com\/fr\/a-propos-de-nous\/\" \/>\n<meta property=\"og:locale\" content=\"en_US\" \/>\n<meta property=\"og:type\" content=\"article\" \/>\n<meta property=\"og:title\" content=\"Couponcabs - \u00c0 propos de nous\" \/>\n<meta property=\"og:description\" content=\"At Couponcabs.com, we have thousands of coupons and promo codes to help you save money when you shop at your favorite online stores...\" \/>\n<meta property=\"og:url\" content=\"https:\/\/couponcabs.com\/fr\/a-propos-de-nous\/\" \/>\n<meta property=\"og:site_name\" content=\"Couponcabs\" \/>\n<meta property=\"article:modified_time\" content=\"2024-09-09T13:02:36+00:00\" \/>\n<meta name=\"twitter:card\" content=\"summary_large_image\" \/>\n<meta name=\"twitter:label1\" content=\"Est. reading time\" \/>\n\t<meta name=\"twitter:data1\" content=\"2 minutes\" \/>\n<script type=\"application\/ld+json\" class=\"yoast-schema-graph\">{\"@context\":\"https:\/\/schema.org\",\"@graph\":[{\"@type\":\"WebPage\",\"@id\":\"https:\/\/couponcabs.com\/fr\/a-propos-de-nous\/\",\"url\":\"https:\/\/couponcabs.com\/fr\/a-propos-de-nous\/\",\"name\":\"Couponcabs - \u00c0 propos de nous\",\"isPartOf\":{\"@id\":\"https:\/\/couponcabs.com\/fr\/#website\"},\"datePublished\":\"2021-07-03T12:11:12+00:00\",\"dateModified\":\"2024-09-09T13:02:36+00:00\",\"description\":\"At Couponcabs.com, we have thousands of coupons and promo codes to help you save money when you shop at your favorite online stores...\",\"breadcrumb\":{\"@id\":\"https:\/\/couponcabs.com\/fr\/a-propos-de-nous\/#breadcrumb\"},\"inLanguage\":\"en-US\",\"potentialAction\":[{\"@type\":\"ReadAction\",\"target\":[\"https:\/\/couponcabs.com\/fr\/a-propos-de-nous\/\"]}]},{\"@type\":\"BreadcrumbList\",\"@id\":\"https:\/\/couponcabs.com\/fr\/a-propos-de-nous\/#breadcrumb\",\"itemListElement\":[{\"@type\":\"ListItem\",\"position\":1,\"name\":\"Home\",\"item\":\"https:\/\/couponcabs.com\/fr\/\"},{\"@type\":\"ListItem\",\"position\":2,\"name\":\"\u00c0 propos de nous\"}]},{\"@type\":\"WebSite\",\"@id\":\"https:\/\/couponcabs.com\/fr\/#website\",\"url\":\"https:\/\/couponcabs.com\/fr\/\",\"name\":\"Couponcabs\",\"description\":\"Shopping Done Right\",\"publisher\":{\"@id\":\"https:\/\/couponcabs.com\/fr\/#organization\"},\"potentialAction\":[{\"@type\":\"SearchAction\",\"target\":{\"@type\":\"EntryPoint\",\"urlTemplate\":\"https:\/\/couponcabs.com\/fr\/?s={search_term_string}\"},\"query-input\":{\"@type\":\"PropertyValueSpecification\",\"valueRequired\":true,\"valueName\":\"search_term_string\"}}],\"inLanguage\":\"en-US\"},{\"@type\":\"Organization\",\"@id\":\"https:\/\/couponcabs.com\/fr\/#organization\",\"name\":\"Couponcabs\",\"url\":\"https:\/\/couponcabs.com\/fr\/\",\"logo\":{\"@type\":\"ImageObject\",\"inLanguage\":\"en-US\",\"@id\":\"https:\/\/couponcabs.com\/fr\/#\/schema\/logo\/image\/\",\"url\":\"https:\/\/couponcabs.com\/fr\/wp-content\/uploads\/2023\/11\/main-logo.webp\",\"contentUrl\":\"https:\/\/couponcabs.com\/fr\/wp-content\/uploads\/2023\/11\/main-logo.webp\",\"width\":744,\"height\":307,\"caption\":\"Couponcabs\"},\"image\":{\"@id\":\"https:\/\/couponcabs.com\/fr\/#\/schema\/logo\/image\/\"}}]}<\/script>\n<!-- \/ Yoast SEO plugin. -->","yoast_head_json":{"title":"Couponcabs - \u00c0 propos de nous","description":"At Couponcabs.com, we have thousands of coupons and promo codes to help you save money when you shop at your favorite online stores...","robots":{"index":"index","follow":"follow","max-snippet":"max-snippet:-1","max-image-preview":"max-image-preview:large","max-video-preview":"max-video-preview:-1"},"canonical":"https:\/\/couponcabs.com\/fr\/a-propos-de-nous\/","og_locale":"en_US","og_type":"article","og_title":"Couponcabs - \u00c0 propos de nous","og_description":"At Couponcabs.com, we have thousands of coupons and promo codes to help you save money when you shop at your favorite online stores...","og_url":"https:\/\/couponcabs.com\/fr\/a-propos-de-nous\/","og_site_name":"Couponcabs","article_modified_time":"2024-09-09T13:02:36+00:00","twitter_card":"summary_large_image","twitter_misc":{"Est. reading time":"2 minutes"},"schema":{"@context":"https:\/\/schema.org","@graph":[{"@type":"WebPage","@id":"https:\/\/couponcabs.com\/fr\/a-propos-de-nous\/","url":"https:\/\/couponcabs.com\/fr\/a-propos-de-nous\/","name":"Couponcabs - \u00c0 propos de nous","isPartOf":{"@id":"https:\/\/couponcabs.com\/fr\/#website"},"datePublished":"2021-07-03T12:11:12+00:00","dateModified":"2024-09-09T13:02:36+00:00","description":"At Couponcabs.com, we have thousands of coupons and promo codes to help you save money when you shop at your favorite online stores...","breadcrumb":{"@id":"https:\/\/couponcabs.com\/fr\/a-propos-de-nous\/#breadcrumb"},"inLanguage":"en-US","potentialAction":[{"@type":"ReadAction","target":["https:\/\/couponcabs.com\/fr\/a-propos-de-nous\/"]}]},{"@type":"BreadcrumbList","@id":"https:\/\/couponcabs.com\/fr\/a-propos-de-nous\/#breadcrumb","itemListElement":[{"@type":"ListItem","position":1,"name":"Home","item":"https:\/\/couponcabs.com\/fr\/"},{"@type":"ListItem","position":2,"name":"\u00c0 propos de nous"}]},{"@type":"WebSite","@id":"https:\/\/couponcabs.com\/fr\/#website","url":"https:\/\/couponcabs.com\/fr\/","name":"Couponcabs","description":"Shopping Done Right","publisher":{"@id":"https:\/\/couponcabs.com\/fr\/#organization"},"potentialAction":[{"@type":"SearchAction","target":{"@type":"EntryPoint","urlTemplate":"https:\/\/couponcabs.com\/fr\/?s={search_term_string}"},"query-input":{"@type":"PropertyValueSpecification","valueRequired":true,"valueName":"search_term_string"}}],"inLanguage":"en-US"},{"@type":"Organization","@id":"https:\/\/couponcabs.com\/fr\/#organization","name":"Couponcabs","url":"https:\/\/couponcabs.com\/fr\/","logo":{"@type":"ImageObject","inLanguage":"en-US","@id":"https:\/\/couponcabs.com\/fr\/#\/schema\/logo\/image\/","url":"https:\/\/couponcabs.com\/fr\/wp-content\/uploads\/2023\/11\/main-logo.webp","contentUrl":"https:\/\/couponcabs.com\/fr\/wp-content\/uploads\/2023\/11\/main-logo.webp","width":744,"height":307,"caption":"Couponcabs"},"image":{"@id":"https:\/\/couponcabs.com\/fr\/#\/schema\/logo\/image\/"}}]}},"_links":{"self":[{"href":"https:\/\/couponcabs.com\/fr\/wp-json\/wp\/v2\/pages\/193","targetHints":{"allow":["GET"]}}],"collection":[{"href":"https:\/\/couponcabs.com\/fr\/wp-json\/wp\/v2\/pages"}],"about":[{"href":"https:\/\/couponcabs.com\/fr\/wp-json\/wp\/v2\/types\/page"}],"author":[{"embeddable":true,"href":"https:\/\/couponcabs.com\/fr\/wp-json\/wp\/v2\/users\/3"}],"replies":[{"embeddable":true,"href":"https:\/\/couponcabs.com\/fr\/wp-json\/wp\/v2\/comments?post=193"}],"version-history":[{"count":23,"href":"https:\/\/couponcabs.com\/fr\/wp-json\/wp\/v2\/pages\/193\/revisions"}],"predecessor-version":[{"id":12586,"href":"https:\/\/couponcabs.com\/fr\/wp-json\/wp\/v2\/pages\/193\/revisions\/12586"}],"wp:attachment":[{"href":"https:\/\/couponcabs.com\/fr\/wp-json\/wp\/v2\/media?parent=193"}],"curies":[{"name":"wp","href":"https:\/\/api.w.org\/{rel}","templated":true}]}}