{"id":12213,"date":"2024-09-01T12:37:05","date_gmt":"2024-09-01T12:37:05","guid":{"rendered":"https:\/\/couponcabs.com\/fr\/?page_id=12213"},"modified":"2024-09-22T16:59:35","modified_gmt":"2024-09-22T16:59:35","slug":"imprint","status":"publish","type":"page","link":"https:\/\/couponcabs.com\/fr\/imprint\/","title":{"rendered":"Imprimer"},"content":{"rendered":"<p>Le site Web Couponcabs est publi\u00e9 par\u00a0:<\/p>\n<p><strong>Rue<\/strong>\u00a0: 11 Carter Street<\/p>\n<p><strong>Ville<\/strong>\u00a0: Accrington<\/p>\n<p><strong>Comt\u00e9\u00a0:<\/strong> Angleterre<\/p>\n<p><strong>Code postal\u00a0:<\/strong> BB5 0PY<\/p>\n<p><strong>Pays\u00a0:<\/strong> Royaume-Uni<\/p>\n<p><strong>Type de soci\u00e9t\u00e9\u00a0:<\/strong> Soci\u00e9t\u00e9 priv\u00e9e \u00e0 responsabilit\u00e9 limit\u00e9e<\/p>\n<p><strong>Directeur de la publication :<\/strong><\/p>\n<ul>\n<li>Muhammad Ahmed HASAN<\/li>\n<li><strong>Nous contacter :<\/strong> contact@couponcabs.com<\/li>\n<\/ul>\n<p><strong>Chers annonceurs et agences,<\/strong><\/p>\n<p>si quelque chose sur notre site Web n&#8217;est pas conforme \u00e0 vos directives, n&#8217;h\u00e9sitez pas \u00e0 nous contacter.<br \/>\nNous r\u00e9pondrons imm\u00e9diatement \u00e0 votre demande\u00a0!<\/p>\n<p>\u2014\u2014\u2014\u2014\u2014\u2014\u2014\u2014\u2014\u2014\u2014\u2014\u2014\u2014\u2014\u2014\u2014\u2014\u2014\u2014\u2014\u2014\u2014\u2014\u2014\u2014\u2014\u2014\u2014\u2014-<\/p>\n<p><strong>Violation des droits d&#8217;auteur \/ r\u00e9clamation :<\/strong><\/p>\n<p>Si les droits d&#8217;un titulaire de droits d&#8217;auteur sont viol\u00e9s malgr\u00e9 notre contr\u00f4le minutieux, veuillez nous contacter. Nous v\u00e9rifierons alors imm\u00e9diatement le contenu et, si n\u00e9cessaire, le supprimerons de Couponcabs.com. L&#8217;exp\u00e9rience nous a montr\u00e9 que cette proc\u00e9dure fonctionne avec succ\u00e8s.<\/p>\n<p>\u2014\u2014\u2014\u2014\u2014\u2014\u2014\u2014\u2014\u2014\u2014\u2014\u2014\u2014\u2014\u2014\u2014\u2014\u2014\u2014\u2014\u2014\u2014\u2014\u2014\u2014\u2014\u2014\u2014\u2014\u2014-<\/p>\n<ul>\n<li><strong>Contenu de l&#8217;offre en ligne<\/strong><\/li>\n<\/ul>\n<p>L&#8217;auteur d\u00e9cline toute responsabilit\u00e9 quant \u00e0 l&#8217;actualit\u00e9, l&#8217;exactitude, l&#8217;exhaustivit\u00e9 ou la qualit\u00e9 des informations fournies. Toute r\u00e9clamation en responsabilit\u00e9 contre l&#8217;auteur concernant des dommages mat\u00e9riels ou immat\u00e9riels caus\u00e9s par l&#8217;utilisation ou la non-utilisation des informations fournies ou par l&#8217;utilisation d&#8217;informations erron\u00e9es ou incompl\u00e8tes est fondamentalement exclue, \u00e0 moins qu&#8217;il ne soit prouv\u00e9 que l&#8217;auteur a agi intentionnellement ou par n\u00e9gligence grave. Toutes les offres sont sans engagement et sous r\u00e9serve de modifications. L&#8217;auteur se r\u00e9serve express\u00e9ment le droit de modifier, de compl\u00e9ter ou de supprimer des parties des pages ou l&#8217;offre enti\u00e8re sans pr\u00e9avis, ou d&#8217;en interrompre temporairement ou d\u00e9finitivement la publication.<\/p>\n<ul>\n<li><strong>R\u00e9f\u00e9rences et liens<\/strong><\/li>\n<\/ul>\n<p>En cas de renvois directs ou indirects \u00e0 des sites Internet externes (\u00ab liens \u00bb) qui se situent en dehors du domaine de responsabilit\u00e9 de l&#8217;auteur, la responsabilit\u00e9 ne serait engag\u00e9e que si l&#8217;auteur avait connaissance du contenu et s&#8217;il lui \u00e9tait techniquement possible et raisonnable d&#8217;emp\u00eacher l&#8217;utilisation en cas de contenu ill\u00e9gal. L&#8217;auteur d\u00e9clare express\u00e9ment par la pr\u00e9sente qu&#8217;au moment de la cr\u00e9ation des liens, aucun contenu ill\u00e9gal n&#8217;\u00e9tait visible sur les pages li\u00e9es. L&#8217;auteur n&#8217;a aucune influence sur la conception actuelle et future, le contenu ou la paternit\u00e9 des pages li\u00e9es. Il se distancie donc express\u00e9ment par la pr\u00e9sente de tous les contenus de toutes les pages li\u00e9es qui ont \u00e9t\u00e9 modifi\u00e9es apr\u00e8s la cr\u00e9ation du lien. Cette d\u00e9claration s&#8217;applique \u00e0 tous les liens et renvois plac\u00e9s sur le propre site Internet de l&#8217;auteur ainsi qu&#8217;aux entr\u00e9es de tiers dans les livres d&#8217;or, les forums de discussion et les listes de diffusion cr\u00e9\u00e9s par l&#8217;auteur. Seul le fournisseur de la page \u00e0 laquelle il est fait r\u00e9f\u00e9rence est responsable des contenus ill\u00e9gaux, erron\u00e9s ou incomplets et en particulier des dommages r\u00e9sultant de l&#8217;utilisation ou de la non-utilisation de ces informations, et non la personne qui renvoie simplement \u00e0 la publication concern\u00e9e via des liens.<\/p>\n<ul>\n<li><strong>Droit d&#8217;auteur et droit des marques<\/strong><\/li>\n<\/ul>\n<p>L&#8217;auteur s&#8217;efforce de respecter les droits d&#8217;auteur des graphiques, documents audio, s\u00e9quences vid\u00e9o et textes utilis\u00e9s dans toutes les publications, d&#8217;utiliser des graphiques, documents audio, s\u00e9quences vid\u00e9o et textes cr\u00e9\u00e9s par lui-m\u00eame ou d&#8217;utiliser des graphiques, documents audio, s\u00e9quences vid\u00e9o et textes libres de droits. Toutes les marques et marques commerciales mentionn\u00e9es dans le cadre du site Internet et \u00e9ventuellement prot\u00e9g\u00e9es par des tiers sont soumises sans restriction aux dispositions du droit des marques en vigueur et aux droits de propri\u00e9t\u00e9 des propri\u00e9taires enregistr\u00e9s respectifs. La simple mention d&#8217;une marque ne signifie pas qu&#8217;elle n&#8217;est pas prot\u00e9g\u00e9e par les droits de tiers ! Le droit d&#8217;auteur sur les objets publi\u00e9s cr\u00e9\u00e9s par l&#8217;auteur appartient exclusivement \u00e0 l&#8217;auteur des pages. La reproduction ou l&#8217;utilisation de tels graphiques, documents audio, s\u00e9quences vid\u00e9o et textes dans d&#8217;autres publications \u00e9lectroniques ou imprim\u00e9es n&#8217;est pas autoris\u00e9e sans le consentement expr\u00e8s de l&#8217;auteur.<\/p>\n<ul>\n<li><strong>Protection des donn\u00e9es<\/strong><\/li>\n<\/ul>\n<p>Voir protection des donn\u00e9es <a href=\"https:\/\/couponcabs.com\/fr\/politique-de-confidentialite\/\"><strong>data protection<\/strong><\/a><\/p>\n<ul>\n<li><strong>Validit\u00e9 juridique de cette clause de non-responsabilit\u00e9<\/strong><\/li>\n<\/ul>\n<p>Cette clause de non-responsabilit\u00e9 doit \u00eatre consid\u00e9r\u00e9e comme faisant partie de l&#8217;offre Internet \u00e0 partir de laquelle cette page a \u00e9t\u00e9 renvoy\u00e9e. Si des parties ou des formulations individuelles de ce texte ne correspondent pas, plus ou pas compl\u00e8tement \u00e0 la situation juridique actuelle, le contenu et la validit\u00e9 des parties restantes du document n&#8217;en sont pas affect\u00e9s.<\/p>\n<ul>\n<li><strong>Deeplinks<\/strong><\/li>\n<\/ul>\n<p>Dans son arr\u00eat du 17 juillet 2003 (Az : I ZR 259\/00 ; communiqu\u00e9 de presse 96\/03), la Cour f\u00e9d\u00e9rale de justice a jug\u00e9 que la cr\u00e9ation de liens profonds ne violait pas les droits d&#8217;auteur des fournisseurs li\u00e9s. L&#8217;exploitation d\u00e9loyale des services des fournisseurs par la cr\u00e9ation de liens profonds a \u00e9galement \u00e9t\u00e9 rejet\u00e9e.<\/p>\n","protected":false},"excerpt":{"rendered":"<p>Le site Web Couponcabs est publi\u00e9 par\u00a0: Rue\u00a0: 11 Carter Street Ville\u00a0: Accrington Comt\u00e9\u00a0: Angleterre Code postal\u00a0: BB5 0PY Pays\u00a0: Royaume-Uni Type de soci\u00e9t\u00e9\u00a0: Soci\u00e9t\u00e9 priv\u00e9e \u00e0 responsabilit\u00e9 limit\u00e9e Directeur de la publication : Muhammad Ahmed HASAN Nous contacter : contact@couponcabs.com Chers annonceurs et agences, si quelque chose sur notre site Web n&#8217;est pas conforme [&hellip;]<\/p>\n","protected":false},"author":3,"featured_media":0,"parent":0,"menu_order":0,"comment_status":"closed","ping_status":"closed","template":"","meta":{"_acf_changed":false,"footnotes":""},"class_list":["post-12213","page","type-page","status-publish","hentry"],"acf":[],"yoast_head":"<!-- This site is optimized with the Yoast SEO plugin v26.3 - https:\/\/yoast.com\/wordpress\/plugins\/seo\/ -->\n<title>Imprimer - Couponcabs<\/title>\n<meta name=\"description\" content=\"Imprimer Couponcabs -\" \/>\n<meta name=\"robots\" content=\"index, follow, max-snippet:-1, max-image-preview:large, max-video-preview:-1\" \/>\n<link rel=\"canonical\" href=\"https:\/\/couponcabs.com\/fr\/imprint\/\" \/>\n<meta property=\"og:locale\" content=\"en_US\" \/>\n<meta property=\"og:type\" content=\"article\" \/>\n<meta property=\"og:title\" content=\"Imprimer - Couponcabs\" \/>\n<meta property=\"og:description\" content=\"Imprimer Couponcabs -\" \/>\n<meta property=\"og:url\" content=\"https:\/\/couponcabs.com\/fr\/imprint\/\" \/>\n<meta property=\"og:site_name\" content=\"Couponcabs\" \/>\n<meta property=\"article:modified_time\" content=\"2024-09-22T16:59:35+00:00\" \/>\n<meta name=\"twitter:card\" content=\"summary_large_image\" \/>\n<meta name=\"twitter:label1\" content=\"Est. reading time\" \/>\n\t<meta name=\"twitter:data1\" content=\"4 minutes\" \/>\n<script type=\"application\/ld+json\" class=\"yoast-schema-graph\">{\"@context\":\"https:\/\/schema.org\",\"@graph\":[{\"@type\":\"WebPage\",\"@id\":\"https:\/\/couponcabs.com\/fr\/imprint\/\",\"url\":\"https:\/\/couponcabs.com\/fr\/imprint\/\",\"name\":\"Imprimer - Couponcabs\",\"isPartOf\":{\"@id\":\"https:\/\/couponcabs.com\/fr\/#website\"},\"datePublished\":\"2024-09-01T12:37:05+00:00\",\"dateModified\":\"2024-09-22T16:59:35+00:00\",\"description\":\"Imprimer Couponcabs -\",\"breadcrumb\":{\"@id\":\"https:\/\/couponcabs.com\/fr\/imprint\/#breadcrumb\"},\"inLanguage\":\"en-US\",\"potentialAction\":[{\"@type\":\"ReadAction\",\"target\":[\"https:\/\/couponcabs.com\/fr\/imprint\/\"]}]},{\"@type\":\"BreadcrumbList\",\"@id\":\"https:\/\/couponcabs.com\/fr\/imprint\/#breadcrumb\",\"itemListElement\":[{\"@type\":\"ListItem\",\"position\":1,\"name\":\"Home\",\"item\":\"https:\/\/couponcabs.com\/fr\/\"},{\"@type\":\"ListItem\",\"position\":2,\"name\":\"Imprimer\"}]},{\"@type\":\"WebSite\",\"@id\":\"https:\/\/couponcabs.com\/fr\/#website\",\"url\":\"https:\/\/couponcabs.com\/fr\/\",\"name\":\"Couponcabs\",\"description\":\"Shopping Done Right\",\"publisher\":{\"@id\":\"https:\/\/couponcabs.com\/fr\/#organization\"},\"potentialAction\":[{\"@type\":\"SearchAction\",\"target\":{\"@type\":\"EntryPoint\",\"urlTemplate\":\"https:\/\/couponcabs.com\/fr\/?s={search_term_string}\"},\"query-input\":{\"@type\":\"PropertyValueSpecification\",\"valueRequired\":true,\"valueName\":\"search_term_string\"}}],\"inLanguage\":\"en-US\"},{\"@type\":\"Organization\",\"@id\":\"https:\/\/couponcabs.com\/fr\/#organization\",\"name\":\"Couponcabs\",\"url\":\"https:\/\/couponcabs.com\/fr\/\",\"logo\":{\"@type\":\"ImageObject\",\"inLanguage\":\"en-US\",\"@id\":\"https:\/\/couponcabs.com\/fr\/#\/schema\/logo\/image\/\",\"url\":\"https:\/\/couponcabs.com\/fr\/wp-content\/uploads\/2023\/11\/main-logo.webp\",\"contentUrl\":\"https:\/\/couponcabs.com\/fr\/wp-content\/uploads\/2023\/11\/main-logo.webp\",\"width\":744,\"height\":307,\"caption\":\"Couponcabs\"},\"image\":{\"@id\":\"https:\/\/couponcabs.com\/fr\/#\/schema\/logo\/image\/\"}}]}<\/script>\n<!-- \/ Yoast SEO plugin. -->","yoast_head_json":{"title":"Imprimer - Couponcabs","description":"Imprimer Couponcabs -","robots":{"index":"index","follow":"follow","max-snippet":"max-snippet:-1","max-image-preview":"max-image-preview:large","max-video-preview":"max-video-preview:-1"},"canonical":"https:\/\/couponcabs.com\/fr\/imprint\/","og_locale":"en_US","og_type":"article","og_title":"Imprimer - Couponcabs","og_description":"Imprimer Couponcabs -","og_url":"https:\/\/couponcabs.com\/fr\/imprint\/","og_site_name":"Couponcabs","article_modified_time":"2024-09-22T16:59:35+00:00","twitter_card":"summary_large_image","twitter_misc":{"Est. reading time":"4 minutes"},"schema":{"@context":"https:\/\/schema.org","@graph":[{"@type":"WebPage","@id":"https:\/\/couponcabs.com\/fr\/imprint\/","url":"https:\/\/couponcabs.com\/fr\/imprint\/","name":"Imprimer - Couponcabs","isPartOf":{"@id":"https:\/\/couponcabs.com\/fr\/#website"},"datePublished":"2024-09-01T12:37:05+00:00","dateModified":"2024-09-22T16:59:35+00:00","description":"Imprimer Couponcabs -","breadcrumb":{"@id":"https:\/\/couponcabs.com\/fr\/imprint\/#breadcrumb"},"inLanguage":"en-US","potentialAction":[{"@type":"ReadAction","target":["https:\/\/couponcabs.com\/fr\/imprint\/"]}]},{"@type":"BreadcrumbList","@id":"https:\/\/couponcabs.com\/fr\/imprint\/#breadcrumb","itemListElement":[{"@type":"ListItem","position":1,"name":"Home","item":"https:\/\/couponcabs.com\/fr\/"},{"@type":"ListItem","position":2,"name":"Imprimer"}]},{"@type":"WebSite","@id":"https:\/\/couponcabs.com\/fr\/#website","url":"https:\/\/couponcabs.com\/fr\/","name":"Couponcabs","description":"Shopping Done Right","publisher":{"@id":"https:\/\/couponcabs.com\/fr\/#organization"},"potentialAction":[{"@type":"SearchAction","target":{"@type":"EntryPoint","urlTemplate":"https:\/\/couponcabs.com\/fr\/?s={search_term_string}"},"query-input":{"@type":"PropertyValueSpecification","valueRequired":true,"valueName":"search_term_string"}}],"inLanguage":"en-US"},{"@type":"Organization","@id":"https:\/\/couponcabs.com\/fr\/#organization","name":"Couponcabs","url":"https:\/\/couponcabs.com\/fr\/","logo":{"@type":"ImageObject","inLanguage":"en-US","@id":"https:\/\/couponcabs.com\/fr\/#\/schema\/logo\/image\/","url":"https:\/\/couponcabs.com\/fr\/wp-content\/uploads\/2023\/11\/main-logo.webp","contentUrl":"https:\/\/couponcabs.com\/fr\/wp-content\/uploads\/2023\/11\/main-logo.webp","width":744,"height":307,"caption":"Couponcabs"},"image":{"@id":"https:\/\/couponcabs.com\/fr\/#\/schema\/logo\/image\/"}}]}},"_links":{"self":[{"href":"https:\/\/couponcabs.com\/fr\/wp-json\/wp\/v2\/pages\/12213","targetHints":{"allow":["GET"]}}],"collection":[{"href":"https:\/\/couponcabs.com\/fr\/wp-json\/wp\/v2\/pages"}],"about":[{"href":"https:\/\/couponcabs.com\/fr\/wp-json\/wp\/v2\/types\/page"}],"author":[{"embeddable":true,"href":"https:\/\/couponcabs.com\/fr\/wp-json\/wp\/v2\/users\/3"}],"replies":[{"embeddable":true,"href":"https:\/\/couponcabs.com\/fr\/wp-json\/wp\/v2\/comments?post=12213"}],"version-history":[{"count":4,"href":"https:\/\/couponcabs.com\/fr\/wp-json\/wp\/v2\/pages\/12213\/revisions"}],"predecessor-version":[{"id":13853,"href":"https:\/\/couponcabs.com\/fr\/wp-json\/wp\/v2\/pages\/12213\/revisions\/13853"}],"wp:attachment":[{"href":"https:\/\/couponcabs.com\/fr\/wp-json\/wp\/v2\/media?parent=12213"}],"curies":[{"name":"wp","href":"https:\/\/api.w.org\/{rel}","templated":true}]}}