{"id":6765,"date":"2024-06-25T21:51:33","date_gmt":"2024-06-25T21:51:33","guid":{"rendered":"https:\/\/couponcabs.com\/de\/?page_id=6765"},"modified":"2024-09-04T03:27:34","modified_gmt":"2024-09-04T03:27:34","slug":"anmelden","status":"publish","type":"page","link":"https:\/\/couponcabs.com\/de\/anmelden\/","title":{"rendered":"Anmelden"},"content":{"rendered":"\t\t<div data-elementor-type=\"wp-page\" data-elementor-id=\"6765\" class=\"elementor elementor-6765\" data-elementor-post-type=\"page\">\n\t\t\t\t<div class=\"elementor-element elementor-element-0a962e5 e-con-full e-flex e-con e-parent\" data-id=\"0a962e5\" data-element_type=\"container\" data-settings=\"{&quot;background_background&quot;:&quot;gradient&quot;}\">\n\t\t\t\t<div class=\"elementor-element elementor-element-bb18e21 elementor-absolute elementor-widget elementor-widget-image\" data-id=\"bb18e21\" data-element_type=\"widget\" data-settings=\"{&quot;_position&quot;:&quot;absolute&quot;}\" data-widget_type=\"image.default\">\n\t\t\t\t<div class=\"elementor-widget-container\">\n\t\t\t\t\t\t\t\t\t\t\t\t\t\t\t<img fetchpriority=\"high\" decoding=\"async\" width=\"460\" height=\"325\" src=\"https:\/\/couponcabs.com\/de\/wp-content\/uploads\/2024\/06\/register-signup.png\" class=\"attachment-large size-large wp-image-3494\" alt=\"\" srcset=\"https:\/\/couponcabs.com\/de\/wp-content\/uploads\/2024\/06\/register-signup.png 460w, https:\/\/couponcabs.com\/de\/wp-content\/uploads\/2024\/06\/register-signup-300x212.png 300w, https:\/\/couponcabs.com\/de\/wp-content\/uploads\/2024\/06\/register-signup-150x106.png 150w\" sizes=\"(max-width: 460px) 100vw, 460px\" \/>\t\t\t\t\t\t\t\t\t\t\t\t\t\t\t<\/div>\n\t\t\t\t<\/div>\n\t\t\t\t<\/div>\n\t\t<div class=\"elementor-element elementor-element-33cf15d e-con-full e-flex e-con e-parent\" data-id=\"33cf15d\" data-element_type=\"container\">\n\t\t\t\t<div class=\"elementor-element elementor-element-343e3f1 elementor-widget elementor-widget-heading\" data-id=\"343e3f1\" data-element_type=\"widget\" data-widget_type=\"heading.default\">\n\t\t\t\t<div class=\"elementor-widget-container\">\n\t\t\t\t\t<h2 class=\"elementor-heading-title elementor-size-default\">Treten Sie Couponcabs.com bei<\/h2>\t\t\t\t<\/div>\n\t\t\t\t<\/div>\n\t\t\t\t<div class=\"elementor-element elementor-element-0baa68d elementor-widget elementor-widget-text-editor\" data-id=\"0baa68d\" data-element_type=\"widget\" data-widget_type=\"text-editor.default\">\n\t\t\t\t<div class=\"elementor-widget-container\">\n\t\t\t\t\t\t\t\t\t<p>Erhalten Sie w\u00f6chentlich handverlesene Angebote direkt in Ihren Posteingang und verdienen Sie zus\u00e4tzlich zu den Angebotsersparnissen Pr\u00e4mien<\/p>\t\t\t\t\t\t\t\t<\/div>\n\t\t\t\t<\/div>\n\t\t\t\t<\/div>\n\t\t\t\t<\/div>\n\t\t","protected":false},"excerpt":{"rendered":"<p>Treten Sie Couponcabs.com bei Erhalten Sie w\u00f6chentlich handverlesene Angebote direkt in Ihren Posteingang und verdienen Sie zus\u00e4tzlich zu den Angebotsersparnissen Pr\u00e4mien couponcab Profil bearbeiten Abmelden<\/p>\n","protected":false},"author":3,"featured_media":0,"parent":0,"menu_order":15,"comment_status":"closed","ping_status":"closed","template":"elementor_header_footer","meta":{"_acf_changed":false,"footnotes":""},"class_list":["post-6765","page","type-page","status-publish","hentry"],"acf":[],"yoast_head":"<!-- This site is optimized with the Yoast SEO plugin v26.5 - https:\/\/yoast.com\/wordpress\/plugins\/seo\/ -->\n<title>Anmelden - Couponcabs<\/title>\n<meta name=\"description\" content=\"Anmelden Couponcabs -\" \/>\n<meta name=\"robots\" content=\"index, follow, max-snippet:-1, max-image-preview:large, max-video-preview:-1\" \/>\n<link rel=\"canonical\" href=\"https:\/\/couponcabs.com\/de\/anmelden\/\" \/>\n<meta property=\"og:locale\" content=\"en_US\" \/>\n<meta property=\"og:type\" content=\"article\" \/>\n<meta property=\"og:title\" content=\"Anmelden - Couponcabs\" \/>\n<meta property=\"og:description\" content=\"Anmelden Couponcabs -\" \/>\n<meta property=\"og:url\" content=\"https:\/\/couponcabs.com\/de\/anmelden\/\" \/>\n<meta property=\"og:site_name\" content=\"Couponcabs\" \/>\n<meta property=\"article:modified_time\" content=\"2024-09-04T03:27:34+00:00\" \/>\n<meta property=\"og:image\" content=\"https:\/\/couponcabs.com\/de\/wp-content\/uploads\/2024\/06\/register-signup.png\" \/>\n<meta name=\"twitter:card\" content=\"summary_large_image\" \/>\n<meta name=\"twitter:label1\" content=\"Est. reading time\" \/>\n\t<meta name=\"twitter:data1\" content=\"1 minute\" \/>\n<script type=\"application\/ld+json\" class=\"yoast-schema-graph\">{\"@context\":\"https:\/\/schema.org\",\"@graph\":[{\"@type\":\"WebPage\",\"@id\":\"https:\/\/couponcabs.com\/de\/anmelden\/\",\"url\":\"https:\/\/couponcabs.com\/de\/anmelden\/\",\"name\":\"Anmelden - Couponcabs\",\"isPartOf\":{\"@id\":\"https:\/\/couponcabs.com\/de\/#website\"},\"primaryImageOfPage\":{\"@id\":\"https:\/\/couponcabs.com\/de\/anmelden\/#primaryimage\"},\"image\":{\"@id\":\"https:\/\/couponcabs.com\/de\/anmelden\/#primaryimage\"},\"thumbnailUrl\":\"https:\/\/couponcabs.com\/de\/wp-content\/uploads\/2024\/06\/register-signup.png\",\"datePublished\":\"2024-06-25T21:51:33+00:00\",\"dateModified\":\"2024-09-04T03:27:34+00:00\",\"description\":\"Anmelden Couponcabs -\",\"breadcrumb\":{\"@id\":\"https:\/\/couponcabs.com\/de\/anmelden\/#breadcrumb\"},\"inLanguage\":\"en-US\",\"potentialAction\":[{\"@type\":\"ReadAction\",\"target\":[\"https:\/\/couponcabs.com\/de\/anmelden\/\"]}]},{\"@type\":\"ImageObject\",\"inLanguage\":\"en-US\",\"@id\":\"https:\/\/couponcabs.com\/de\/anmelden\/#primaryimage\",\"url\":\"https:\/\/couponcabs.com\/de\/wp-content\/uploads\/2024\/06\/register-signup.png\",\"contentUrl\":\"https:\/\/couponcabs.com\/de\/wp-content\/uploads\/2024\/06\/register-signup.png\",\"width\":460,\"height\":325},{\"@type\":\"BreadcrumbList\",\"@id\":\"https:\/\/couponcabs.com\/de\/anmelden\/#breadcrumb\",\"itemListElement\":[{\"@type\":\"ListItem\",\"position\":1,\"name\":\"Home\",\"item\":\"https:\/\/couponcabs.com\/de\/\"},{\"@type\":\"ListItem\",\"position\":2,\"name\":\"Anmelden\"}]},{\"@type\":\"WebSite\",\"@id\":\"https:\/\/couponcabs.com\/de\/#website\",\"url\":\"https:\/\/couponcabs.com\/de\/\",\"name\":\"Couponcabs\",\"description\":\"Shopping Done Right\",\"publisher\":{\"@id\":\"https:\/\/couponcabs.com\/de\/#organization\"},\"potentialAction\":[{\"@type\":\"SearchAction\",\"target\":{\"@type\":\"EntryPoint\",\"urlTemplate\":\"https:\/\/couponcabs.com\/de\/?s={search_term_string}\"},\"query-input\":{\"@type\":\"PropertyValueSpecification\",\"valueRequired\":true,\"valueName\":\"search_term_string\"}}],\"inLanguage\":\"en-US\"},{\"@type\":\"Organization\",\"@id\":\"https:\/\/couponcabs.com\/de\/#organization\",\"name\":\"Couponcabs\",\"url\":\"https:\/\/couponcabs.com\/de\/\",\"logo\":{\"@type\":\"ImageObject\",\"inLanguage\":\"en-US\",\"@id\":\"https:\/\/couponcabs.com\/de\/#\/schema\/logo\/image\/\",\"url\":\"https:\/\/couponcabs.com\/de\/wp-content\/uploads\/2024\/06\/main-logo.png\",\"contentUrl\":\"https:\/\/couponcabs.com\/de\/wp-content\/uploads\/2024\/06\/main-logo.png\",\"width\":744,\"height\":307,\"caption\":\"Couponcabs\"},\"image\":{\"@id\":\"https:\/\/couponcabs.com\/de\/#\/schema\/logo\/image\/\"}}]}<\/script>\n<!-- \/ Yoast SEO plugin. -->","yoast_head_json":{"title":"Anmelden - Couponcabs","description":"Anmelden Couponcabs -","robots":{"index":"index","follow":"follow","max-snippet":"max-snippet:-1","max-image-preview":"max-image-preview:large","max-video-preview":"max-video-preview:-1"},"canonical":"https:\/\/couponcabs.com\/de\/anmelden\/","og_locale":"en_US","og_type":"article","og_title":"Anmelden - Couponcabs","og_description":"Anmelden Couponcabs -","og_url":"https:\/\/couponcabs.com\/de\/anmelden\/","og_site_name":"Couponcabs","article_modified_time":"2024-09-04T03:27:34+00:00","og_image":[{"url":"https:\/\/couponcabs.com\/de\/wp-content\/uploads\/2024\/06\/register-signup.png","type":"","width":"","height":""}],"twitter_card":"summary_large_image","twitter_misc":{"Est. reading time":"1 minute"},"schema":{"@context":"https:\/\/schema.org","@graph":[{"@type":"WebPage","@id":"https:\/\/couponcabs.com\/de\/anmelden\/","url":"https:\/\/couponcabs.com\/de\/anmelden\/","name":"Anmelden - Couponcabs","isPartOf":{"@id":"https:\/\/couponcabs.com\/de\/#website"},"primaryImageOfPage":{"@id":"https:\/\/couponcabs.com\/de\/anmelden\/#primaryimage"},"image":{"@id":"https:\/\/couponcabs.com\/de\/anmelden\/#primaryimage"},"thumbnailUrl":"https:\/\/couponcabs.com\/de\/wp-content\/uploads\/2024\/06\/register-signup.png","datePublished":"2024-06-25T21:51:33+00:00","dateModified":"2024-09-04T03:27:34+00:00","description":"Anmelden Couponcabs -","breadcrumb":{"@id":"https:\/\/couponcabs.com\/de\/anmelden\/#breadcrumb"},"inLanguage":"en-US","potentialAction":[{"@type":"ReadAction","target":["https:\/\/couponcabs.com\/de\/anmelden\/"]}]},{"@type":"ImageObject","inLanguage":"en-US","@id":"https:\/\/couponcabs.com\/de\/anmelden\/#primaryimage","url":"https:\/\/couponcabs.com\/de\/wp-content\/uploads\/2024\/06\/register-signup.png","contentUrl":"https:\/\/couponcabs.com\/de\/wp-content\/uploads\/2024\/06\/register-signup.png","width":460,"height":325},{"@type":"BreadcrumbList","@id":"https:\/\/couponcabs.com\/de\/anmelden\/#breadcrumb","itemListElement":[{"@type":"ListItem","position":1,"name":"Home","item":"https:\/\/couponcabs.com\/de\/"},{"@type":"ListItem","position":2,"name":"Anmelden"}]},{"@type":"WebSite","@id":"https:\/\/couponcabs.com\/de\/#website","url":"https:\/\/couponcabs.com\/de\/","name":"Couponcabs","description":"Shopping Done Right","publisher":{"@id":"https:\/\/couponcabs.com\/de\/#organization"},"potentialAction":[{"@type":"SearchAction","target":{"@type":"EntryPoint","urlTemplate":"https:\/\/couponcabs.com\/de\/?s={search_term_string}"},"query-input":{"@type":"PropertyValueSpecification","valueRequired":true,"valueName":"search_term_string"}}],"inLanguage":"en-US"},{"@type":"Organization","@id":"https:\/\/couponcabs.com\/de\/#organization","name":"Couponcabs","url":"https:\/\/couponcabs.com\/de\/","logo":{"@type":"ImageObject","inLanguage":"en-US","@id":"https:\/\/couponcabs.com\/de\/#\/schema\/logo\/image\/","url":"https:\/\/couponcabs.com\/de\/wp-content\/uploads\/2024\/06\/main-logo.png","contentUrl":"https:\/\/couponcabs.com\/de\/wp-content\/uploads\/2024\/06\/main-logo.png","width":744,"height":307,"caption":"Couponcabs"},"image":{"@id":"https:\/\/couponcabs.com\/de\/#\/schema\/logo\/image\/"}}]}},"_links":{"self":[{"href":"https:\/\/couponcabs.com\/de\/wp-json\/wp\/v2\/pages\/6765","targetHints":{"allow":["GET"]}}],"collection":[{"href":"https:\/\/couponcabs.com\/de\/wp-json\/wp\/v2\/pages"}],"about":[{"href":"https:\/\/couponcabs.com\/de\/wp-json\/wp\/v2\/types\/page"}],"author":[{"embeddable":true,"href":"https:\/\/couponcabs.com\/de\/wp-json\/wp\/v2\/users\/3"}],"replies":[{"embeddable":true,"href":"https:\/\/couponcabs.com\/de\/wp-json\/wp\/v2\/comments?post=6765"}],"version-history":[{"count":32,"href":"https:\/\/couponcabs.com\/de\/wp-json\/wp\/v2\/pages\/6765\/revisions"}],"predecessor-version":[{"id":13084,"href":"https:\/\/couponcabs.com\/de\/wp-json\/wp\/v2\/pages\/6765\/revisions\/13084"}],"wp:attachment":[{"href":"https:\/\/couponcabs.com\/de\/wp-json\/wp\/v2\/media?parent=6765"}],"curies":[{"name":"wp","href":"https:\/\/api.w.org\/{rel}","templated":true}]}}