{"id":5399,"date":"2024-06-18T22:52:51","date_gmt":"2024-06-18T22:52:51","guid":{"rendered":"https:\/\/couponcabs.com\/de\/?page_id=5399"},"modified":"2024-09-04T10:16:06","modified_gmt":"2024-09-04T10:16:06","slug":"nutzungsbedingungen","status":"publish","type":"page","link":"https:\/\/couponcabs.com\/de\/nutzungsbedingungen\/","title":{"rendered":"Nutzungsbedingungen"},"content":{"rendered":"\t\t<div data-elementor-type=\"wp-page\" data-elementor-id=\"5399\" class=\"elementor elementor-5399\" data-elementor-post-type=\"page\">\n\t\t\t\t<div class=\"elementor-element elementor-element-951262b e-flex e-con-boxed e-con e-parent\" data-id=\"951262b\" data-element_type=\"container\">\n\t\t\t\t\t<div class=\"e-con-inner\">\n\t\t<div class=\"elementor-element elementor-element-796a581 e-con-full e-flex e-con e-child\" data-id=\"796a581\" data-element_type=\"container\" data-settings=\"{&quot;background_background&quot;:&quot;classic&quot;}\">\n\t\t\t\t<div class=\"elementor-element elementor-element-3a40a3a elementor-widget elementor-widget-heading\" data-id=\"3a40a3a\" data-element_type=\"widget\" data-widget_type=\"heading.default\">\n\t\t\t\t<div class=\"elementor-widget-container\">\n\t\t\t\t\t<h2 class=\"elementor-heading-title elementor-size-default\">\u00dcber Couponcabs.com und wie wir Coupons beschaffen<\/h2>\t\t\t\t<\/div>\n\t\t\t\t<\/div>\n\t\t\t\t<div class=\"elementor-element elementor-element-b411ede elementor-widget-divider--view-line elementor-widget elementor-widget-divider\" data-id=\"b411ede\" data-element_type=\"widget\" data-widget_type=\"divider.default\">\n\t\t\t\t<div class=\"elementor-widget-container\">\n\t\t\t\t\t\t\t<div class=\"elementor-divider\">\n\t\t\t<span class=\"elementor-divider-separator\">\n\t\t\t\t\t\t<\/span>\n\t\t<\/div>\n\t\t\t\t\t\t<\/div>\n\t\t\t\t<\/div>\n\t\t\t\t<div class=\"elementor-element elementor-element-d167fda elementor-icon-list--layout-traditional elementor-list-item-link-full_width elementor-widget elementor-widget-icon-list\" data-id=\"d167fda\" data-element_type=\"widget\" data-widget_type=\"icon-list.default\">\n\t\t\t\t<div class=\"elementor-widget-container\">\n\t\t\t\t\t\t\t<ul class=\"elementor-icon-list-items\">\n\t\t\t\t\t\t\t<li class=\"elementor-icon-list-item\">\n\t\t\t\t\t\t\t\t\t\t\t<a href=\"https:\/\/couponcabs.com\/de\/unser-unternehmen\/\">\n\n\t\t\t\t\t\t\t\t\t\t\t<span class=\"elementor-icon-list-text\">Unser Unternehmen<\/span>\n\t\t\t\t\t\t\t\t\t\t\t<\/a>\n\t\t\t\t\t\t\t\t\t<\/li>\n\t\t\t\t\t\t\t\t<li class=\"elementor-icon-list-item\">\n\t\t\t\t\t\t\t\t\t\t\t<a href=\"https:\/\/couponcabs.com\/de\/karrieren\/\">\n\n\t\t\t\t\t\t\t\t\t\t\t<span class=\"elementor-icon-list-text\">Karrieren<\/span>\n\t\t\t\t\t\t\t\t\t\t\t<\/a>\n\t\t\t\t\t\t\t\t\t<\/li>\n\t\t\t\t\t\t<\/ul>\n\t\t\t\t\t\t<\/div>\n\t\t\t\t<\/div>\n\t\t\t\t<div class=\"elementor-element elementor-element-a901a4d elementor-widget elementor-widget-heading\" data-id=\"a901a4d\" data-element_type=\"widget\" data-widget_type=\"heading.default\">\n\t\t\t\t<div class=\"elementor-widget-container\">\n\t\t\t\t\t<h2 class=\"elementor-heading-title elementor-size-default\">Kontaktieren Sie uns<\/h2>\t\t\t\t<\/div>\n\t\t\t\t<\/div>\n\t\t\t\t<div class=\"elementor-element elementor-element-2a240be elementor-widget-divider--view-line elementor-widget elementor-widget-divider\" data-id=\"2a240be\" data-element_type=\"widget\" data-widget_type=\"divider.default\">\n\t\t\t\t<div class=\"elementor-widget-container\">\n\t\t\t\t\t\t\t<div class=\"elementor-divider\">\n\t\t\t<span class=\"elementor-divider-separator\">\n\t\t\t\t\t\t<\/span>\n\t\t<\/div>\n\t\t\t\t\t\t<\/div>\n\t\t\t\t<\/div>\n\t\t\t\t<div class=\"elementor-element elementor-element-b6886e6 elementor-icon-list--layout-traditional elementor-list-item-link-full_width elementor-widget elementor-widget-icon-list\" data-id=\"b6886e6\" data-element_type=\"widget\" data-widget_type=\"icon-list.default\">\n\t\t\t\t<div class=\"elementor-widget-container\">\n\t\t\t\t\t\t\t<ul class=\"elementor-icon-list-items\">\n\t\t\t\t\t\t\t<li class=\"elementor-icon-list-item\">\n\t\t\t\t\t\t\t\t\t\t\t<a href=\"https:\/\/couponcabs.com\/de\/faq\/\">\n\n\t\t\t\t\t\t\t\t\t\t\t<span class=\"elementor-icon-list-text\">FAQ<\/span>\n\t\t\t\t\t\t\t\t\t\t\t<\/a>\n\t\t\t\t\t\t\t\t\t<\/li>\n\t\t\t\t\t\t<\/ul>\n\t\t\t\t\t\t<\/div>\n\t\t\t\t<\/div>\n\t\t\t\t<div class=\"elementor-element elementor-element-0737653 elementor-widget elementor-widget-heading\" data-id=\"0737653\" data-element_type=\"widget\" data-widget_type=\"heading.default\">\n\t\t\t\t<div class=\"elementor-widget-container\">\n\t\t\t\t\t<h2 class=\"elementor-heading-title elementor-size-default\">Legal<\/h2>\t\t\t\t<\/div>\n\t\t\t\t<\/div>\n\t\t\t\t<div class=\"elementor-element elementor-element-65cb11a elementor-widget-divider--view-line elementor-widget elementor-widget-divider\" data-id=\"65cb11a\" data-element_type=\"widget\" data-widget_type=\"divider.default\">\n\t\t\t\t<div class=\"elementor-widget-container\">\n\t\t\t\t\t\t\t<div class=\"elementor-divider\">\n\t\t\t<span class=\"elementor-divider-separator\">\n\t\t\t\t\t\t<\/span>\n\t\t<\/div>\n\t\t\t\t\t\t<\/div>\n\t\t\t\t<\/div>\n\t\t\t\t<div class=\"elementor-element elementor-element-d4b4212 elementor-icon-list--layout-traditional elementor-list-item-link-full_width elementor-widget elementor-widget-icon-list\" data-id=\"d4b4212\" data-element_type=\"widget\" data-widget_type=\"icon-list.default\">\n\t\t\t\t<div class=\"elementor-widget-container\">\n\t\t\t\t\t\t\t<ul class=\"elementor-icon-list-items\">\n\t\t\t\t\t\t\t<li class=\"elementor-icon-list-item\">\n\t\t\t\t\t\t\t\t\t\t\t<a href=\"https:\/\/couponcabs.com\/de\/nutzungsbedingungen\/\">\n\n\t\t\t\t\t\t\t\t\t\t\t<span class=\"elementor-icon-list-text\">Nutzungsbedingungen<\/span>\n\t\t\t\t\t\t\t\t\t\t\t<\/a>\n\t\t\t\t\t\t\t\t\t<\/li>\n\t\t\t\t\t\t\t\t<li class=\"elementor-icon-list-item\">\n\t\t\t\t\t\t\t\t\t\t\t<a href=\"https:\/\/couponcabs.com\/de\/datenschutzrichtlinie\/\">\n\n\t\t\t\t\t\t\t\t\t\t\t<span class=\"elementor-icon-list-text\">Datenschutzrichtlinie<\/span>\n\t\t\t\t\t\t\t\t\t\t\t<\/a>\n\t\t\t\t\t\t\t\t\t<\/li>\n\t\t\t\t\t\t<\/ul>\n\t\t\t\t\t\t<\/div>\n\t\t\t\t<\/div>\n\t\t\t\t<\/div>\n\t\t<div class=\"elementor-element elementor-element-c4da608 e-con-full e-flex e-con e-child\" data-id=\"c4da608\" data-element_type=\"container\" data-settings=\"{&quot;background_background&quot;:&quot;classic&quot;}\">\n\t\t\t\t<div class=\"elementor-element elementor-element-e917e99 elementor-widget elementor-widget-heading\" data-id=\"e917e99\" data-element_type=\"widget\" data-widget_type=\"heading.default\">\n\t\t\t\t<div class=\"elementor-widget-container\">\n\t\t\t\t\t<h2 class=\"elementor-heading-title elementor-size-default\">Nutzungsbedingungen<\/h2>\t\t\t\t<\/div>\n\t\t\t\t<\/div>\n\t\t\t\t<div class=\"elementor-element elementor-element-63601f4 elementor-widget elementor-widget-text-editor\" data-id=\"63601f4\" data-element_type=\"widget\" data-widget_type=\"text-editor.default\">\n\t\t\t\t<div class=\"elementor-widget-container\">\n\t\t\t\t\t\t\t\t\t<p>Willkommen bei Couponcabs!<\/p>\n<p>Diese Allgemeinen Gesch\u00e4ftsbedingungen beschreiben die Regeln und Vorschriften f\u00fcr die Nutzung der Website von Couponcabs unter https:\/\/couponcabs.com\/de\/.<\/p>\n<p>Durch den Zugriff auf diese Website gehen wir davon aus, dass Sie diese Allgemeinen Gesch\u00e4ftsbedingungen akzeptieren. Bitte nutzen Sie Couponcabs nicht weiter, wenn Sie nicht allen auf dieser Seite aufgef\u00fchrten Gesch\u00e4ftsbedingungen zustimmen.<\/p>\n<p>F\u00fcr diese Gesch\u00e4ftsbedingungen, die Datenschutzerkl\u00e4rung und den Haftungsausschluss sowie alle Vereinbarungen gilt die folgende Terminologie: \u201eKunde\u201c, \u201eSie\u201c und \u201eIhr\u201c beziehen sich auf Sie, die Person, die sich auf dieser Website anmeldet und die Gesch\u00e4ftsbedingungen des Unternehmens einh\u00e4lt. \u201eDas Unternehmen\u201c, \u201eunsere\u201c, \u201ewir\u201c, \u201eunser\u201c und \u201euns\u201c bezieht sich auf unser Unternehmen. \u201ePartei\u201c, \u201eParteien\u201c oder \u201eUns\u201c bezieht sich sowohl auf den Kunden als auch auf uns selbst. Alle Bedingungen beziehen sich auf das Angebot, die Annahme und die Gegenleistung f\u00fcr die Zahlung, die erforderlich ist, um den Prozess unserer Unterst\u00fctzung f\u00fcr den Kunden auf die am besten geeignete Weise durchzuf\u00fchren, mit dem ausdr\u00fccklichen Zweck, die Bed\u00fcrfnisse des Kunden in Bezug auf die Bereitstellung der angegebenen Dienstleistungen des Unternehmens gem\u00e4\u00df unseren Bestimmungen zu erf\u00fcllen geltendes Recht. Jegliche Verwendung der oben genannten Terminologie oder anderer W\u00f6rter im Singular, Plural, in Gro\u00df- und Kleinschreibung und\/oder er\/sie oder sie gelten als austauschbar und beziehen sich daher auf dasselbe.<\/p>\n<p><b>Kekse<\/b><\/p>\n<p>Wir verwenden Cookies. Durch den Zugriff auf Couponcabs haben Sie der Verwendung von Cookies in \u00dcbereinstimmung mit der Datenschutzrichtlinie von Couponcabs zugestimmt.<\/p>\n<p>Die meisten interaktiven Websites verwenden Cookies, damit wir uns bei jedem Besuch an Details \u00fcber den Benutzer erinnern k\u00f6nnen. Cookies werden von unserer Website verwendet, um die Funktionalit\u00e4t bestimmter Bereiche zu erm\u00f6glichen und den Besuchern unserer Website den Besuch zu erleichtern. Einige unserer Affiliate-\/Werbepartner verwenden m\u00f6glicherweise auch Cookies.<\/p>\n<p><b>Lizenz<\/b><\/p>\n<p>Sofern nicht anders angegeben, besitzen Couponcabs und\/oder seine Lizenzgeber die geistigen Eigentumsrechte f\u00fcr alle Materialien auf Couponcabs. Alle geistigen Eigentumsrechte bleiben vorbehalten. Sie k\u00f6nnen \u00fcber Couponcabs f\u00fcr Ihren pers\u00f6nlichen Gebrauch darauf zugreifen, vorbehaltlich der in diesen Allgemeinen Gesch\u00e4ftsbedingungen festgelegten Einschr\u00e4nkungen.<\/p>\n<p>Sie d\u00fcrfen nicht:<\/p>\n<ul>\n<li>Ver\u00f6ffentlichen Sie Material von Couponcabs erneut<\/li>\n<li>Verkaufen, vermieten oder unterlizenzieren Sie Material von Couponcabs<\/li>\n<li>Reproduzieren, duplizieren oder kopieren Sie Material von Couponcabs<\/li>\n<li>Verteilen Sie Inhalte von Couponcabs weiter<\/li>\n<\/ul>\n<p>Teile dieser Website bieten Benutzern die M\u00f6glichkeit, in bestimmten Bereichen der Website Meinungen und Informationen zu ver\u00f6ffentlichen und auszutauschen. Couponcabs filtert, bearbeitet, ver\u00f6ffentlicht oder \u00fcberpr\u00fcft Kommentare nicht, bevor sie auf der Website erscheinen. Kommentare spiegeln nicht die Ansichten und Meinungen von Couponcabs, seinen Vertretern und\/oder verbundenen Unternehmen wider. Kommentare spiegeln die Ansichten und Meinungen der Person wider, die ihre Ansichten und Meinungen ver\u00f6ffentlicht. Soweit gesetzlich zul\u00e4ssig, haftet Couponcabs nicht f\u00fcr die Kommentare oder f\u00fcr jegliche Haftung, Sch\u00e4den oder Ausgaben, die durch die Nutzung und\/oder Ver\u00f6ffentlichung und\/oder das Erscheinen der Kommentare dazu entstehen und\/oder erlitten werden Webseite.<\/p>\n<p>Couponcabs beh\u00e4lt sich das Recht vor, alle Kommentare zu \u00fcberwachen und alle Kommentare zu entfernen, die als unangemessen oder beleidigend angesehen werden k\u00f6nnen oder einen Versto\u00df gegen diese Allgemeinen Gesch\u00e4ftsbedingungen darstellen.<\/p>\n<p>Sie gew\u00e4hrleisten und sichern zu, dass:<\/p>\n<ul>\n<li>Sie sind berechtigt, die Kommentare auf unserer Website zu ver\u00f6ffentlichen und verf\u00fcgen \u00fcber alle daf\u00fcr erforderlichen Lizenzen und Einwilligungen;<\/li>\n<li>Die Kommentare verletzen keine Rechte an geistigem Eigentum, insbesondere nicht Urheberrechte, Patente oder Marken Dritter;<\/li>\n<li>Die Kommentare enthalten kein verleumderisches, verleumderisches, beleidigendes, unanst\u00e4ndiges oder anderweitig rechtswidriges Material, das einen Eingriff in die Privatsph\u00e4re darstellt<\/li>\n<li>Die Kommentare werden nicht dazu verwendet, Gesch\u00e4fte oder Br\u00e4uche anzupreisen oder zu f\u00f6rdern oder kommerzielle Aktivit\u00e4ten oder rechtswidrige Aktivit\u00e4ten darzustellen.<\/li>\n<\/ul>\n<p>Sie gew\u00e4hren Couponcabs hiermit eine nicht-exklusive Lizenz zur Nutzung, Vervielf\u00e4ltigung, Bearbeitung und erm\u00e4chtigen andere zur Nutzung, Vervielf\u00e4ltigung und Bearbeitung Ihrer Kommentare in allen Formen, Formaten und Medien.<\/p>\n<p><b>Hyperlink zu unseren Inhalten<\/b><\/p>\n<p>Die folgenden Organisationen d\u00fcrfen ohne vorherige schriftliche Genehmigung auf unsere Website verlinken:<\/p>\n<ul>\n<li>Regierungsbeh\u00f6rden;<\/li>\n<li>Suchmaschinen;<\/li>\n<li>Nachrichtenorganisationen;<\/li>\n<\/ul>\n<p>Online-Verzeichnisverteiler k\u00f6nnen Hyperlinks zu unserer Website auf die gleiche Weise erstellen, wie sie Hyperlinks zu den Websites anderer gelisteter Unternehmen erstellen. Und<br>Systemweit akkreditierte Unternehmen, mit Ausnahme von gemeinn\u00fctzigen Organisationen, Wohlt\u00e4tigkeitseinkaufszentren und Wohlt\u00e4tigkeits-Fundraising-Gruppen, die keinen Hyperlink auf unsere Website verweisen d\u00fcrfen.<\/p>\n<p>Diese Organisationen d\u00fcrfen auf unsere Homepage, auf Ver\u00f6ffentlichungen oder auf andere Website-Informationen verlinken, sofern der Link: (a) in keiner Weise irref\u00fchrend ist; (b) nicht f\u00e4lschlicherweise ein Sponsoring, eine Billigung oder Billigung der verlinkenden Partei und ihrer Produkte und\/oder Dienstleistungen impliziert; und (c) in den Kontext der Website der verlinkenden Partei passt.<\/p>\n<p>Wir k\u00f6nnen andere Linkanfragen der folgenden Arten von Organisationen ber\u00fccksichtigen und genehmigen:<\/p>\n<ul>\n<li>allgemein bekannte Informationsquellen f\u00fcr Verbraucher und\/oder Unternehmen;<\/li>\n<li>dot.com-Community-Sites;<\/li>\n<li>Vereine oder andere Gruppen, die Wohlt\u00e4tigkeitsorganisationen vertreten;<\/li>\n<li>Online-Verteiler von Verzeichnissen;<\/li>\n<li>Internetportale;<\/li>\n<li>Buchhaltungs-, Rechts- und Beratungsfirmen; Und<\/li>\n<li>Bildungseinrichtungen und Berufsverb\u00e4nde.<\/li>\n<\/ul>\n<p>Wir genehmigen Linkanfragen dieser Organisationen, wenn wir feststellen, dass: (a) der Link nicht dazu f\u00fchren w\u00fcrde, dass wir uns selbst oder unseren akkreditierten Unternehmen gegen\u00fcber negativ wirken; (b) die Organisation hat keine negative Bilanz bei uns; (c) der Nutzen, den uns die Sichtbarkeit des Hyperlinks bringt, kompensiert das Fehlen von Couponcabs; und (d) der Link steht im Kontext allgemeiner Ressourceninformationen.<\/p>\n<p style=\"text-align: var(--text-align); display: inline !important;\">Diese Organisationen d\u00fcrfen auf unsere Homepage verlinken, sofern der Link: (a) in keiner Weise irref\u00fchrend ist; (b) nicht f\u00e4lschlicherweise ein Sponsoring, eine Billigung oder Billigung der verlinkenden Partei und ihrer Produkte oder Dienstleistungen impliziert; und (c) in den Kontext der Website der verlinkenden Partei passt.<\/p>\n<p style=\"text-align: var(--text-align);\">Wenn Sie eine der in Absatz 2 oben aufgef\u00fchrten Organisationen sind und daran interessiert sind, auf unsere Website zu verlinken, m\u00fcssen Sie uns dies per E-Mail an Couponcabs mitteilen. Bitte geben Sie Ihren Namen, den Namen Ihrer Organisation, Kontaktinformationen sowie die URL Ihrer Website an, eine Liste aller URLs, von denen Sie auf unsere Website verlinken m\u00f6chten, und eine Liste der URLs auf unserer Website, zu denen Sie m\u00f6chten Link. Es kann 2-3 Wochen dauern, bis Sie eine Antwort erhalten.<\/p>\n<p style=\"text-align: var(--text-align);\">Zugelassene Organisationen k\u00f6nnen wie folgt auf unsere Website verlinken:<\/p>\n<ul>\n<li>Durch die Verwendung unseres Firmennamens; oder<\/li>\n<li>Durch die Verwendung des einheitlichen Ressourcen-Locators, mit dem verlinkt wird; oder<\/li>\n<li>Die Verwendung einer anderen Beschreibung unserer Website, auf die verlinkt wird, ist im Kontext und Format des Inhalts auf der Website der verlinkten Partei sinnvoll.<\/li>\n<\/ul>\n<p><b>Rahmen<\/b><\/p>\n<p>Ohne vorherige Genehmigung und schriftliche Genehmigung d\u00fcrfen Sie keine Frames um unsere Webseiten herum erstellen, die in irgendeiner Weise die visuelle Darstellung oder das Erscheinungsbild unserer Website ver\u00e4ndern.<\/p>\n<p><b>Haftung f\u00fcr Inhalte<\/b><\/p>\n<p>Wir \u00fcbernehmen keine Verantwortung f\u00fcr Inhalte, die auf Ihrer Website erscheinen. Sie erkl\u00e4ren sich damit einverstanden, uns gegen alle auf Ihrer Website erhobenen Anspr\u00fcche zu sch\u00fctzen und zu verteidigen. Auf einer Website d\u00fcrfen keine Links erscheinen, die als verleumderisch, obsz\u00f6n oder kriminell ausgelegt werden k\u00f6nnen oder die Rechte Dritter verletzen, anderweitig verletzen oder deren Verletzung oder sonstige Verletzung bef\u00fcrworten.<\/p>\n<p><b>Rechtsvorbehalt<\/b><\/p>\n<p>Wir behalten uns das Recht vor, Sie aufzufordern, alle Links oder einen bestimmten Link zu unserer Website zu entfernen. Sie erkl\u00e4ren sich damit einverstanden, alle Links zu unserer Website auf Anfrage unverz\u00fcglich zu entfernen. Wir behalten uns au\u00dferdem das Recht vor, diese Allgemeinen Gesch\u00e4ftsbedingungen und Verlinkungsrichtlinien jederzeit zu \u00e4ndern. Indem Sie kontinuierlich auf unsere Website verlinken, erkl\u00e4ren Sie sich damit einverstanden, an diese Verlinkungsbedingungen gebunden zu sein und diese zu befolgen.<\/p>\n<p><b>Entfernung von Links von unserer Website<\/b><\/p>\n<p>Wenn Sie auf unserer Website einen Link finden, der aus irgendeinem Grund anst\u00f6\u00dfig ist, k\u00f6nnen Sie uns jederzeit kontaktieren und uns informieren. Wir werden Anfragen zur Entfernung von Links ber\u00fccksichtigen, sind jedoch nicht verpflichtet, Ihnen direkt zu antworten.<\/p>\n<p>Wir \u00fcbernehmen keine Gew\u00e4hr f\u00fcr die Richtigkeit der Informationen auf dieser Website und \u00fcbernehmen keine Gew\u00e4hr f\u00fcr deren Vollst\u00e4ndigkeit oder Richtigkeit; Wir versprechen auch nicht, sicherzustellen, dass die Website verf\u00fcgbar bleibt oder dass das Material auf der Website auf dem neuesten Stand gehalten wird.<\/p>\n<p><b>Haftungsausschluss<\/b><\/p>\n<p>Soweit gesetzlich zul\u00e4ssig, schlie\u00dfen wir alle Zusicherungen, Gew\u00e4hrleistungen und Bedingungen im Zusammenhang mit unserer Website und der Nutzung dieser Website aus. Nichts in diesem Haftungsausschluss wird:<\/p>\n<p><ul><li>unsere oder Ihre Haftung f\u00fcr Tod oder K\u00f6rperverletzung einzuschr\u00e4nken oder auszuschlie\u00dfen;<\/li><li>unsere oder Ihre Haftung f\u00fcr Betrug oder arglistige Falschdarstellung einzuschr\u00e4nken oder auszuschlie\u00dfen;<\/li><li>Beschr\u00e4nken Sie unsere oder Ihre Verbindlichkeiten auf eine Weise, die nach geltendem Recht nicht zul\u00e4ssig ist; oder<\/li><li>schlie\u00dfen Sie jegliche unserer oder Ihrer Haftung aus, die nach geltendem Recht m\u00f6glicherweise nicht ausgeschlossen ist.<\/li><\/ul><\/p>\n<p>Die in diesem Abschnitt und an anderer Stelle in diesem Haftungsausschluss dargelegten Haftungsbeschr\u00e4nkungen und -verbote: (a) unterliegen dem vorstehenden Absatz; und (b) alle Haftungen regeln, die sich aus dem Haftungsausschluss ergeben, einschlie\u00dflich der Haftung aus Vertrag, unerlaubter Handlung und wegen Verletzung gesetzlicher Pflichten.<\/p>\n<p>Solange die Website und die Informationen und Dienste auf der Website kostenlos zur Verf\u00fcgung gestellt werden, haften wir nicht f\u00fcr Verluste oder Sch\u00e4den jeglicher Art.<\/p>\t\t\t\t\t\t\t\t<\/div>\n\t\t\t\t<\/div>\n\t\t\t\t<\/div>\n\t\t\t\t\t<\/div>\n\t\t\t\t<\/div>\n\t\t\t\t<\/div>\n\t\t","protected":false},"excerpt":{"rendered":"<p>\u00dcber Couponcabs.com und wie wir Coupons beschaffen Unser Unternehmen Karrieren Kontaktieren Sie uns FAQ Legal Nutzungsbedingungen Datenschutzrichtlinie Nutzungsbedingungen Willkommen bei Couponcabs! Diese Allgemeinen Gesch\u00e4ftsbedingungen beschreiben die Regeln und Vorschriften f\u00fcr die Nutzung der Website von Couponcabs unter https:\/\/couponcabs.com\/de\/. Durch den Zugriff auf diese Website gehen wir davon aus, dass Sie diese Allgemeinen Gesch\u00e4ftsbedingungen akzeptieren. Bitte [&hellip;]<\/p>\n","protected":false},"author":3,"featured_media":0,"parent":0,"menu_order":17,"comment_status":"closed","ping_status":"closed","template":"elementor_header_footer","meta":{"_acf_changed":false,"footnotes":""},"class_list":["post-5399","page","type-page","status-publish","hentry"],"acf":[],"yoast_head":"<!-- This site is optimized with the Yoast SEO plugin v26.5 - https:\/\/yoast.com\/wordpress\/plugins\/seo\/ -->\n<title>Nutzungsbedingungen - Couponcabs<\/title>\n<meta name=\"description\" content=\"Nutzungsbedingungen Couponcabs -\" \/>\n<meta name=\"robots\" content=\"index, follow, max-snippet:-1, max-image-preview:large, max-video-preview:-1\" \/>\n<link rel=\"canonical\" href=\"https:\/\/couponcabs.com\/de\/nutzungsbedingungen\/\" \/>\n<meta property=\"og:locale\" content=\"en_US\" \/>\n<meta property=\"og:type\" content=\"article\" \/>\n<meta property=\"og:title\" content=\"Nutzungsbedingungen - Couponcabs\" \/>\n<meta property=\"og:description\" content=\"Nutzungsbedingungen Couponcabs -\" \/>\n<meta property=\"og:url\" content=\"https:\/\/couponcabs.com\/de\/nutzungsbedingungen\/\" \/>\n<meta property=\"og:site_name\" content=\"Couponcabs\" \/>\n<meta property=\"article:modified_time\" content=\"2024-09-04T10:16:06+00:00\" \/>\n<meta name=\"twitter:card\" content=\"summary_large_image\" \/>\n<meta name=\"twitter:label1\" content=\"Est. reading time\" \/>\n\t<meta name=\"twitter:data1\" content=\"7 minutes\" \/>\n<script type=\"application\/ld+json\" class=\"yoast-schema-graph\">{\"@context\":\"https:\/\/schema.org\",\"@graph\":[{\"@type\":\"WebPage\",\"@id\":\"https:\/\/couponcabs.com\/de\/nutzungsbedingungen\/\",\"url\":\"https:\/\/couponcabs.com\/de\/nutzungsbedingungen\/\",\"name\":\"Nutzungsbedingungen - Couponcabs\",\"isPartOf\":{\"@id\":\"https:\/\/couponcabs.com\/de\/#website\"},\"datePublished\":\"2024-06-18T22:52:51+00:00\",\"dateModified\":\"2024-09-04T10:16:06+00:00\",\"description\":\"Nutzungsbedingungen Couponcabs -\",\"breadcrumb\":{\"@id\":\"https:\/\/couponcabs.com\/de\/nutzungsbedingungen\/#breadcrumb\"},\"inLanguage\":\"en-US\",\"potentialAction\":[{\"@type\":\"ReadAction\",\"target\":[\"https:\/\/couponcabs.com\/de\/nutzungsbedingungen\/\"]}]},{\"@type\":\"BreadcrumbList\",\"@id\":\"https:\/\/couponcabs.com\/de\/nutzungsbedingungen\/#breadcrumb\",\"itemListElement\":[{\"@type\":\"ListItem\",\"position\":1,\"name\":\"Home\",\"item\":\"https:\/\/couponcabs.com\/de\/\"},{\"@type\":\"ListItem\",\"position\":2,\"name\":\"Nutzungsbedingungen\"}]},{\"@type\":\"WebSite\",\"@id\":\"https:\/\/couponcabs.com\/de\/#website\",\"url\":\"https:\/\/couponcabs.com\/de\/\",\"name\":\"Couponcabs\",\"description\":\"Shopping Done Right\",\"publisher\":{\"@id\":\"https:\/\/couponcabs.com\/de\/#organization\"},\"potentialAction\":[{\"@type\":\"SearchAction\",\"target\":{\"@type\":\"EntryPoint\",\"urlTemplate\":\"https:\/\/couponcabs.com\/de\/?s={search_term_string}\"},\"query-input\":{\"@type\":\"PropertyValueSpecification\",\"valueRequired\":true,\"valueName\":\"search_term_string\"}}],\"inLanguage\":\"en-US\"},{\"@type\":\"Organization\",\"@id\":\"https:\/\/couponcabs.com\/de\/#organization\",\"name\":\"Couponcabs\",\"url\":\"https:\/\/couponcabs.com\/de\/\",\"logo\":{\"@type\":\"ImageObject\",\"inLanguage\":\"en-US\",\"@id\":\"https:\/\/couponcabs.com\/de\/#\/schema\/logo\/image\/\",\"url\":\"https:\/\/couponcabs.com\/de\/wp-content\/uploads\/2024\/06\/main-logo.png\",\"contentUrl\":\"https:\/\/couponcabs.com\/de\/wp-content\/uploads\/2024\/06\/main-logo.png\",\"width\":744,\"height\":307,\"caption\":\"Couponcabs\"},\"image\":{\"@id\":\"https:\/\/couponcabs.com\/de\/#\/schema\/logo\/image\/\"}}]}<\/script>\n<!-- \/ Yoast SEO plugin. -->","yoast_head_json":{"title":"Nutzungsbedingungen - Couponcabs","description":"Nutzungsbedingungen Couponcabs -","robots":{"index":"index","follow":"follow","max-snippet":"max-snippet:-1","max-image-preview":"max-image-preview:large","max-video-preview":"max-video-preview:-1"},"canonical":"https:\/\/couponcabs.com\/de\/nutzungsbedingungen\/","og_locale":"en_US","og_type":"article","og_title":"Nutzungsbedingungen - Couponcabs","og_description":"Nutzungsbedingungen Couponcabs -","og_url":"https:\/\/couponcabs.com\/de\/nutzungsbedingungen\/","og_site_name":"Couponcabs","article_modified_time":"2024-09-04T10:16:06+00:00","twitter_card":"summary_large_image","twitter_misc":{"Est. reading time":"7 minutes"},"schema":{"@context":"https:\/\/schema.org","@graph":[{"@type":"WebPage","@id":"https:\/\/couponcabs.com\/de\/nutzungsbedingungen\/","url":"https:\/\/couponcabs.com\/de\/nutzungsbedingungen\/","name":"Nutzungsbedingungen - Couponcabs","isPartOf":{"@id":"https:\/\/couponcabs.com\/de\/#website"},"datePublished":"2024-06-18T22:52:51+00:00","dateModified":"2024-09-04T10:16:06+00:00","description":"Nutzungsbedingungen Couponcabs -","breadcrumb":{"@id":"https:\/\/couponcabs.com\/de\/nutzungsbedingungen\/#breadcrumb"},"inLanguage":"en-US","potentialAction":[{"@type":"ReadAction","target":["https:\/\/couponcabs.com\/de\/nutzungsbedingungen\/"]}]},{"@type":"BreadcrumbList","@id":"https:\/\/couponcabs.com\/de\/nutzungsbedingungen\/#breadcrumb","itemListElement":[{"@type":"ListItem","position":1,"name":"Home","item":"https:\/\/couponcabs.com\/de\/"},{"@type":"ListItem","position":2,"name":"Nutzungsbedingungen"}]},{"@type":"WebSite","@id":"https:\/\/couponcabs.com\/de\/#website","url":"https:\/\/couponcabs.com\/de\/","name":"Couponcabs","description":"Shopping Done Right","publisher":{"@id":"https:\/\/couponcabs.com\/de\/#organization"},"potentialAction":[{"@type":"SearchAction","target":{"@type":"EntryPoint","urlTemplate":"https:\/\/couponcabs.com\/de\/?s={search_term_string}"},"query-input":{"@type":"PropertyValueSpecification","valueRequired":true,"valueName":"search_term_string"}}],"inLanguage":"en-US"},{"@type":"Organization","@id":"https:\/\/couponcabs.com\/de\/#organization","name":"Couponcabs","url":"https:\/\/couponcabs.com\/de\/","logo":{"@type":"ImageObject","inLanguage":"en-US","@id":"https:\/\/couponcabs.com\/de\/#\/schema\/logo\/image\/","url":"https:\/\/couponcabs.com\/de\/wp-content\/uploads\/2024\/06\/main-logo.png","contentUrl":"https:\/\/couponcabs.com\/de\/wp-content\/uploads\/2024\/06\/main-logo.png","width":744,"height":307,"caption":"Couponcabs"},"image":{"@id":"https:\/\/couponcabs.com\/de\/#\/schema\/logo\/image\/"}}]}},"_links":{"self":[{"href":"https:\/\/couponcabs.com\/de\/wp-json\/wp\/v2\/pages\/5399","targetHints":{"allow":["GET"]}}],"collection":[{"href":"https:\/\/couponcabs.com\/de\/wp-json\/wp\/v2\/pages"}],"about":[{"href":"https:\/\/couponcabs.com\/de\/wp-json\/wp\/v2\/types\/page"}],"author":[{"embeddable":true,"href":"https:\/\/couponcabs.com\/de\/wp-json\/wp\/v2\/users\/3"}],"replies":[{"embeddable":true,"href":"https:\/\/couponcabs.com\/de\/wp-json\/wp\/v2\/comments?post=5399"}],"version-history":[{"count":29,"href":"https:\/\/couponcabs.com\/de\/wp-json\/wp\/v2\/pages\/5399\/revisions"}],"predecessor-version":[{"id":13146,"href":"https:\/\/couponcabs.com\/de\/wp-json\/wp\/v2\/pages\/5399\/revisions\/13146"}],"wp:attachment":[{"href":"https:\/\/couponcabs.com\/de\/wp-json\/wp\/v2\/media?parent=5399"}],"curies":[{"name":"wp","href":"https:\/\/api.w.org\/{rel}","templated":true}]}}