{"id":2880,"date":"2024-06-05T22:36:01","date_gmt":"2024-06-05T22:36:01","guid":{"rendered":"https:\/\/couponcabs.com\/de\/?page_id=2880"},"modified":"2024-09-04T10:03:44","modified_gmt":"2024-09-04T10:03:44","slug":"faq","status":"publish","type":"page","link":"https:\/\/couponcabs.com\/de\/faq\/","title":{"rendered":"FAQ"},"content":{"rendered":"\t\t<div data-elementor-type=\"wp-page\" data-elementor-id=\"2880\" class=\"elementor elementor-2880\" data-elementor-post-type=\"page\">\n\t\t\t\t<div class=\"elementor-element elementor-element-0b1f4e2 e-flex e-con-boxed e-con e-parent\" data-id=\"0b1f4e2\" data-element_type=\"container\">\n\t\t\t\t\t<div class=\"e-con-inner\">\n\t\t<div class=\"elementor-element elementor-element-ad27131 e-con-full e-flex e-con e-child\" data-id=\"ad27131\" data-element_type=\"container\" data-settings=\"{&quot;background_background&quot;:&quot;classic&quot;}\">\n\t\t\t\t<div class=\"elementor-element elementor-element-57d3b5e elementor-widget elementor-widget-heading\" data-id=\"57d3b5e\" data-element_type=\"widget\" data-widget_type=\"heading.default\">\n\t\t\t\t<div class=\"elementor-widget-container\">\n\t\t\t\t\t<h2 class=\"elementor-heading-title elementor-size-default\">\u00dcber Couponcabs.com und wie wir Coupons beschaffen<\/h2>\t\t\t\t<\/div>\n\t\t\t\t<\/div>\n\t\t\t\t<div class=\"elementor-element elementor-element-88f06ee elementor-widget-divider--view-line elementor-widget elementor-widget-divider\" data-id=\"88f06ee\" data-element_type=\"widget\" data-widget_type=\"divider.default\">\n\t\t\t\t<div class=\"elementor-widget-container\">\n\t\t\t\t\t\t\t<div class=\"elementor-divider\">\n\t\t\t<span class=\"elementor-divider-separator\">\n\t\t\t\t\t\t<\/span>\n\t\t<\/div>\n\t\t\t\t\t\t<\/div>\n\t\t\t\t<\/div>\n\t\t\t\t<div class=\"elementor-element elementor-element-a4b71af elementor-icon-list--layout-traditional elementor-list-item-link-full_width elementor-widget elementor-widget-icon-list\" data-id=\"a4b71af\" data-element_type=\"widget\" data-widget_type=\"icon-list.default\">\n\t\t\t\t<div class=\"elementor-widget-container\">\n\t\t\t\t\t\t\t<ul class=\"elementor-icon-list-items\">\n\t\t\t\t\t\t\t<li class=\"elementor-icon-list-item\">\n\t\t\t\t\t\t\t\t\t\t\t<a href=\"https:\/\/couponcabs.com\/de\/unser-unternehmen\/\">\n\n\t\t\t\t\t\t\t\t\t\t\t<span class=\"elementor-icon-list-text\">Unser Unternehmen<\/span>\n\t\t\t\t\t\t\t\t\t\t\t<\/a>\n\t\t\t\t\t\t\t\t\t<\/li>\n\t\t\t\t\t\t\t\t<li class=\"elementor-icon-list-item\">\n\t\t\t\t\t\t\t\t\t\t\t<a href=\"https:\/\/couponcabs.com\/de\/karrieren\/\">\n\n\t\t\t\t\t\t\t\t\t\t\t<span class=\"elementor-icon-list-text\">Karrieren<\/span>\n\t\t\t\t\t\t\t\t\t\t\t<\/a>\n\t\t\t\t\t\t\t\t\t<\/li>\n\t\t\t\t\t\t<\/ul>\n\t\t\t\t\t\t<\/div>\n\t\t\t\t<\/div>\n\t\t\t\t<div class=\"elementor-element elementor-element-23b91c1 elementor-widget elementor-widget-heading\" data-id=\"23b91c1\" data-element_type=\"widget\" data-widget_type=\"heading.default\">\n\t\t\t\t<div class=\"elementor-widget-container\">\n\t\t\t\t\t<h2 class=\"elementor-heading-title elementor-size-default\">Kontaktieren Sie uns<\/h2>\t\t\t\t<\/div>\n\t\t\t\t<\/div>\n\t\t\t\t<div class=\"elementor-element elementor-element-34ff2f6 elementor-widget-divider--view-line elementor-widget elementor-widget-divider\" data-id=\"34ff2f6\" data-element_type=\"widget\" data-widget_type=\"divider.default\">\n\t\t\t\t<div class=\"elementor-widget-container\">\n\t\t\t\t\t\t\t<div class=\"elementor-divider\">\n\t\t\t<span class=\"elementor-divider-separator\">\n\t\t\t\t\t\t<\/span>\n\t\t<\/div>\n\t\t\t\t\t\t<\/div>\n\t\t\t\t<\/div>\n\t\t\t\t<div class=\"elementor-element elementor-element-4eca3cb elementor-icon-list--layout-traditional elementor-list-item-link-full_width elementor-widget elementor-widget-icon-list\" data-id=\"4eca3cb\" data-element_type=\"widget\" data-widget_type=\"icon-list.default\">\n\t\t\t\t<div class=\"elementor-widget-container\">\n\t\t\t\t\t\t\t<ul class=\"elementor-icon-list-items\">\n\t\t\t\t\t\t\t<li class=\"elementor-icon-list-item\">\n\t\t\t\t\t\t\t\t\t\t\t<a href=\"https:\/\/couponcabs.com\/de\/faq\/\">\n\n\t\t\t\t\t\t\t\t\t\t\t<span class=\"elementor-icon-list-text\">FAQ<\/span>\n\t\t\t\t\t\t\t\t\t\t\t<\/a>\n\t\t\t\t\t\t\t\t\t<\/li>\n\t\t\t\t\t\t<\/ul>\n\t\t\t\t\t\t<\/div>\n\t\t\t\t<\/div>\n\t\t\t\t<div class=\"elementor-element elementor-element-56e3b05 elementor-widget elementor-widget-heading\" data-id=\"56e3b05\" data-element_type=\"widget\" data-widget_type=\"heading.default\">\n\t\t\t\t<div class=\"elementor-widget-container\">\n\t\t\t\t\t<h2 class=\"elementor-heading-title elementor-size-default\">Legal<\/h2>\t\t\t\t<\/div>\n\t\t\t\t<\/div>\n\t\t\t\t<div class=\"elementor-element elementor-element-614bd6f elementor-widget-divider--view-line elementor-widget elementor-widget-divider\" data-id=\"614bd6f\" data-element_type=\"widget\" data-widget_type=\"divider.default\">\n\t\t\t\t<div class=\"elementor-widget-container\">\n\t\t\t\t\t\t\t<div class=\"elementor-divider\">\n\t\t\t<span class=\"elementor-divider-separator\">\n\t\t\t\t\t\t<\/span>\n\t\t<\/div>\n\t\t\t\t\t\t<\/div>\n\t\t\t\t<\/div>\n\t\t\t\t<div class=\"elementor-element elementor-element-450196e elementor-icon-list--layout-traditional elementor-list-item-link-full_width elementor-widget elementor-widget-icon-list\" data-id=\"450196e\" data-element_type=\"widget\" data-widget_type=\"icon-list.default\">\n\t\t\t\t<div class=\"elementor-widget-container\">\n\t\t\t\t\t\t\t<ul class=\"elementor-icon-list-items\">\n\t\t\t\t\t\t\t<li class=\"elementor-icon-list-item\">\n\t\t\t\t\t\t\t\t\t\t\t<a href=\"https:\/\/couponcabs.com\/de\/nutzungsbedingungen\/\">\n\n\t\t\t\t\t\t\t\t\t\t\t<span class=\"elementor-icon-list-text\">Nutzungsbedingungen<\/span>\n\t\t\t\t\t\t\t\t\t\t\t<\/a>\n\t\t\t\t\t\t\t\t\t<\/li>\n\t\t\t\t\t\t\t\t<li class=\"elementor-icon-list-item\">\n\t\t\t\t\t\t\t\t\t\t\t<a href=\"https:\/\/couponcabs.com\/de\/datenschutzrichtlinie\/\">\n\n\t\t\t\t\t\t\t\t\t\t\t<span class=\"elementor-icon-list-text\">Datenschutzrichtlinie<\/span>\n\t\t\t\t\t\t\t\t\t\t\t<\/a>\n\t\t\t\t\t\t\t\t\t<\/li>\n\t\t\t\t\t\t<\/ul>\n\t\t\t\t\t\t<\/div>\n\t\t\t\t<\/div>\n\t\t\t\t<\/div>\n\t\t<div class=\"elementor-element elementor-element-e98e159 e-con-full e-flex e-con e-child\" data-id=\"e98e159\" data-element_type=\"container\" data-settings=\"{&quot;background_background&quot;:&quot;classic&quot;}\">\n\t\t\t\t<div class=\"elementor-element elementor-element-03c5bb5 elementor-widget elementor-widget-heading\" data-id=\"03c5bb5\" data-element_type=\"widget\" data-widget_type=\"heading.default\">\n\t\t\t\t<div class=\"elementor-widget-container\">\n\t\t\t\t\t<h2 class=\"elementor-heading-title elementor-size-default\">FAQ\n<\/h2>\t\t\t\t<\/div>\n\t\t\t\t<\/div>\n\t\t\t\t<div class=\"elementor-element elementor-element-176ac9c elementor-widget elementor-widget-htmega-accordion-addons\" data-id=\"176ac9c\" data-element_type=\"widget\" data-widget_type=\"htmega-accordion-addons.default\">\n\t\t\t\t<div class=\"elementor-widget-container\">\n\t\t\t\t\t<div class=\"accordion\" id=\"accordionExample176ac9c\">                            <div class=\"single_accourdion htmega-icon-align-right\">\n\n                                <div class=\"htmega-accourdion-title\">\n                                    <h2 data-toggle=\"htbcollapse\" data-target=\"#htmega-collapse1176ac9c\" class=\"htb-collapsed htmega-items-hedding\">Was bedeutet \u201eAngebot erhalten\u201c? <span class=\"accourdion-icon close-accourdion\"><svg class=\"e-font-icon-svg e-fas-minus\" viewBox=\"0 0 448 512\" xmlns=\"http:\/\/www.w3.org\/2000\/svg\"><path d=\"M416 208H32c-17.67 0-32 14.33-32 32v32c0 17.67 14.33 32 32 32h384c17.67 0 32-14.33 32-32v-32c0-17.67-14.33-32-32-32z\"><\/path><\/svg><\/span><span class=\"accourdion-icon open-accourdion\"><svg class=\"e-font-icon-svg e-fas-plus\" viewBox=\"0 0 448 512\" xmlns=\"http:\/\/www.w3.org\/2000\/svg\"><path d=\"M416 208H272V64c0-17.67-14.33-32-32-32h-32c-17.67 0-32 14.33-32 32v144H32c-17.67 0-32 14.33-32 32v32c0 17.67 14.33 32 32 32h144v144c0 17.67 14.33 32 32 32h32c17.67 0 32-14.33 32-32V304h144c17.67 0 32-14.33 32-32v-32c0-17.67-14.33-32-32-32z\"><\/path><\/svg><\/span><\/h2>                                <\/div>\n\n                                <div id=\"htmega-collapse1176ac9c\" class=\"htb-collapse \" data-parent=\"#accordionExample176ac9c\" >\n                                    <div class=\"accordion-content\">\n                                        <p>F\u00fcr Angebote mit der Schaltfl\u00e4che \u201eAngebot anfordern\u201c ist kein Gutscheincode erforderlich, um das Angebot zu erhalten<br \/>Ersparnisse. Bei diesen Angeboten handelt es sich um Verkaufsbenachrichtigungen, die Sie dar\u00fcber informieren sollen, dass Sie bereits markierte erm\u00e4\u00dfigte Preise finden<br \/>auf der Website des Shops. In den meisten F\u00e4llen wird w\u00e4hrend des Bestellvorgangs kein zus\u00e4tzlicher Rabatt angezeigt.<br \/>Klicken Sie einfach auf die blaue Schaltfl\u00e4che \u201eAngebot anfordern\u201c auf Savings.com und Sie werden zur Website des Gesch\u00e4fts weitergeleitet<br \/>Sie k\u00f6nnen Ihre Eink\u00e4ufe erledigen.<\/p>                                    <\/div>\n                                <\/div>\n\n                            <\/div>\n\n                                                    <div class=\"single_accourdion htmega-icon-align-right\">\n\n                                <div class=\"htmega-accourdion-title\">\n                                    <h2 data-toggle=\"htbcollapse\" data-target=\"#htmega-collapse2176ac9c\" class=\"htb-collapsed htmega-items-hedding\">Wie viel kostet die Nutzung von Couponcabs.com? <span class=\"accourdion-icon close-accourdion\"><svg class=\"e-font-icon-svg e-fas-minus\" viewBox=\"0 0 448 512\" xmlns=\"http:\/\/www.w3.org\/2000\/svg\"><path d=\"M416 208H32c-17.67 0-32 14.33-32 32v32c0 17.67 14.33 32 32 32h384c17.67 0 32-14.33 32-32v-32c0-17.67-14.33-32-32-32z\"><\/path><\/svg><\/span><span class=\"accourdion-icon open-accourdion\"><svg class=\"e-font-icon-svg e-fas-plus\" viewBox=\"0 0 448 512\" xmlns=\"http:\/\/www.w3.org\/2000\/svg\"><path d=\"M416 208H272V64c0-17.67-14.33-32-32-32h-32c-17.67 0-32 14.33-32 32v144H32c-17.67 0-32 14.33-32 32v32c0 17.67 14.33 32 32 32h144v144c0 17.67 14.33 32 32 32h32c17.67 0 32-14.33 32-32V304h144c17.67 0 32-14.33 32-32v-32c0-17.67-14.33-32-32-32z\"><\/path><\/svg><\/span><\/h2>                                <\/div>\n\n                                <div id=\"htmega-collapse2176ac9c\" class=\"htb-collapse \" data-parent=\"#accordionExample176ac9c\" >\n                                    <div class=\"accordion-content\">\n                                        <p>Couponcabs.com ist ein 100 % kostenloser Service. Wir erheben NIEMALS Zahlungen von Bankkonten, Kreditkarten oder \u00c4hnlichem<br \/>andere Arten von Zahlungsinformationen von jedem, der unsere Website nutzt oder sich als Mitglied registriert.<\/p>                                    <\/div>\n                                <\/div>\n\n                            <\/div>\n\n                                                    <div class=\"single_accourdion htmega-icon-align-right\">\n\n                                <div class=\"htmega-accourdion-title\">\n                                    <h2 data-toggle=\"htbcollapse\" data-target=\"#htmega-collapse3176ac9c\" class=\"htb-collapsed htmega-items-hedding\">Ich bin verwirrt. Wie genau funktioniert Couponcabs.com? <span class=\"accourdion-icon close-accourdion\"><svg class=\"e-font-icon-svg e-fas-minus\" viewBox=\"0 0 448 512\" xmlns=\"http:\/\/www.w3.org\/2000\/svg\"><path d=\"M416 208H32c-17.67 0-32 14.33-32 32v32c0 17.67 14.33 32 32 32h384c17.67 0 32-14.33 32-32v-32c0-17.67-14.33-32-32-32z\"><\/path><\/svg><\/span><span class=\"accourdion-icon open-accourdion\"><svg class=\"e-font-icon-svg e-fas-plus\" viewBox=\"0 0 448 512\" xmlns=\"http:\/\/www.w3.org\/2000\/svg\"><path d=\"M416 208H272V64c0-17.67-14.33-32-32-32h-32c-17.67 0-32 14.33-32 32v144H32c-17.67 0-32 14.33-32 32v32c0 17.67 14.33 32 32 32h144v144c0 17.67 14.33 32 32 32h32c17.67 0 32-14.33 32-32V304h144c17.67 0 32-14.33 32-32v-32c0-17.67-14.33-32-32-32z\"><\/path><\/svg><\/span><\/h2>                                <\/div>\n\n                                <div id=\"htmega-collapse3176ac9c\" class=\"htb-collapse \" data-parent=\"#accordionExample176ac9c\" >\n                                    <div class=\"accordion-content\">\n                                        <p>Wir fassen Gutscheincodes, Verkaufsbenachrichtigungen und andere Angebote zusammen, sodass Sie sie alle an einem Ort finden k\u00f6nnen. W\u00e4hrend<br \/>Beim Durchsuchen unserer Website werden Sie drei verschiedene Arten von Angeboten sehen \u2026<\/p><p>Code abrufen \u2013 Angebote mit der Schaltfl\u00e4che \u201eCode abrufen\u201c erfordern einen Gutscheincode, um den zu erhalten<br \/>Ersparnisse. Klicken Sie auf die Schaltfl\u00e4che \u201eCode abrufen\u201c. Auf der linken Seite Ihres Bildschirms wird ein Popup mit dem angezeigt<br \/>Gutscheincode, den Sie ben\u00f6tigen. Sobald Sie die Artikel, die Sie kaufen m\u00f6chten, in Ihrem Warenkorb haben, kopieren Sie den Code<br \/>aus unserem Popup und f\u00fcgen Sie ihn in das Feld \u201eGutscheincode\u201c oder \u201eAktionscode\u201c auf der Website des Gesch\u00e4fts ein.<\/p><p>Angebot erhalten\u00a0\u2013 F\u00fcr Angebote mit der Schaltfl\u00e4che \u201eAngebot erhalten\u201c ist kein Gutscheincode erforderlich<br \/>die Ersparnisse erhalten. Bei diesen Angeboten handelt es sich um Verkaufsalarme, die Sie dar\u00fcber informieren sollen, dass Sie erm\u00e4\u00dfigte Preise finden k\u00f6nnen<br \/>bereits auf der Website des Shops markiert. In den meisten F\u00e4llen wird w\u00e4hrend der Aktion kein zus\u00e4tzlicher Rabatt gew\u00e4hrt<br \/>Bezahlvorgang. Klicken Sie einfach auf Savings.com auf die Schaltfl\u00e4che \u201eAngebot erhalten\u201c und Sie werden zum Gesch\u00e4ft weitergeleitet<br \/>Website, auf der Sie Ihre Eink\u00e4ufe erledigen k\u00f6nnen.<\/p><p>Gutschein ausdrucken\u00a0\u2013 Bei Angeboten mit der Schaltfl\u00e4che \u201eGutschein ausdrucken\u201c m\u00fcssen Sie einen Gutschein ausdrucken<br \/>und bringen Sie es in ein Gesch\u00e4ft, um die Ersparnisse zu erhalten. Es gibt nicht viele dieser Angebote<br \/>Savings.com, aber sie tauchen gelegentlich auf.<\/p>                                    <\/div>\n                                <\/div>\n\n                            <\/div>\n\n                        <\/div>\t\t\t\t<\/div>\n\t\t\t\t<\/div>\n\t\t\t\t<\/div>\n\t\t\t\t\t<\/div>\n\t\t\t\t<\/div>\n\t\t\t\t<\/div>\n\t\t","protected":false},"excerpt":{"rendered":"<p>\u00dcber Couponcabs.com und wie wir Coupons beschaffen Unser Unternehmen Karrieren Kontaktieren Sie uns FAQ Legal Nutzungsbedingungen Datenschutzrichtlinie FAQ Was bedeutet \u201eAngebot erhalten\u201c? F\u00fcr Angebote mit der Schaltfl\u00e4che \u201eAngebot anfordern\u201c ist kein Gutscheincode erforderlich, um das Angebot zu erhaltenErsparnisse. Bei diesen Angeboten handelt es sich um Verkaufsbenachrichtigungen, die Sie dar\u00fcber informieren sollen, dass Sie bereits markierte [&hellip;]<\/p>\n","protected":false},"author":3,"featured_media":0,"parent":0,"menu_order":8,"comment_status":"closed","ping_status":"closed","template":"elementor_header_footer","meta":{"_acf_changed":false,"footnotes":""},"class_list":["post-2880","page","type-page","status-publish","hentry"],"acf":[],"yoast_head":"<!-- This site is optimized with the Yoast SEO plugin v26.5 - https:\/\/yoast.com\/wordpress\/plugins\/seo\/ -->\n<title>FAQ - Couponcabs<\/title>\n<meta name=\"description\" content=\"FAQ Couponcabs -\" \/>\n<meta name=\"robots\" content=\"index, follow, max-snippet:-1, max-image-preview:large, max-video-preview:-1\" \/>\n<link rel=\"canonical\" href=\"https:\/\/couponcabs.com\/de\/faq\/\" \/>\n<meta property=\"og:locale\" content=\"en_US\" \/>\n<meta property=\"og:type\" content=\"article\" \/>\n<meta property=\"og:title\" content=\"FAQ - Couponcabs\" \/>\n<meta property=\"og:description\" content=\"FAQ Couponcabs -\" \/>\n<meta property=\"og:url\" content=\"https:\/\/couponcabs.com\/de\/faq\/\" \/>\n<meta property=\"og:site_name\" content=\"Couponcabs\" \/>\n<meta property=\"article:modified_time\" content=\"2024-09-04T10:03:44+00:00\" \/>\n<meta name=\"twitter:card\" content=\"summary_large_image\" \/>\n<meta name=\"twitter:label1\" content=\"Est. reading time\" \/>\n\t<meta name=\"twitter:data1\" content=\"2 minutes\" \/>\n<script type=\"application\/ld+json\" class=\"yoast-schema-graph\">{\"@context\":\"https:\/\/schema.org\",\"@graph\":[{\"@type\":\"WebPage\",\"@id\":\"https:\/\/couponcabs.com\/de\/faq\/\",\"url\":\"https:\/\/couponcabs.com\/de\/faq\/\",\"name\":\"FAQ - Couponcabs\",\"isPartOf\":{\"@id\":\"https:\/\/couponcabs.com\/de\/#website\"},\"datePublished\":\"2024-06-05T22:36:01+00:00\",\"dateModified\":\"2024-09-04T10:03:44+00:00\",\"description\":\"FAQ Couponcabs -\",\"breadcrumb\":{\"@id\":\"https:\/\/couponcabs.com\/de\/faq\/#breadcrumb\"},\"inLanguage\":\"en-US\",\"potentialAction\":[{\"@type\":\"ReadAction\",\"target\":[\"https:\/\/couponcabs.com\/de\/faq\/\"]}]},{\"@type\":\"BreadcrumbList\",\"@id\":\"https:\/\/couponcabs.com\/de\/faq\/#breadcrumb\",\"itemListElement\":[{\"@type\":\"ListItem\",\"position\":1,\"name\":\"Home\",\"item\":\"https:\/\/couponcabs.com\/de\/\"},{\"@type\":\"ListItem\",\"position\":2,\"name\":\"FAQ\"}]},{\"@type\":\"WebSite\",\"@id\":\"https:\/\/couponcabs.com\/de\/#website\",\"url\":\"https:\/\/couponcabs.com\/de\/\",\"name\":\"Couponcabs\",\"description\":\"Shopping Done Right\",\"publisher\":{\"@id\":\"https:\/\/couponcabs.com\/de\/#organization\"},\"potentialAction\":[{\"@type\":\"SearchAction\",\"target\":{\"@type\":\"EntryPoint\",\"urlTemplate\":\"https:\/\/couponcabs.com\/de\/?s={search_term_string}\"},\"query-input\":{\"@type\":\"PropertyValueSpecification\",\"valueRequired\":true,\"valueName\":\"search_term_string\"}}],\"inLanguage\":\"en-US\"},{\"@type\":\"Organization\",\"@id\":\"https:\/\/couponcabs.com\/de\/#organization\",\"name\":\"Couponcabs\",\"url\":\"https:\/\/couponcabs.com\/de\/\",\"logo\":{\"@type\":\"ImageObject\",\"inLanguage\":\"en-US\",\"@id\":\"https:\/\/couponcabs.com\/de\/#\/schema\/logo\/image\/\",\"url\":\"https:\/\/couponcabs.com\/de\/wp-content\/uploads\/2024\/06\/main-logo.png\",\"contentUrl\":\"https:\/\/couponcabs.com\/de\/wp-content\/uploads\/2024\/06\/main-logo.png\",\"width\":744,\"height\":307,\"caption\":\"Couponcabs\"},\"image\":{\"@id\":\"https:\/\/couponcabs.com\/de\/#\/schema\/logo\/image\/\"}}]}<\/script>\n<!-- \/ Yoast SEO plugin. -->","yoast_head_json":{"title":"FAQ - Couponcabs","description":"FAQ Couponcabs -","robots":{"index":"index","follow":"follow","max-snippet":"max-snippet:-1","max-image-preview":"max-image-preview:large","max-video-preview":"max-video-preview:-1"},"canonical":"https:\/\/couponcabs.com\/de\/faq\/","og_locale":"en_US","og_type":"article","og_title":"FAQ - Couponcabs","og_description":"FAQ Couponcabs -","og_url":"https:\/\/couponcabs.com\/de\/faq\/","og_site_name":"Couponcabs","article_modified_time":"2024-09-04T10:03:44+00:00","twitter_card":"summary_large_image","twitter_misc":{"Est. reading time":"2 minutes"},"schema":{"@context":"https:\/\/schema.org","@graph":[{"@type":"WebPage","@id":"https:\/\/couponcabs.com\/de\/faq\/","url":"https:\/\/couponcabs.com\/de\/faq\/","name":"FAQ - Couponcabs","isPartOf":{"@id":"https:\/\/couponcabs.com\/de\/#website"},"datePublished":"2024-06-05T22:36:01+00:00","dateModified":"2024-09-04T10:03:44+00:00","description":"FAQ Couponcabs -","breadcrumb":{"@id":"https:\/\/couponcabs.com\/de\/faq\/#breadcrumb"},"inLanguage":"en-US","potentialAction":[{"@type":"ReadAction","target":["https:\/\/couponcabs.com\/de\/faq\/"]}]},{"@type":"BreadcrumbList","@id":"https:\/\/couponcabs.com\/de\/faq\/#breadcrumb","itemListElement":[{"@type":"ListItem","position":1,"name":"Home","item":"https:\/\/couponcabs.com\/de\/"},{"@type":"ListItem","position":2,"name":"FAQ"}]},{"@type":"WebSite","@id":"https:\/\/couponcabs.com\/de\/#website","url":"https:\/\/couponcabs.com\/de\/","name":"Couponcabs","description":"Shopping Done Right","publisher":{"@id":"https:\/\/couponcabs.com\/de\/#organization"},"potentialAction":[{"@type":"SearchAction","target":{"@type":"EntryPoint","urlTemplate":"https:\/\/couponcabs.com\/de\/?s={search_term_string}"},"query-input":{"@type":"PropertyValueSpecification","valueRequired":true,"valueName":"search_term_string"}}],"inLanguage":"en-US"},{"@type":"Organization","@id":"https:\/\/couponcabs.com\/de\/#organization","name":"Couponcabs","url":"https:\/\/couponcabs.com\/de\/","logo":{"@type":"ImageObject","inLanguage":"en-US","@id":"https:\/\/couponcabs.com\/de\/#\/schema\/logo\/image\/","url":"https:\/\/couponcabs.com\/de\/wp-content\/uploads\/2024\/06\/main-logo.png","contentUrl":"https:\/\/couponcabs.com\/de\/wp-content\/uploads\/2024\/06\/main-logo.png","width":744,"height":307,"caption":"Couponcabs"},"image":{"@id":"https:\/\/couponcabs.com\/de\/#\/schema\/logo\/image\/"}}]}},"_links":{"self":[{"href":"https:\/\/couponcabs.com\/de\/wp-json\/wp\/v2\/pages\/2880","targetHints":{"allow":["GET"]}}],"collection":[{"href":"https:\/\/couponcabs.com\/de\/wp-json\/wp\/v2\/pages"}],"about":[{"href":"https:\/\/couponcabs.com\/de\/wp-json\/wp\/v2\/types\/page"}],"author":[{"embeddable":true,"href":"https:\/\/couponcabs.com\/de\/wp-json\/wp\/v2\/users\/3"}],"replies":[{"embeddable":true,"href":"https:\/\/couponcabs.com\/de\/wp-json\/wp\/v2\/comments?post=2880"}],"version-history":[{"count":25,"href":"https:\/\/couponcabs.com\/de\/wp-json\/wp\/v2\/pages\/2880\/revisions"}],"predecessor-version":[{"id":13130,"href":"https:\/\/couponcabs.com\/de\/wp-json\/wp\/v2\/pages\/2880\/revisions\/13130"}],"wp:attachment":[{"href":"https:\/\/couponcabs.com\/de\/wp-json\/wp\/v2\/media?parent=2880"}],"curies":[{"name":"wp","href":"https:\/\/api.w.org\/{rel}","templated":true}]}}