{"id":193,"date":"2021-07-03T12:11:12","date_gmt":"2021-07-03T12:11:12","guid":{"rendered":"https:\/\/demo.couponthemes.net\/savings-pro\/?page_id=193"},"modified":"2024-09-21T00:48:51","modified_gmt":"2024-09-21T00:48:51","slug":"uber-uns","status":"publish","type":"page","link":"https:\/\/couponcabs.com\/de\/uber-uns\/","title":{"rendered":"\u00dcber uns"},"content":{"rendered":"\t\t<div data-elementor-type=\"wp-page\" data-elementor-id=\"193\" class=\"elementor elementor-193\" data-elementor-post-type=\"page\">\n\t\t\t\t<div class=\"elementor-element elementor-element-01c9459 e-flex e-con-boxed e-con e-parent\" data-id=\"01c9459\" data-element_type=\"container\">\n\t\t\t\t\t<div class=\"e-con-inner\">\n\t\t<div class=\"elementor-element elementor-element-81920bb e-con-full e-flex e-con e-child\" data-id=\"81920bb\" data-element_type=\"container\" data-settings=\"{&quot;background_background&quot;:&quot;classic&quot;}\">\n\t\t\t\t<div class=\"elementor-element elementor-element-d3fd5aa elementor-widget elementor-widget-heading\" data-id=\"d3fd5aa\" data-element_type=\"widget\" data-widget_type=\"heading.default\">\n\t\t\t\t<div class=\"elementor-widget-container\">\n\t\t\t\t\t<h2 class=\"elementor-heading-title elementor-size-default\">About Couponcabs.com and How We Source Coupons<\/h2>\t\t\t\t<\/div>\n\t\t\t\t<\/div>\n\t\t\t\t<div class=\"elementor-element elementor-element-98d6739 elementor-widget-divider--view-line elementor-widget elementor-widget-divider\" data-id=\"98d6739\" data-element_type=\"widget\" data-widget_type=\"divider.default\">\n\t\t\t\t<div class=\"elementor-widget-container\">\n\t\t\t\t\t\t\t<div class=\"elementor-divider\">\n\t\t\t<span class=\"elementor-divider-separator\">\n\t\t\t\t\t\t<\/span>\n\t\t<\/div>\n\t\t\t\t\t\t<\/div>\n\t\t\t\t<\/div>\n\t\t\t\t<div class=\"elementor-element elementor-element-85c6bd9 elementor-icon-list--layout-traditional elementor-list-item-link-full_width elementor-widget elementor-widget-icon-list\" data-id=\"85c6bd9\" data-element_type=\"widget\" data-widget_type=\"icon-list.default\">\n\t\t\t\t<div class=\"elementor-widget-container\">\n\t\t\t\t\t\t\t<ul class=\"elementor-icon-list-items\">\n\t\t\t\t\t\t\t<li class=\"elementor-icon-list-item\">\n\t\t\t\t\t\t\t\t\t\t\t<a href=\"https:\/\/couponcabs.com\/de\/our-company\/\">\n\n\t\t\t\t\t\t\t\t\t\t\t<span class=\"elementor-icon-list-text\">Our Company<\/span>\n\t\t\t\t\t\t\t\t\t\t\t<\/a>\n\t\t\t\t\t\t\t\t\t<\/li>\n\t\t\t\t\t\t\t\t<li class=\"elementor-icon-list-item\">\n\t\t\t\t\t\t\t\t\t\t\t<a href=\"https:\/\/couponcabs.com\/de\/careers\/\">\n\n\t\t\t\t\t\t\t\t\t\t\t<span class=\"elementor-icon-list-text\">Careers<\/span>\n\t\t\t\t\t\t\t\t\t\t\t<\/a>\n\t\t\t\t\t\t\t\t\t<\/li>\n\t\t\t\t\t\t<\/ul>\n\t\t\t\t\t\t<\/div>\n\t\t\t\t<\/div>\n\t\t\t\t<div class=\"elementor-element elementor-element-eb1c45e elementor-widget elementor-widget-heading\" data-id=\"eb1c45e\" data-element_type=\"widget\" data-widget_type=\"heading.default\">\n\t\t\t\t<div class=\"elementor-widget-container\">\n\t\t\t\t\t<h2 class=\"elementor-heading-title elementor-size-default\">Contact Us<\/h2>\t\t\t\t<\/div>\n\t\t\t\t<\/div>\n\t\t\t\t<div class=\"elementor-element elementor-element-478cba5 elementor-widget-divider--view-line elementor-widget elementor-widget-divider\" data-id=\"478cba5\" data-element_type=\"widget\" data-widget_type=\"divider.default\">\n\t\t\t\t<div class=\"elementor-widget-container\">\n\t\t\t\t\t\t\t<div class=\"elementor-divider\">\n\t\t\t<span class=\"elementor-divider-separator\">\n\t\t\t\t\t\t<\/span>\n\t\t<\/div>\n\t\t\t\t\t\t<\/div>\n\t\t\t\t<\/div>\n\t\t\t\t<div class=\"elementor-element elementor-element-06cb375 elementor-icon-list--layout-traditional elementor-list-item-link-full_width elementor-widget elementor-widget-icon-list\" data-id=\"06cb375\" data-element_type=\"widget\" data-widget_type=\"icon-list.default\">\n\t\t\t\t<div class=\"elementor-widget-container\">\n\t\t\t\t\t\t\t<ul class=\"elementor-icon-list-items\">\n\t\t\t\t\t\t\t<li class=\"elementor-icon-list-item\">\n\t\t\t\t\t\t\t\t\t\t\t<a href=\"https:\/\/couponcabs.com\/de\/faq\/\">\n\n\t\t\t\t\t\t\t\t\t\t\t<span class=\"elementor-icon-list-text\">FAQ<\/span>\n\t\t\t\t\t\t\t\t\t\t\t<\/a>\n\t\t\t\t\t\t\t\t\t<\/li>\n\t\t\t\t\t\t<\/ul>\n\t\t\t\t\t\t<\/div>\n\t\t\t\t<\/div>\n\t\t\t\t<div class=\"elementor-element elementor-element-8a77899 elementor-widget elementor-widget-heading\" data-id=\"8a77899\" data-element_type=\"widget\" data-widget_type=\"heading.default\">\n\t\t\t\t<div class=\"elementor-widget-container\">\n\t\t\t\t\t<h2 class=\"elementor-heading-title elementor-size-default\">Legal<\/h2>\t\t\t\t<\/div>\n\t\t\t\t<\/div>\n\t\t\t\t<div class=\"elementor-element elementor-element-cccddc8 elementor-widget-divider--view-line elementor-widget elementor-widget-divider\" data-id=\"cccddc8\" data-element_type=\"widget\" data-widget_type=\"divider.default\">\n\t\t\t\t<div class=\"elementor-widget-container\">\n\t\t\t\t\t\t\t<div class=\"elementor-divider\">\n\t\t\t<span class=\"elementor-divider-separator\">\n\t\t\t\t\t\t<\/span>\n\t\t<\/div>\n\t\t\t\t\t\t<\/div>\n\t\t\t\t<\/div>\n\t\t\t\t<div class=\"elementor-element elementor-element-a5dd93c elementor-icon-list--layout-traditional elementor-list-item-link-full_width elementor-widget elementor-widget-icon-list\" data-id=\"a5dd93c\" data-element_type=\"widget\" data-widget_type=\"icon-list.default\">\n\t\t\t\t<div class=\"elementor-widget-container\">\n\t\t\t\t\t\t\t<ul class=\"elementor-icon-list-items\">\n\t\t\t\t\t\t\t<li class=\"elementor-icon-list-item\">\n\t\t\t\t\t\t\t\t\t\t<span class=\"elementor-icon-list-text\">Terms of Service<\/span>\n\t\t\t\t\t\t\t\t\t<\/li>\n\t\t\t\t\t\t\t\t<li class=\"elementor-icon-list-item\">\n\t\t\t\t\t\t\t\t\t\t\t<a href=\"https:\/\/couponcabs.com\/de\/5375-2\/\">\n\n\t\t\t\t\t\t\t\t\t\t\t<span class=\"elementor-icon-list-text\">Privacy Policy<\/span>\n\t\t\t\t\t\t\t\t\t\t\t<\/a>\n\t\t\t\t\t\t\t\t\t<\/li>\n\t\t\t\t\t\t<\/ul>\n\t\t\t\t\t\t<\/div>\n\t\t\t\t<\/div>\n\t\t\t\t<\/div>\n\t\t<div class=\"elementor-element elementor-element-8a6531c e-con-full e-flex e-con e-child\" data-id=\"8a6531c\" data-element_type=\"container\" data-settings=\"{&quot;background_background&quot;:&quot;classic&quot;}\">\n\t\t\t\t<div class=\"elementor-element elementor-element-df9cc3e elementor-widget elementor-widget-heading\" data-id=\"df9cc3e\" data-element_type=\"widget\" data-widget_type=\"heading.default\">\n\t\t\t\t<div class=\"elementor-widget-container\">\n\t\t\t\t\t<h2 class=\"elementor-heading-title elementor-size-default\">\u00dcber uns<\/h2>\t\t\t\t<\/div>\n\t\t\t\t<\/div>\n\t\t\t\t<div class=\"elementor-element elementor-element-b79fc7c elementor-widget elementor-widget-text-editor\" data-id=\"b79fc7c\" data-element_type=\"widget\" data-widget_type=\"text-editor.default\">\n\t\t\t\t<div class=\"elementor-widget-container\">\n\t\t\t\t\t\t\t\t\t<p><strong>Unsere Mission<\/strong><\/p><p>Unser Ziel bei <a href=\"http:\/\/Couponcabs.com\/de\">Couponcabs.com\/de<\/a> ist es, das Einkaufen f\u00fcr alle erschwinglicher zu machen. Seit 2007 haben wir uns der Aufgabe verschrieben, Menschen dabei zu helfen, bei ihren Eink\u00e4ufen sowohl online als auch im Gesch\u00e4ft Geld zu sparen. Dieses Engagement, unseren Nutzern die besten Angebote und Ersparnisse zu sichern, bleibt unver\u00e4ndert.<\/p><p>Mit Partnerschaften mit \u00fcber 5.000 Einzelh\u00e4ndlern und Restaurants ist unser in London ans\u00e4ssiges Team unerm\u00fcdlich dabei, exklusive Angebote \u00fcber unsere Website zu finden und bereitzustellen. Wir glauben, dass Geldsparen m\u00fchelos sein sollte, und das ist es, was uns jeden Tag antreibt.<\/p><p><strong>Unsere Geschichte<\/strong><\/p><p>Couponcabs wurde 2007 mit einer klaren Mission gegr\u00fcndet: K\u00e4ufern dabei zu helfen, beim Online-Shopping Geld zu sparen. Im Laufe der Jahre hat sich die Landschaft des Online-Shoppings weiterentwickelt, aber unser Engagement, unseren Mitgliedern erhebliche Einsparungen zu erm\u00f6glichen, bleibt das Herzst\u00fcck unserer Arbeit.<\/p><p><strong>Einfache Schritte zum Sparen<\/strong><\/p><ol><li>Suchen: Finden Sie die besten Angebote, indem Sie durch unsere umfangreiche Auswahl an Angeboten von Top-Marken st\u00f6bern.<\/li><li>Einkaufen: Nutzen Sie die Angebote, die Sie finden, um Ihre Eink\u00e4ufe bei Ihren Lieblingsh\u00e4ndlern zu t\u00e4tigen.<\/li><li>Sparen: Genie\u00dfen Sie die Ersparnisse, die Sie durch Couponcabs.com erzielt haben.<\/li><\/ol><p><strong>So verdienen wir Geld<\/strong><\/p><p>Unsere Plattform erzielt Einnahmen durch Provisionen von Marken, wenn Benutzer K\u00e4ufe \u00fcber Angebote unserer Website, App oder Browsererweiterung t\u00e4tigen. Diese kleinen Provisionen erm\u00f6glichen es uns, weiterhin erstklassige Ersparnisse anzubieten, ohne unseren Benutzern Kosten in Rechnung zu stellen. Unser Partnerschaftsteam arbeitet eng mit Hunderten von Einzelh\u00e4ndlern zusammen, um sicherzustellen, dass wir exklusive Angebote und die bestm\u00f6glichen Ersparnisse anbieten.<\/p><p>Dar\u00fcber hinaus zahlen einige Marken feste Geb\u00fchren f\u00fcr Werbung auf unserer Plattform. Wir legen jedoch Wert auf Qualit\u00e4t statt Quantit\u00e4t und stellen sicher, dass nur die besten Angebote auf unsere Website gelangen.<\/p><p><strong>Wir sind hier, um Ihnen zu helfen<\/strong><\/p><p>Bei <a href=\"http:\/\/Couponcabs.com\/de\">Couponcabs.com\/de<\/a> steht die Kundenzufriedenheit an erster Stelle. Wenn Sie Probleme mit unseren Angeboten haben, Hilfe bei einem Pr\u00e4miengutschein ben\u00f6tigen oder Fragen zu den Gesch\u00e4ftsbedingungen haben, steht Ihnen unser Support-Team gerne zur Verf\u00fcgung. Unsere freundlichen und sachkundigen Mitarbeiter beantworten gerne alle Ihre Fragen zu Rabattcodes.<\/p><p>F\u00fcr sofortige Hilfe bietet unser Support-Hub eine F\u00fclle von Tipps und Anleitungen, die viele h\u00e4ufig gestellte Fragen beantworten und sicherstellen, dass Sie die ben\u00f6tigte Hilfe genau dann erhalten, wenn Sie sie brauchen.<\/p>\t\t\t\t\t\t\t\t<\/div>\n\t\t\t\t<\/div>\n\t\t\t\t<\/div>\n\t\t\t\t\t<\/div>\n\t\t\t\t<\/div>\n\t\t\t\t<\/div>\n\t\t","protected":false},"excerpt":{"rendered":"<p>About Couponcabs.com and How We Source Coupons Our Company Careers Contact Us FAQ Legal Terms of Service Privacy Policy \u00dcber uns Unsere Mission Unser Ziel bei Couponcabs.com\/de ist es, das Einkaufen f\u00fcr alle erschwinglicher zu machen. Seit 2007 haben wir uns der Aufgabe verschrieben, Menschen dabei zu helfen, bei ihren Eink\u00e4ufen sowohl online als auch [&hellip;]<\/p>\n","protected":false},"author":3,"featured_media":0,"parent":0,"menu_order":1,"comment_status":"closed","ping_status":"closed","template":"","meta":{"_acf_changed":false,"footnotes":""},"class_list":["post-193","page","type-page","status-publish","hentry"],"acf":[],"yoast_head":"<!-- This site is optimized with the Yoast SEO plugin v26.5 - https:\/\/yoast.com\/wordpress\/plugins\/seo\/ -->\n<title>Couponcabs - \u00dcber uns<\/title>\n<meta name=\"description\" content=\"At Couponcabs.com, we have thousands of coupons and promo codes to help you save money when you shop at your favorite online stores...\" \/>\n<meta name=\"robots\" content=\"index, follow, max-snippet:-1, max-image-preview:large, max-video-preview:-1\" \/>\n<link rel=\"canonical\" href=\"https:\/\/couponcabs.com\/de\/uber-uns\/\" \/>\n<meta property=\"og:locale\" content=\"en_US\" \/>\n<meta property=\"og:type\" content=\"article\" \/>\n<meta property=\"og:title\" content=\"Couponcabs - \u00dcber uns\" \/>\n<meta property=\"og:description\" content=\"At Couponcabs.com, we have thousands of coupons and promo codes to help you save money when you shop at your favorite online stores...\" \/>\n<meta property=\"og:url\" content=\"https:\/\/couponcabs.com\/de\/uber-uns\/\" \/>\n<meta property=\"og:site_name\" content=\"Couponcabs\" \/>\n<meta property=\"article:modified_time\" content=\"2024-09-21T00:48:51+00:00\" \/>\n<meta name=\"twitter:card\" content=\"summary_large_image\" \/>\n<meta name=\"twitter:label1\" content=\"Est. reading time\" \/>\n\t<meta name=\"twitter:data1\" content=\"2 minutes\" \/>\n<script type=\"application\/ld+json\" class=\"yoast-schema-graph\">{\"@context\":\"https:\/\/schema.org\",\"@graph\":[{\"@type\":\"WebPage\",\"@id\":\"https:\/\/couponcabs.com\/de\/uber-uns\/\",\"url\":\"https:\/\/couponcabs.com\/de\/uber-uns\/\",\"name\":\"Couponcabs - \u00dcber uns\",\"isPartOf\":{\"@id\":\"https:\/\/couponcabs.com\/de\/#website\"},\"datePublished\":\"2021-07-03T12:11:12+00:00\",\"dateModified\":\"2024-09-21T00:48:51+00:00\",\"description\":\"At Couponcabs.com, we have thousands of coupons and promo codes to help you save money when you shop at your favorite online stores...\",\"breadcrumb\":{\"@id\":\"https:\/\/couponcabs.com\/de\/uber-uns\/#breadcrumb\"},\"inLanguage\":\"en-US\",\"potentialAction\":[{\"@type\":\"ReadAction\",\"target\":[\"https:\/\/couponcabs.com\/de\/uber-uns\/\"]}]},{\"@type\":\"BreadcrumbList\",\"@id\":\"https:\/\/couponcabs.com\/de\/uber-uns\/#breadcrumb\",\"itemListElement\":[{\"@type\":\"ListItem\",\"position\":1,\"name\":\"Home\",\"item\":\"https:\/\/couponcabs.com\/de\/\"},{\"@type\":\"ListItem\",\"position\":2,\"name\":\"\u00dcber uns\"}]},{\"@type\":\"WebSite\",\"@id\":\"https:\/\/couponcabs.com\/de\/#website\",\"url\":\"https:\/\/couponcabs.com\/de\/\",\"name\":\"Couponcabs\",\"description\":\"Shopping Done Right\",\"publisher\":{\"@id\":\"https:\/\/couponcabs.com\/de\/#organization\"},\"potentialAction\":[{\"@type\":\"SearchAction\",\"target\":{\"@type\":\"EntryPoint\",\"urlTemplate\":\"https:\/\/couponcabs.com\/de\/?s={search_term_string}\"},\"query-input\":{\"@type\":\"PropertyValueSpecification\",\"valueRequired\":true,\"valueName\":\"search_term_string\"}}],\"inLanguage\":\"en-US\"},{\"@type\":\"Organization\",\"@id\":\"https:\/\/couponcabs.com\/de\/#organization\",\"name\":\"Couponcabs\",\"url\":\"https:\/\/couponcabs.com\/de\/\",\"logo\":{\"@type\":\"ImageObject\",\"inLanguage\":\"en-US\",\"@id\":\"https:\/\/couponcabs.com\/de\/#\/schema\/logo\/image\/\",\"url\":\"https:\/\/couponcabs.com\/de\/wp-content\/uploads\/2024\/06\/main-logo.png\",\"contentUrl\":\"https:\/\/couponcabs.com\/de\/wp-content\/uploads\/2024\/06\/main-logo.png\",\"width\":744,\"height\":307,\"caption\":\"Couponcabs\"},\"image\":{\"@id\":\"https:\/\/couponcabs.com\/de\/#\/schema\/logo\/image\/\"}}]}<\/script>\n<!-- \/ Yoast SEO plugin. -->","yoast_head_json":{"title":"Couponcabs - \u00dcber uns","description":"At Couponcabs.com, we have thousands of coupons and promo codes to help you save money when you shop at your favorite online stores...","robots":{"index":"index","follow":"follow","max-snippet":"max-snippet:-1","max-image-preview":"max-image-preview:large","max-video-preview":"max-video-preview:-1"},"canonical":"https:\/\/couponcabs.com\/de\/uber-uns\/","og_locale":"en_US","og_type":"article","og_title":"Couponcabs - \u00dcber uns","og_description":"At Couponcabs.com, we have thousands of coupons and promo codes to help you save money when you shop at your favorite online stores...","og_url":"https:\/\/couponcabs.com\/de\/uber-uns\/","og_site_name":"Couponcabs","article_modified_time":"2024-09-21T00:48:51+00:00","twitter_card":"summary_large_image","twitter_misc":{"Est. reading time":"2 minutes"},"schema":{"@context":"https:\/\/schema.org","@graph":[{"@type":"WebPage","@id":"https:\/\/couponcabs.com\/de\/uber-uns\/","url":"https:\/\/couponcabs.com\/de\/uber-uns\/","name":"Couponcabs - \u00dcber uns","isPartOf":{"@id":"https:\/\/couponcabs.com\/de\/#website"},"datePublished":"2021-07-03T12:11:12+00:00","dateModified":"2024-09-21T00:48:51+00:00","description":"At Couponcabs.com, we have thousands of coupons and promo codes to help you save money when you shop at your favorite online stores...","breadcrumb":{"@id":"https:\/\/couponcabs.com\/de\/uber-uns\/#breadcrumb"},"inLanguage":"en-US","potentialAction":[{"@type":"ReadAction","target":["https:\/\/couponcabs.com\/de\/uber-uns\/"]}]},{"@type":"BreadcrumbList","@id":"https:\/\/couponcabs.com\/de\/uber-uns\/#breadcrumb","itemListElement":[{"@type":"ListItem","position":1,"name":"Home","item":"https:\/\/couponcabs.com\/de\/"},{"@type":"ListItem","position":2,"name":"\u00dcber uns"}]},{"@type":"WebSite","@id":"https:\/\/couponcabs.com\/de\/#website","url":"https:\/\/couponcabs.com\/de\/","name":"Couponcabs","description":"Shopping Done Right","publisher":{"@id":"https:\/\/couponcabs.com\/de\/#organization"},"potentialAction":[{"@type":"SearchAction","target":{"@type":"EntryPoint","urlTemplate":"https:\/\/couponcabs.com\/de\/?s={search_term_string}"},"query-input":{"@type":"PropertyValueSpecification","valueRequired":true,"valueName":"search_term_string"}}],"inLanguage":"en-US"},{"@type":"Organization","@id":"https:\/\/couponcabs.com\/de\/#organization","name":"Couponcabs","url":"https:\/\/couponcabs.com\/de\/","logo":{"@type":"ImageObject","inLanguage":"en-US","@id":"https:\/\/couponcabs.com\/de\/#\/schema\/logo\/image\/","url":"https:\/\/couponcabs.com\/de\/wp-content\/uploads\/2024\/06\/main-logo.png","contentUrl":"https:\/\/couponcabs.com\/de\/wp-content\/uploads\/2024\/06\/main-logo.png","width":744,"height":307,"caption":"Couponcabs"},"image":{"@id":"https:\/\/couponcabs.com\/de\/#\/schema\/logo\/image\/"}}]}},"_links":{"self":[{"href":"https:\/\/couponcabs.com\/de\/wp-json\/wp\/v2\/pages\/193","targetHints":{"allow":["GET"]}}],"collection":[{"href":"https:\/\/couponcabs.com\/de\/wp-json\/wp\/v2\/pages"}],"about":[{"href":"https:\/\/couponcabs.com\/de\/wp-json\/wp\/v2\/types\/page"}],"author":[{"embeddable":true,"href":"https:\/\/couponcabs.com\/de\/wp-json\/wp\/v2\/users\/3"}],"replies":[{"embeddable":true,"href":"https:\/\/couponcabs.com\/de\/wp-json\/wp\/v2\/comments?post=193"}],"version-history":[{"count":14,"href":"https:\/\/couponcabs.com\/de\/wp-json\/wp\/v2\/pages\/193\/revisions"}],"predecessor-version":[{"id":13446,"href":"https:\/\/couponcabs.com\/de\/wp-json\/wp\/v2\/pages\/193\/revisions\/13446"}],"wp:attachment":[{"href":"https:\/\/couponcabs.com\/de\/wp-json\/wp\/v2\/media?parent=193"}],"curies":[{"name":"wp","href":"https:\/\/api.w.org\/{rel}","templated":true}]}}